{"id":1306,"date":"2016-12-05T15:10:25","date_gmt":"2016-12-05T15:10:25","guid":{"rendered":"https:\/\/depeco.econo.unlp.edu.ar\/?page_id=1306"},"modified":"2017-09-01T19:17:47","modified_gmt":"2017-09-01T19:17:47","slug":"serie-trabajos-docentes","status":"publish","type":"page","link":"https:\/\/depeco.econo.unlp.edu.ar\/?page_id=1306","title":{"rendered":"SERIE TRABAJOS DOCENTES"},"content":{"rendered":"<p>[vc_row content_placement=\u00bbtop\u00bb bg_image=\u00bb2083&#8243; dt_parallax_inertia=\u00bb0&#8243;][vc_column][vc_row_inner][vc_column_inner]<div style=\"clear:both; width:100%; height:25px\"><\/div>[vc_column_text]<\/p>\n<h2><span style=\"color: #ffffff;\">SERIE TRABAJOS DOCENTES<\/span><\/h2>\n<p>[\/vc_column_text][\/vc_column_inner][\/vc_row_inner][\/vc_column][\/vc_row][vc_row dt_row_type=\u00bbin_container\u00bb][vc_column]<div style=\"clear:both; width:100%; height:20px\"><\/div>[vc_column_text css=\u00bb.vc_custom_1496159612452{padding-top: 20px !important;padding-right: 20px !important;padding-bottom: 20px !important;padding-left: 20px !important;background-color: #eaeaea !important;}\u00bb]<\/p>\n<h4>En la Serie Trabajos Docentes se incluyen aportes para la docencia surgidos como resultado de la experiencia en el dictado de clases de los profesores de nuestro Departamento. Constituyen un complemento en temas espec\u00edficos de la bibliograf\u00eda detallada como parte de los programas de las materias. <!--Los interesados en publicar su trabajo en esta Serie pueden encontrar instrucciones aqu\u00ed.--> Los Trabajos docentes est\u00e1n disponibles \u00fanicamente en formato PDF. ISSN 2347-0313.<\/h4>\n<p>[\/vc_column_text]<div class=\"blog-page\"><section class=\"blog-masonry vc_blog_shortcode on-one-column isotope\">\r\n<article id=\"post-3550\" class=\"post post-masonry post-3550 type-post status-publish format-link hentry category-serie-trabajos-docentes post_format-post-format-link\">\r\n\r\n\t<div class=\"post-content format-link\">\r\n\t\t\t\t\t<h3 class=\"masonry-title\"><a href=\"https:\/\/depeco.econo.unlp.edu.ar\/wp-content\/uploads\/2017\/09\/docen17.pdf\"  rel=\"\"  title=\"Nro. 17 (Junio 2017). Mart\u00edn Guzman, Daniel Heymann y Germ\u00e1n Reyes. \u00abSobre el Rango de Validez de los Modelos Econ\u00f3micos\u00bb (Moneda, Cr\u00e9dito y Bancos).\" target=\"_blank\" >Nro. 17 (Junio 2017). Mart\u00edn Guzman, Daniel Heymann y Germ\u00e1n Reyes. \u00abSobre el Rango de Validez de los Modelos Econ\u00f3micos\u00bb (Moneda, Cr\u00e9dito y Bancos).<\/a><\/h3>\r\n\t\t\t\t\r\n\t\r\n\t\t<span class=\"post-meta\">\r\n\t\t\t<i class=\"for-sticky fa fa-exclamation\"><\/i><i class=\"fa fa-link\"><\/i>\r\n\t\t\t<em>16 septiembre, 2017<\/em>\t\t<\/span>\t\t\t\t\t\r\n\t\t<div class=\"clear\"><\/div>\r\n\t\r\n\t<\/div><!--end post-content-->\r\n\t\r\n<\/article><!-- #post -->\r\n<article id=\"post-2149\" class=\"post post-masonry post-2149 type-post status-publish format-link hentry category-serie-trabajos-docentes post_format-post-format-link\">\r\n\r\n\t<div class=\"post-content format-link\">\r\n\t\t\t\t\t<h3 class=\"masonry-title\"><a href=\"\/wp-content\/uploads\/2017\/05\/docen16.pdf\"  rel=\"\"  title=\"Nro. 16 (Mayo 2014). Germ\u00e1n J. Reyes. \u00abLos Bancos y la Creaci\u00f3n de Liquidez\u00bb (Moneda, Cr\u00e9dito y Bancos).\" target=\"_blank\" >Nro. 16 (Mayo 2014). Germ\u00e1n J. Reyes. \u00abLos Bancos y la Creaci\u00f3n de Liquidez\u00bb (Moneda, Cr\u00e9dito y Bancos).<\/a><\/h3>\r\n\t\t\t\t\r\n\t\r\n\t\t<span class=\"post-meta\">\r\n\t\t\t<i class=\"for-sticky fa fa-exclamation\"><\/i><i class=\"fa fa-link\"><\/i>\r\n\t\t\t<em>30 mayo, 2017<\/em>\t\t<\/span>\t\t\t\t\t\r\n\t\t<div class=\"clear\"><\/div>\r\n\t\r\n\t<\/div><!--end post-content-->\r\n\t\r\n<\/article><!-- #post -->\r\n<article id=\"post-2147\" class=\"post post-masonry post-2147 type-post status-publish format-link hentry category-serie-trabajos-docentes post_format-post-format-link\">\r\n\r\n\t<div class=\"post-content format-link\">\r\n\t\t\t\t\t<h3 class=\"masonry-title\"><a href=\"\/wp-content\/uploads\/2017\/05\/docen15.pdf\"  rel=\"\"  title=\"Nro. 15 (Diciembre 2013). Horacio L. P. Piffano. \u00abLas Finanzas P\u00fablicas, la Contabilidad P\u00fablica y el Derecho Tributario y Financiero\u00bb (An\u00e1lisis de Coyuntura y Previsi\u00f3n Econ\u00f3mica).\" target=\"_blank\" >Nro. 15 (Diciembre 2013). Horacio L. P. Piffano. \u00abLas Finanzas P\u00fablicas, la Contabilidad P\u00fablica y el Derecho Tributario y Financiero\u00bb (An\u00e1lisis de Coyuntura y Previsi\u00f3n Econ\u00f3mica).<\/a><\/h3>\r\n\t\t\t\t\r\n\t\r\n\t\t<span class=\"post-meta\">\r\n\t\t\t<i class=\"for-sticky fa fa-exclamation\"><\/i><i class=\"fa fa-link\"><\/i>\r\n\t\t\t<em>30 mayo, 2017<\/em>\t\t<\/span>\t\t\t\t\t\r\n\t\t<div class=\"clear\"><\/div>\r\n\t\r\n\t<\/div><!--end post-content-->\r\n\t\r\n<\/article><!-- #post -->\r\n<article id=\"post-2145\" class=\"post post-masonry post-2145 type-post status-publish format-link hentry category-serie-trabajos-docentes post_format-post-format-link\">\r\n\r\n\t<div class=\"post-content format-link\">\r\n\t\t\t\t\t<h3 class=\"masonry-title\"><a href=\"\/wp-content\/uploads\/2017\/05\/docen14.pdf\"  rel=\"\"  title=\"Nro. 14 (Marzo 2012). Manuel R. Moreno. \u00abCompetitividad: Causas y Efectos del Comercio Internacional \u2013 La Performance Argentina\u00bb (An\u00e1lisis de Coyuntura y Previsi\u00f3n Econ\u00f3mica).\" target=\"_blank\" >Nro. 14 (Marzo 2012). Manuel R. Moreno. \u00abCompetitividad: Causas y Efectos del Comercio Internacional \u2013 La Performance Argentina\u00bb (An\u00e1lisis de Coyuntura y Previsi\u00f3n Econ\u00f3mica).<\/a><\/h3>\r\n\t\t\t\t\r\n\t\r\n\t\t<span class=\"post-meta\">\r\n\t\t\t<i class=\"for-sticky fa fa-exclamation\"><\/i><i class=\"fa fa-link\"><\/i>\r\n\t\t\t<em>30 mayo, 2017<\/em>\t\t<\/span>\t\t\t\t\t\r\n\t\t<div class=\"clear\"><\/div>\r\n\t\r\n\t<\/div><!--end post-content-->\r\n\t\r\n<\/article><!-- #post -->\r\n<article id=\"post-2143\" class=\"post post-masonry post-2143 type-post status-publish format-link hentry category-serie-trabajos-docentes post_format-post-format-link\">\r\n\r\n\t<div class=\"post-content format-link\">\r\n\t\t\t\t\t<h3 class=\"masonry-title\"><a href=\"\/wp-content\/uploads\/2017\/05\/docen13.pdf\"  rel=\"\"  title=\"Nro. 13 (Julio 2011) (Actualizado Agosto 2012). Mario L. Szychowski. \u00abConceptos Relevantes Derivados del Producto Agregado\u00bb (Macroeconom\u00eda I).\" target=\"_blank\" >Nro. 13 (Julio 2011) (Actualizado Agosto 2012). Mario L. Szychowski. \u00abConceptos Relevantes Derivados del Producto Agregado\u00bb (Macroeconom\u00eda I).<\/a><\/h3>\r\n\t\t\t\t\r\n\t\r\n\t\t<span class=\"post-meta\">\r\n\t\t\t<i class=\"for-sticky fa fa-exclamation\"><\/i><i class=\"fa fa-link\"><\/i>\r\n\t\t\t<em>30 mayo, 2017<\/em>\t\t<\/span>\t\t\t\t\t\r\n\t\t<div class=\"clear\"><\/div>\r\n\t\r\n\t<\/div><!--end post-content-->\r\n\t\r\n<\/article><!-- #post -->\r\n<article id=\"post-2141\" class=\"post post-masonry post-2141 type-post status-publish format-link hentry category-serie-trabajos-docentes post_format-post-format-link\">\r\n\r\n\t<div class=\"post-content format-link\">\r\n\t\t\t\t\t<h3 class=\"masonry-title\"><a href=\"\/wp-content\/uploads\/2017\/05\/docen12.pdf\"  rel=\"\"  title=\"Nro. 12 (Febrero 2011). Marcelo Garriga. \u00abIncentivos Econ\u00f3micos para un Manejo Eficiente de la Generaci\u00f3n y Disposici\u00f3n de Residuos\u00bb (Finanzas P\u00fablicas II).\" target=\"_blank\" >Nro. 12 (Febrero 2011). Marcelo Garriga. \u00abIncentivos Econ\u00f3micos para un Manejo Eficiente de la Generaci\u00f3n y Disposici\u00f3n de Residuos\u00bb (Finanzas P\u00fablicas II).<\/a><\/h3>\r\n\t\t\t\t\r\n\t\r\n\t\t<span class=\"post-meta\">\r\n\t\t\t<i class=\"for-sticky fa fa-exclamation\"><\/i><i class=\"fa fa-link\"><\/i>\r\n\t\t\t<em>30 mayo, 2017<\/em>\t\t<\/span>\t\t\t\t\t\r\n\t\t<div class=\"clear\"><\/div>\r\n\t\r\n\t<\/div><!--end post-content-->\r\n\t\r\n<\/article><!-- #post -->\r\n<article id=\"post-2139\" class=\"post post-masonry post-2139 type-post status-publish format-link hentry category-serie-trabajos-docentes post_format-post-format-link\">\r\n\r\n\t<div class=\"post-content format-link\">\r\n\t\t\t\t\t<h3 class=\"masonry-title\"><a href=\"\/wp-content\/uploads\/2017\/05\/docen11.pdf\"  rel=\"\"  title=\"Nro. 11 (Noviembre 2010). Mart\u00edn Guzm\u00e1n. \u00abDecisiones Bajo Incertidumbre\u00bb (Moneda, Cr\u00e9dito y Bancos).\" target=\"_blank\" >Nro. 11 (Noviembre 2010). Mart\u00edn Guzm\u00e1n. \u00abDecisiones Bajo Incertidumbre\u00bb (Moneda, Cr\u00e9dito y Bancos).<\/a><\/h3>\r\n\t\t\t\t\r\n\t\r\n\t\t<span class=\"post-meta\">\r\n\t\t\t<i class=\"for-sticky fa fa-exclamation\"><\/i><i class=\"fa fa-link\"><\/i>\r\n\t\t\t<em>30 mayo, 2017<\/em>\t\t<\/span>\t\t\t\t\t\r\n\t\t<div class=\"clear\"><\/div>\r\n\t\r\n\t<\/div><!--end post-content-->\r\n\t\r\n<\/article><!-- #post -->\r\n<article id=\"post-2137\" class=\"post post-masonry post-2137 type-post status-publish format-link hentry category-serie-trabajos-docentes post_format-post-format-link\">\r\n\r\n\t<div class=\"post-content format-link\">\r\n\t\t\t\t\t<h3 class=\"masonry-title\"><a href=\"\/wp-content\/uploads\/2017\/05\/docen10.pdf\"  rel=\"\"  title=\"Nro. 10 (julio 2005). Camilo Rubbini. \u00abDecisiones Bajo Incertidumbre\u00bb (Microeconom\u00eda II).\" target=\"_blank\" >Nro. 10 (julio 2005). Camilo Rubbini. \u00abDecisiones Bajo Incertidumbre\u00bb (Microeconom\u00eda II).<\/a><\/h3>\r\n\t\t\t\t\r\n\t\r\n\t\t<span class=\"post-meta\">\r\n\t\t\t<i class=\"for-sticky fa fa-exclamation\"><\/i><i class=\"fa fa-link\"><\/i>\r\n\t\t\t<em>30 mayo, 2017<\/em>\t\t<\/span>\t\t\t\t\t\r\n\t\t<div class=\"clear\"><\/div>\r\n\t\r\n\t<\/div><!--end post-content-->\r\n\t\r\n<\/article><!-- #post -->\r\n<article id=\"post-2135\" class=\"post post-masonry post-2135 type-post status-publish format-link hentry category-serie-trabajos-docentes post_format-post-format-link\">\r\n\r\n\t<div class=\"post-content format-link\">\r\n\t\t\t\t\t<h3 class=\"masonry-title\"><a href=\"\/wp-content\/uploads\/2017\/05\/docen9.pdf\"  rel=\"\"  title=\"Nro. 9 (junio 2005). Alberto Porto. \u00abMicroeconom\u00eda II (Notas de Clase)\u00bb.\" target=\"_blank\" >Nro. 9 (junio 2005). Alberto Porto. \u00abMicroeconom\u00eda II (Notas de Clase)\u00bb.<\/a><\/h3>\r\n\t\t\t\t\r\n\t\r\n\t\t<span class=\"post-meta\">\r\n\t\t\t<i class=\"for-sticky fa fa-exclamation\"><\/i><i class=\"fa fa-link\"><\/i>\r\n\t\t\t<em>30 mayo, 2017<\/em>\t\t<\/span>\t\t\t\t\t\r\n\t\t<div class=\"clear\"><\/div>\r\n\t\r\n\t<\/div><!--end post-content-->\r\n\t\r\n<\/article><!-- #post -->\r\n<article id=\"post-2133\" class=\"post post-masonry post-2133 type-post status-publish format-link hentry category-serie-trabajos-docentes post_format-post-format-link\">\r\n\r\n\t<div class=\"post-content format-link\">\r\n\t\t\t\t\t<h3 class=\"masonry-title\"><a href=\"\/wp-content\/uploads\/2017\/05\/docen8.pdf\"  rel=\"\"  title=\"Nro. 8 (febrero 2005). Daniel E. Solari. \u00abIntroducci\u00f3n a la Econom\u00eda y Estructura Econ\u00f3mica Argentina (Notas de Clase)\u00bb.\" target=\"_blank\" >Nro. 8 (febrero 2005). Daniel E. Solari. \u00abIntroducci\u00f3n a la Econom\u00eda y Estructura Econ\u00f3mica Argentina (Notas de Clase)\u00bb.<\/a><\/h3>\r\n\t\t\t\t\r\n\t\r\n\t\t<span class=\"post-meta\">\r\n\t\t\t<i class=\"for-sticky fa fa-exclamation\"><\/i><i class=\"fa fa-link\"><\/i>\r\n\t\t\t<em>30 mayo, 2017<\/em>\t\t<\/span>\t\t\t\t\t\r\n\t\t<div class=\"clear\"><\/div>\r\n\t\r\n\t<\/div><!--end post-content-->\r\n\t\r\n<\/article><!-- #post -->\r\n<article id=\"post-2131\" class=\"post post-masonry post-2131 type-post status-publish format-link hentry category-serie-trabajos-docentes post_format-post-format-link\">\r\n\r\n\t<div class=\"post-content format-link\">\r\n\t\t\t\t\t<h3 class=\"masonry-title\"><a href=\"\/wp-content\/uploads\/2017\/05\/docen7.pdf\"  rel=\"\"  title=\"Nro. 7 (abril 2004). Mart\u00edn Cicowiez y Luciano Di Gresia. \u00abEquilibrio General Computado: Descripcion de la Metodologia\u00bb.\" target=\"_blank\" >Nro. 7 (abril 2004). Mart\u00edn Cicowiez y Luciano Di Gresia. \u00abEquilibrio General Computado: Descripcion de la Metodologia\u00bb.<\/a><\/h3>\r\n\t\t\t\t\r\n\t\r\n\t\t<span class=\"post-meta\">\r\n\t\t\t<i class=\"for-sticky fa fa-exclamation\"><\/i><i class=\"fa fa-link\"><\/i>\r\n\t\t\t<em>30 mayo, 2017<\/em>\t\t<\/span>\t\t\t\t\t\r\n\t\t<div class=\"clear\"><\/div>\r\n\t\r\n\t<\/div><!--end post-content-->\r\n\t\r\n<\/article><!-- #post -->\r\n<article id=\"post-2129\" class=\"post post-masonry post-2129 type-post status-publish format-link hentry category-serie-trabajos-docentes post_format-post-format-link\">\r\n\r\n\t<div class=\"post-content format-link\">\r\n\t\t\t\t\t<h3 class=\"masonry-title\"><a href=\"\/wp-content\/uploads\/2017\/05\/docen6.pdf\"  rel=\"\"  title=\"Nro. 6 (junio 2003). Huberto M. Ennis. \u00abModelo Monetario de Generaciones Superpuestas\u00bb.\" target=\"_blank\" >Nro. 6 (junio 2003). Huberto M. Ennis. \u00abModelo Monetario de Generaciones Superpuestas\u00bb.<\/a><\/h3>\r\n\t\t\t\t\r\n\t\r\n\t\t<span class=\"post-meta\">\r\n\t\t\t<i class=\"for-sticky fa fa-exclamation\"><\/i><i class=\"fa fa-link\"><\/i>\r\n\t\t\t<em>30 mayo, 2017<\/em>\t\t<\/span>\t\t\t\t\t\r\n\t\t<div class=\"clear\"><\/div>\r\n\t\r\n\t<\/div><!--end post-content-->\r\n\t\r\n<\/article><!-- #post -->\r\n<article id=\"post-2127\" class=\"post post-masonry post-2127 type-post status-publish format-link hentry category-serie-trabajos-docentes post_format-post-format-link\">\r\n\r\n\t<div class=\"post-content format-link\">\r\n\t\t\t\t\t<h3 class=\"masonry-title\"><a href=\"\"  rel=\"\"  title=\"Nro. 5 (agosto 2001). Alberto Porto. \u00abModelos de Federalismo Fiscal\u00bb. Este trabajo docente, en una versi\u00f3n ampliada y revisada, se public\u00f3 como libro en el segundo semestre de 2002 con el t\u00edtulo \u00abMicroeconom\u00eda y Federalismo Fiscal\u00bb.\" target=\"_blank\" >Nro. 5 (agosto 2001). Alberto Porto. \u00abModelos de Federalismo Fiscal\u00bb. Este trabajo docente, en una versi\u00f3n ampliada y revisada, se public\u00f3 como libro en el segundo semestre de 2002 con el t\u00edtulo \u00abMicroeconom\u00eda y Federalismo Fiscal\u00bb.<\/a><\/h3>\r\n\t\t\t\t\r\n\t\r\n\t\t<span class=\"post-meta\">\r\n\t\t\t<i class=\"for-sticky fa fa-exclamation\"><\/i><i class=\"fa fa-link\"><\/i>\r\n\t\t\t<em>30 mayo, 2017<\/em>\t\t<\/span>\t\t\t\t\t\r\n\t\t<div class=\"clear\"><\/div>\r\n\t\r\n\t<\/div><!--end post-content-->\r\n\t\r\n<\/article><!-- #post -->\r\n<article id=\"post-2125\" class=\"post post-masonry post-2125 type-post status-publish format-link hentry category-serie-trabajos-docentes post_format-post-format-link\">\r\n\r\n\t<div class=\"post-content format-link\">\r\n\t\t\t\t\t<h3 class=\"masonry-title\"><a href=\"\/wp-content\/uploads\/2017\/05\/docen4.pdf\"  rel=\"\"  title=\"Nro. 4 (agosto 2001). Fernando Navajas. \u00abTeor\u00eda del Consumidor\u00bb\" target=\"_blank\" >Nro. 4 (agosto 2001). Fernando Navajas. \u00abTeor\u00eda del Consumidor\u00bb<\/a><\/h3>\r\n\t\t\t\t\r\n\t\r\n\t\t<span class=\"post-meta\">\r\n\t\t\t<i class=\"for-sticky fa fa-exclamation\"><\/i><i class=\"fa fa-link\"><\/i>\r\n\t\t\t<em>30 mayo, 2017<\/em>\t\t<\/span>\t\t\t\t\t\r\n\t\t<div class=\"clear\"><\/div>\r\n\t\r\n\t<\/div><!--end post-content-->\r\n\t\r\n<\/article><!-- #post -->\r\n<article id=\"post-2123\" class=\"post post-masonry post-2123 type-post status-publish format-link hentry category-serie-trabajos-docentes post_format-post-format-link\">\r\n\r\n\t<div class=\"post-content format-link\">\r\n\t\t\t\t\t<h3 class=\"masonry-title\"><a href=\"\/wp-content\/uploads\/2017\/05\/docen3.pdf\"  rel=\"\"  title=\"Nro. 3 (marzo 2000). Walter Sosa Escudero. \u00abA Primer on Unit-Roots and cointegration\u00bb.\" target=\"_blank\" >Nro. 3 (marzo 2000). Walter Sosa Escudero. \u00abA Primer on Unit-Roots and cointegration\u00bb.<\/a><\/h3>\r\n\t\t\t\t\r\n\t\r\n\t\t<span class=\"post-meta\">\r\n\t\t\t<i class=\"for-sticky fa fa-exclamation\"><\/i><i class=\"fa fa-link\"><\/i>\r\n\t\t\t<em>30 mayo, 2017<\/em>\t\t<\/span>\t\t\t\t\t\r\n\t\t<div class=\"clear\"><\/div>\r\n\t\r\n\t<\/div><!--end post-content-->\r\n\t\r\n<\/article><!-- #post -->\r\n<article id=\"post-2121\" class=\"post post-masonry post-2121 type-post status-publish format-link hentry category-serie-trabajos-docentes post_format-post-format-link\">\r\n\r\n\t<div class=\"post-content format-link\">\r\n\t\t\t\t\t<h3 class=\"masonry-title\"><a href=\"\/wp-content\/uploads\/2017\/05\/docen2.pdf\"  rel=\"\"  title=\"Nro. 2 (septiembre 1999). Walter Sosa Escudero. \u00abT\u00f3picos de Econometr\u00eda Aplicada (Notas de Clase)\u00bb.\" target=\"_blank\" >Nro. 2 (septiembre 1999). Walter Sosa Escudero. \u00abT\u00f3picos de Econometr\u00eda Aplicada (Notas de Clase)\u00bb.<\/a><\/h3>\r\n\t\t\t\t\r\n\t\r\n\t\t<span class=\"post-meta\">\r\n\t\t\t<i class=\"for-sticky fa fa-exclamation\"><\/i><i class=\"fa fa-link\"><\/i>\r\n\t\t\t<em>30 mayo, 2017<\/em>\t\t<\/span>\t\t\t\t\t\r\n\t\t<div class=\"clear\"><\/div>\r\n\t\r\n\t<\/div><!--end post-content-->\r\n\t\r\n<\/article><!-- #post -->\r\n<article id=\"post-2119\" class=\"post post-masonry post-2119 type-post status-publish format-link hentry category-serie-trabajos-docentes post_format-post-format-link\">\r\n\r\n\t<div class=\"post-content format-link\">\r\n\t\t\t\t\t<h3 class=\"masonry-title\"><a href=\"\/wp-content\/uploads\/2017\/05\/docen1.pdf\"  rel=\"\"  title=\"Nro. 1 (junio 1999). El\u00edas Salama. \u00abPol\u00edtica Monetaria e Inconsistencia Temporal\u00bb.\" target=\"_blank\" >Nro. 1 (junio 1999). El\u00edas Salama. \u00abPol\u00edtica Monetaria e Inconsistencia Temporal\u00bb.<\/a><\/h3>\r\n\t\t\t\t\r\n\t\r\n\t\t<span class=\"post-meta\">\r\n\t\t\t<i class=\"for-sticky fa fa-exclamation\"><\/i><i class=\"fa fa-link\"><\/i>\r\n\t\t\t<em>30 mayo, 2017<\/em>\t\t<\/span>\t\t\t\t\t\r\n\t\t<div class=\"clear\"><\/div>\r\n\t\r\n\t<\/div><!--end post-content-->\r\n\t\r\n<\/article><!-- #post --><\/section><\/div>[\/vc_column][\/vc_row]<\/p>\n","protected":false},"excerpt":{"rendered":"<p>[vc_row content_placement=\u00bbtop\u00bb bg_image=\u00bb2083&#8243; dt_parallax_inertia=\u00bb0&#8243;][vc_column][vc_row_inner][vc_column_inner][vc_column_text] SERIE TRABAJOS DOCENTES [\/vc_column_text][\/vc_column_inner][\/vc_row_inner][\/vc_column][\/vc_row][vc_row dt_row_type=\u00bbin_container\u00bb][vc_column][vc_column_text css=\u00bb.vc_custom_1496159612452{padding-top: 20px !important;padding-right: 20px !important;padding-bottom: 20px !important;padding-left: 20px !important;background-color: #eaeaea !important;}\u00bb] En la Serie Trabajos Docentes&#8230;<\/p>\n<p class=\"readmore\"><a class=\"more-btn\" href=\"https:\/\/depeco.econo.unlp.edu.ar\/?p=2119\">Read More<\/a><\/p>\n","protected":false},"author":1,"featured_media":0,"parent":1273,"menu_order":0,"comment_status":"closed","ping_status":"closed","template":"template-homepage.php","meta":[],"_links":{"self":[{"href":"https:\/\/depeco.econo.unlp.edu.ar\/index.php?rest_route=\/wp\/v2\/pages\/1306"}],"collection":[{"href":"https:\/\/depeco.econo.unlp.edu.ar\/index.php?rest_route=\/wp\/v2\/pages"}],"about":[{"href":"https:\/\/depeco.econo.unlp.edu.ar\/index.php?rest_route=\/wp\/v2\/types\/page"}],"author":[{"embeddable":true,"href":"https:\/\/depeco.econo.unlp.edu.ar\/index.php?rest_route=\/wp\/v2\/users\/1"}],"replies":[{"embeddable":true,"href":"https:\/\/depeco.econo.unlp.edu.ar\/index.php?rest_route=%2Fwp%2Fv2%2Fcomments&post=1306"}],"version-history":[{"count":11,"href":"https:\/\/depeco.econo.unlp.edu.ar\/index.php?rest_route=\/wp\/v2\/pages\/1306\/revisions"}],"predecessor-version":[{"id":3397,"href":"https:\/\/depeco.econo.unlp.edu.ar\/index.php?rest_route=\/wp\/v2\/pages\/1306\/revisions\/3397"}],"up":[{"embeddable":true,"href":"https:\/\/depeco.econo.unlp.edu.ar\/index.php?rest_route=\/wp\/v2\/pages\/1273"}],"wp:attachment":[{"href":"https:\/\/depeco.econo.unlp.edu.ar\/index.php?rest_route=%2Fwp%2Fv2%2Fmedia&parent=1306"}],"curies":[{"name":"wp","href":"https:\/\/api.w.org\/{rel}","templated":true}]}}