{"id":1314,"date":"2016-12-05T15:21:54","date_gmt":"2016-12-05T15:21:54","guid":{"rendered":"https:\/\/depeco.econo.unlp.edu.ar\/?page_id=1314"},"modified":"2017-05-30T19:15:11","modified_gmt":"2017-05-30T19:15:11","slug":"anexos-de-publicaciones-en-revistas","status":"publish","type":"page","link":"https:\/\/depeco.econo.unlp.edu.ar\/?page_id=1314","title":{"rendered":"ANEXOS DE PUBLICACIONES EN REVISTAS"},"content":{"rendered":"<p>[vc_row content_placement=\u00bbtop\u00bb bg_image=\u00bb2083&#8243; dt_parallax_inertia=\u00bb0&#8243;][vc_column][vc_row_inner][vc_column_inner]<div style=\"clear:both; width:100%; height:25px\"><\/div>[vc_column_text]<\/p>\n<h2><span style=\"color: #ffffff;\">ANEXOS DE PUBLICACIONES EN REVISTAS<\/span><\/h2>\n<p>[\/vc_column_text][\/vc_column_inner][\/vc_row_inner][\/vc_column][\/vc_row][vc_row dt_row_type=\u00bbin_container\u00bb][vc_column]<div style=\"clear:both; width:100%; height:20px\"><\/div><div class=\"blog-page\"><section class=\"blog-masonry vc_blog_shortcode on-one-column isotope\">\r\n<article id=\"post-3731\" class=\"post post-masonry post-3731 type-post status-publish format-link hentry category-publicaciones-en-revistas post_format-post-format-link\">\r\n\r\n\t<div class=\"post-content format-link\">\r\n\t\t\t\t\t<h3 class=\"masonry-title\"><a href=\"https:\/\/depeco.econo.unlp.edu.ar\/wp-content\/uploads\/2018\/05\/Cont-Porto-Juarros-OnlineAppendix-March-2017.pdf\"  rel=\"\"  title=\"Cont, Walter, Alberto Porto and Pedro Juarros, 2017, Regional Income Redistribution and Risk-sharing: Lessons from Argentina, Journal of Applied Economics, Vol. XX, Number 2.\" target=\"_blank\" >Cont, Walter, Alberto Porto and Pedro Juarros, 2017, Regional Income Redistribution and Risk-sharing: Lessons from Argentina, Journal of Applied Economics, Vol. XX, Number 2.<\/a><\/h3>\r\n\t\t\t\t\r\n\t\r\n\t\t<span class=\"post-meta\">\r\n\t\t\t<i class=\"for-sticky fa fa-exclamation\"><\/i><i class=\"fa fa-link\"><\/i>\r\n\t\t\t<em>3 mayo, 2018<\/em>\t\t<\/span>\t\t\t\t\t\r\n\t\t<div class=\"clear\"><\/div>\r\n\t\r\n\t<\/div><!--end post-content-->\r\n\t\r\n<\/article><!-- #post -->\r\n<article id=\"post-2226\" class=\"post post-masonry post-2226 type-post status-publish format-link hentry category-publicaciones-en-revistas post_format-post-format-link\">\r\n\r\n\t<div class=\"post-content format-link\">\r\n\t\t\t\t\t<h3 class=\"masonry-title\"><a href=\"https:\/\/depeco.econo.unlp.edu.ar\/wp-content\/uploads\/2017\/11\/Cont-Porto-Geografia-Desigualdad-Distribucion-Personal-Ingreso-Impacto-Distributivo-Politica-Fiscal.pdf\"  rel=\"\"  title=\"Cont, Walter y Alberto Porto, 2017, Geograf\u00eda de la Desigualdad en la Distribuci\u00f3n Personal del Ingreso y en el Impacto Distributivo de la Pol\u00edtica Fiscal. Argentina 1995-2010, en Cont, Walter y Alberto Porto (eds.), Pol\u00edca Fiscal y Distribuci\u00f3n Personal y Regional del Ingreso en la Argentina, Edici\u00f3n de Econ\u00f3mica, Revista de la FCE-UNLP.\" target=\"_blank\" >Cont, Walter y Alberto Porto, 2017, Geograf\u00eda de la Desigualdad en la Distribuci\u00f3n Personal del Ingreso y en el Impacto Distributivo de la Pol\u00edtica Fiscal. Argentina 1995-2010, en Cont, Walter y Alberto Porto (eds.), Pol\u00edca Fiscal y Distribuci\u00f3n Personal y Regional del Ingreso en la Argentina, Edici\u00f3n de Econ\u00f3mica, Revista de la FCE-UNLP.<\/a><\/h3>\r\n\t\t\t\t\r\n\t\r\n\t\t<span class=\"post-meta\">\r\n\t\t\t<i class=\"for-sticky fa fa-exclamation\"><\/i><i class=\"fa fa-link\"><\/i>\r\n\t\t\t<em>30 mayo, 2017<\/em>\t\t<\/span>\t\t\t\t\t\r\n\t\t<div class=\"clear\"><\/div>\r\n\t\r\n\t<\/div><!--end post-content-->\r\n\t\r\n<\/article><!-- #post -->\r\n<article id=\"post-2224\" class=\"post post-masonry post-2224 type-post status-publish format-link hentry category-publicaciones-en-revistas post_format-post-format-link\">\r\n\r\n\t<div class=\"post-content format-link\">\r\n\t\t\t\t\t<h3 class=\"masonry-title\"><a href=\"\/wp-content\/uploads\/2017\/05\/Politica-Economica-Resultados-Electorales-Porto-Lodola-Journal-of-Applied-Economics.docx\"  rel=\"\"  title=\"Porto, Alberto and Agustin Lodola, 2013, Economic Policy and Electoral Outcomes, Journal of Applied Economics, Vol. XVI, Number 2.\" target=\"_blank\" >Porto, Alberto and Agustin Lodola, 2013, Economic Policy and Electoral Outcomes, Journal of Applied Economics, Vol. XVI, Number 2.<\/a><\/h3>\r\n\t\t\t\t\r\n\t\r\n\t\t<span class=\"post-meta\">\r\n\t\t\t<i class=\"for-sticky fa fa-exclamation\"><\/i><i class=\"fa fa-link\"><\/i>\r\n\t\t\t<em>30 mayo, 2017<\/em>\t\t<\/span>\t\t\t\t\t\r\n\t\t<div class=\"clear\"><\/div>\r\n\t\r\n\t<\/div><!--end post-content-->\r\n\t\r\n<\/article><!-- #post -->\r\n<article id=\"post-2219\" class=\"post post-masonry post-2219 type-post status-publish format-link hentry category-publicaciones-en-revistas post_format-post-format-link\">\r\n\r\n\t<div class=\"post-content format-link\">\r\n\t\t\t\t\t<h3 class=\"masonry-title\"><a href=\"\/wp-content\/uploads\/2017\/05\/ContPortoREF2016-OnlineAppendix.pdf\"  rel=\"\"  title=\"Cont, Walter and Alberto Porto, 2016, Fiscal Policy and Income Distribution: Measurement for Argentina 1995-2010, Review of Economics &#038; Finance, Vol. 6, Number 2.\" target=\"_blank\" >Cont, Walter and Alberto Porto, 2016, Fiscal Policy and Income Distribution: Measurement for Argentina 1995-2010, Review of Economics &#038; Finance, Vol. 6, Number 2.<\/a><\/h3>\r\n\t\t\t\t\r\n\t\r\n\t\t<span class=\"post-meta\">\r\n\t\t\t<i class=\"for-sticky fa fa-exclamation\"><\/i><i class=\"fa fa-link\"><\/i>\r\n\t\t\t<em>30 mayo, 2017<\/em>\t\t<\/span>\t\t\t\t\t\r\n\t\t<div class=\"clear\"><\/div>\r\n\t\r\n\t<\/div><!--end post-content-->\r\n\t\r\n<\/article><!-- #post --><\/section><\/div>[\/vc_column][\/vc_row]<\/p>\n","protected":false},"excerpt":{"rendered":"<p>[vc_row content_placement=\u00bbtop\u00bb bg_image=\u00bb2083&#8243; dt_parallax_inertia=\u00bb0&#8243;][vc_column][vc_row_inner][vc_column_inner][vc_column_text] ANEXOS DE PUBLICACIONES EN REVISTAS [\/vc_column_text][\/vc_column_inner][\/vc_row_inner][\/vc_column][\/vc_row][vc_row dt_row_type=\u00bbin_container\u00bb][vc_column][\/vc_column][\/vc_row]<\/p>\n","protected":false},"author":1,"featured_media":0,"parent":1273,"menu_order":0,"comment_status":"closed","ping_status":"closed","template":"template-homepage.php","meta":[],"_links":{"self":[{"href":"https:\/\/depeco.econo.unlp.edu.ar\/index.php?rest_route=\/wp\/v2\/pages\/1314"}],"collection":[{"href":"https:\/\/depeco.econo.unlp.edu.ar\/index.php?rest_route=\/wp\/v2\/pages"}],"about":[{"href":"https:\/\/depeco.econo.unlp.edu.ar\/index.php?rest_route=\/wp\/v2\/types\/page"}],"author":[{"embeddable":true,"href":"https:\/\/depeco.econo.unlp.edu.ar\/index.php?rest_route=\/wp\/v2\/users\/1"}],"replies":[{"embeddable":true,"href":"https:\/\/depeco.econo.unlp.edu.ar\/index.php?rest_route=%2Fwp%2Fv2%2Fcomments&post=1314"}],"version-history":[{"count":3,"href":"https:\/\/depeco.econo.unlp.edu.ar\/index.php?rest_route=\/wp\/v2\/pages\/1314\/revisions"}],"predecessor-version":[{"id":2228,"href":"https:\/\/depeco.econo.unlp.edu.ar\/index.php?rest_route=\/wp\/v2\/pages\/1314\/revisions\/2228"}],"up":[{"embeddable":true,"href":"https:\/\/depeco.econo.unlp.edu.ar\/index.php?rest_route=\/wp\/v2\/pages\/1273"}],"wp:attachment":[{"href":"https:\/\/depeco.econo.unlp.edu.ar\/index.php?rest_route=%2Fwp%2Fv2%2Fmedia&parent=1314"}],"curies":[{"name":"wp","href":"https:\/\/api.w.org\/{rel}","templated":true}]}}