{"id":2295,"date":"2017-05-31T18:42:38","date_gmt":"2017-05-31T18:42:38","guid":{"rendered":"http:\/\/www.depeco-prueba.econo.unlp.edu.ar\/wp\/?page_id=2295"},"modified":"2019-03-25T13:04:11","modified_gmt":"2019-03-25T13:04:11","slug":"seminarios-y-jornadas","status":"publish","type":"page","link":"https:\/\/depeco.econo.unlp.edu.ar\/?page_id=2295","title":{"rendered":"SEMINARIOS Y JORNADAS"},"content":{"rendered":"<p>[vc_row content_placement=\u00bbtop\u00bb bg_image=\u00bb2083&#8243; dt_parallax_inertia=\u00bb0&#8243;][vc_column][vc_row_inner][vc_column_inner]<div style=\"clear:both; width:100%; height:25px\"><\/div>[vc_column_text]<\/p>\n<h2><span style=\"color: #ffffff;\">SEMINARIOS Y JORNADAS<\/span><\/h2>\n<p>[\/vc_column_text][\/vc_column_inner][\/vc_row_inner][\/vc_column][\/vc_row][vc_row dt_row_type=\u00bbin_container\u00bb][vc_column]<div style=\"clear:both; width:100%; height:20px\"><\/div>[vc_column_text]<\/p>\n<h2><i class=\"fa fa-caret-right\"><\/i> <a href=\"https:\/\/depeco.econo.unlp.edu.ar\/?page_id=2317\"><strong>Seminario de Econom\u00eda<\/strong><\/a><\/h2>\n<h4>Se realiza los d\u00edas viernes a las 12:30 hs. en un\u00a0aula del \u00e1rea de posgrados de la Facultad de Ciencias Econ\u00f3micas de la UNLP.<\/h4>\n<p>[\/vc_column_text][vc_column_text]<\/p>\n<h2><i class=\"fa fa-caret-right\"><\/i> <a href=\"https:\/\/depeco.econo.unlp.edu.ar\/?page_id=2454\"><strong>Seminario sobre Federalismo Fiscal<\/strong><\/a><\/h2>\n<h4>Se realiza anualmente desde 1996.<\/h4>\n<p>[\/vc_column_text][vc_column_text]<\/p>\n<h2><i class=\"fa fa-caret-right\"><\/i> <a href=\"https:\/\/depeco.econo.unlp.edu.ar\/?page_id=2457\"><strong>Jornadas de Econom\u00eda Monetaria e Internacional<\/strong><\/a><\/h2>\n<h4>Se realiza desde 1996. Se encuentra disponible un documento que resume los antecedentes 1996-2005 de las Jornadas.<\/h4>\n<p>[\/vc_column_text][vc_separator border_width=\u00bb5&#8243;][vc_column_text]<\/p>\n<h2><i class=\"fa fa-caret-right\"><\/i> <a href=\"https:\/\/depeco.econo.unlp.edu.ar\/?page_id=3851\"><strong>AAEP 2018<\/strong><\/a><\/h2>\n<h4>Se realiz\u00f3 los d\u00edas mi\u00e9rcoles 14, jueves 15 y viernes 16 de noviembre en la Facultad de Ciencias Econ\u00f3micas de la UNLP.<\/h4>\n<p>[\/vc_column_text][vc_column_text]<\/p>\n<h2><i class=\"fa fa-caret-right\"><\/i> <a href=\"https:\/\/depeco.econo.unlp.edu.ar\/?page_id=2720\"><strong> II Jornadas Iberoamericanas de Financiaci\u00f3n Local<\/strong><\/a><\/h2>\n<h4>Las jornadas se realizaron en el marco del 60\u00ba aniversario de la fundaci\u00f3n de la Facultad de Ciencias Econ\u00f3micas de la Universidad Nacional de la Plata (1953-2013) los d\u00edas 2 y 3 de julio de 2013.<\/h4>\n<p>[\/vc_column_text][vc_column_text]<\/p>\n<h2><i class=\"fa fa-caret-right\"><\/i> <a href=\"https:\/\/depeco.econo.unlp.edu.ar\/?page_id=2737\"><strong> Seminario de Monograf\u00edas de Alumnos de Econom\u00eda<\/strong><\/a><\/h2>\n<h4>Se presentan las mejores monograf\u00edas correspondientes a las materias de los \u00faltimos a\u00f1os de la carrera de econom\u00eda. Se realiz\u00f3 en 2012.<\/h4>\n<p>[\/vc_column_text][vc_column_text]<\/p>\n<h2><i class=\"fa fa-caret-right\"><\/i> <a href=\"https:\/\/depeco.econo.unlp.edu.ar\/?page_id=2742\"><strong> Jornadas de Macroeconom\u00eda y Finanzas<\/strong><\/a><\/h2>\n<h4>Se realizaron en 2011 y 2012.<\/h4>\n<p>[\/vc_column_text][vc_column_text]<\/p>\n<h2><i class=\"fa fa-caret-right\"><\/i> <a href=\"\/wp-content\/uploads\/2017\/06\/programa-eae-09.pdf\" target=\"_blank\"><strong> II Seminario de Economistas Argentinos en el Exterior<\/strong><\/a><\/h2>\n<h4>Organizado por la Universidad de Buenos Aires, la Universidad de la Plata y la Universidad de San Andr\u00e9s, se realiz\u00f3 el d\u00eda 18 de Diciembre de 2009.<\/h4>\n<p>[\/vc_column_text][vc_column_text]<\/p>\n<h2><i class=\"fa fa-caret-right\"><\/i> <a href=\"https:\/\/depeco.econo.unlp.edu.ar\/?page_id=2295\"><strong> XL Reuni\u00f3n Anual de la Asociaci\u00f3n Argentina de Econom\u00eda Pol\u00edtica<\/strong><\/a><\/h2>\n<h4>Organizada por el Departamento de Econom\u00eda, se desarroll\u00f3 los d\u00edas 16, 17 y 18 de noviembre de 2005 en la Facultad de Ciencias Econ\u00f3micas de la UNLP.<\/h4>\n<p>[\/vc_column_text][vc_column_text]<\/p>\n<h2><i class=\"fa fa-caret-right\"><\/i> <a href=\"https:\/\/depeco.econo.unlp.edu.ar\/?page_id=2751\"><strong> Jornada Internacional sobre Distribuci\u00f3n del Ingreso<\/strong><\/a><\/h2>\n<h4>Realizada el d\u00eda mi\u00e9rcoles 2 de junio de 2004 en la Facultad de Ciencias Econ\u00f3mics de la Universidad Nacional de La Plata.<\/h4>\n<p>[\/vc_column_text][vc_column_text]<\/p>\n<h2><i class=\"fa fa-caret-right\"><\/i> <a href=\"https:\/\/depeco.econo.unlp.edu.ar\/?page_id=2753\"><strong> IV Reuni\u00f3n sobre Pobreza y Distribuci\u00f3n del Ingreso<\/strong><\/a><\/h2>\n<h4>Realizada los d\u00edas 26 y 27 de junio de 2003 en la Facultad de Ciencias Econ\u00f3micas de la Universidad Nacional de La Plata.<\/h4>\n<p>[\/vc_column_text][\/vc_column][\/vc_row]<\/p>\n","protected":false},"excerpt":{"rendered":"<p>[vc_row content_placement=\u00bbtop\u00bb bg_image=\u00bb2083&#8243; dt_parallax_inertia=\u00bb0&#8243;][vc_column][vc_row_inner][vc_column_inner][vc_column_text] SEMINARIOS Y JORNADAS [\/vc_column_text][\/vc_column_inner][\/vc_row_inner][\/vc_column][\/vc_row][vc_row dt_row_type=\u00bbin_container\u00bb][vc_column][vc_column_text] Seminario de Econom\u00eda Se realiza los d\u00edas viernes a las 12:30 hs. en un\u00a0aula del \u00e1rea&#8230;<\/p>\n<p class=\"readmore\"><a class=\"more-btn\" href=\"https:\/\/depeco.econo.unlp.edu.ar\/?page_id=2295\">Read More<\/a><\/p>\n","protected":false},"author":1,"featured_media":0,"parent":0,"menu_order":0,"comment_status":"closed","ping_status":"closed","template":"template-homepage.php","meta":[],"_links":{"self":[{"href":"https:\/\/depeco.econo.unlp.edu.ar\/index.php?rest_route=\/wp\/v2\/pages\/2295"}],"collection":[{"href":"https:\/\/depeco.econo.unlp.edu.ar\/index.php?rest_route=\/wp\/v2\/pages"}],"about":[{"href":"https:\/\/depeco.econo.unlp.edu.ar\/index.php?rest_route=\/wp\/v2\/types\/page"}],"author":[{"embeddable":true,"href":"https:\/\/depeco.econo.unlp.edu.ar\/index.php?rest_route=\/wp\/v2\/users\/1"}],"replies":[{"embeddable":true,"href":"https:\/\/depeco.econo.unlp.edu.ar\/index.php?rest_route=%2Fwp%2Fv2%2Fcomments&post=2295"}],"version-history":[{"count":42,"href":"https:\/\/depeco.econo.unlp.edu.ar\/index.php?rest_route=\/wp\/v2\/pages\/2295\/revisions"}],"predecessor-version":[{"id":3958,"href":"https:\/\/depeco.econo.unlp.edu.ar\/index.php?rest_route=\/wp\/v2\/pages\/2295\/revisions\/3958"}],"wp:attachment":[{"href":"https:\/\/depeco.econo.unlp.edu.ar\/index.php?rest_route=%2Fwp%2Fv2%2Fmedia&parent=2295"}],"curies":[{"name":"wp","href":"https:\/\/api.w.org\/{rel}","templated":true}]}}