{"id":2354,"date":"2017-06-02T13:24:12","date_gmt":"2017-06-02T13:24:12","guid":{"rendered":"http:\/\/www.depeco-prueba.econo.unlp.edu.ar\/wp\/?page_id=2354"},"modified":"2017-06-02T13:25:13","modified_gmt":"2017-06-02T13:25:13","slug":"seminario-de-economia-ciclo-2014","status":"publish","type":"page","link":"https:\/\/depeco.econo.unlp.edu.ar\/?page_id=2354","title":{"rendered":"Seminario de Econom\u00eda ciclo 2014"},"content":{"rendered":"<p>[vc_row content_placement=\u00bbtop\u00bb bg_image=\u00bb2083&#8243; dt_parallax_inertia=\u00bb0&#8243;][vc_column][vc_row_inner][vc_column_inner]<div style=\"clear:both; width:100%; height:25px\"><\/div>[vc_column_text]<\/p>\n<h2><span style=\"color: #ffffff;\">SEMINARIOS Y JORNADAS<\/span><\/h2>\n<p>[\/vc_column_text][\/vc_column_inner][\/vc_row_inner][\/vc_column][\/vc_row][vc_row dt_row_type=\u00bbin_container\u00bb][vc_column]<div style=\"clear:both; width:100%; height:20px\"><\/div>[vc_column_text]<\/p>\n<h2>Seminario de Econom\u00eda ciclo 2014<\/h2>\n<p>[\/vc_column_text][vc_column_text]<\/p>\n<ul>\n<li><strong>21 de noviembre<\/strong>. Joan Esteban (Institut d\u2019Analisi Economica, Barcelona GSE). \u00abDeterminantes del Conflicto Social\u00bb.<\/li>\n<li><strong>26 de septiembre<\/strong>. Christian Ruzzier (UdeSA) y Mart\u00edn A. Rossi (UdeSA). \u00abCareer Choices and the Evolution of the College Gender Gap\u00bb.<\/li>\n<li><strong>22 de agosto<\/strong>. Facundo Albornoz-Crespo (UdeSA &#8211; CONICET) y Ezequiel Garc\u00eda Lembergman (UdeSA &#8211; CIDED). \u00abImporting after Exporting\u00bb.<\/li>\n<li><strong>14 de agosto<\/strong>. Pablo Fajgelbaum (UCLA). \u00abMeasuring the unequal gains from trade\u00bb.<\/li>\n<li><strong>12 de agosto; 13 hs<\/strong>. Fernando Alvarez (Universidad de Chicago). \u00abDecomposing Duration Dependence in the Job Finding Rate in a Stopping Time Model\u00bb.<\/li>\n<li><strong>8 de Agosto; Aula A<\/strong>. Seminario de Avance de Tesis de Maestria en Economia.\n<ul>\n<li>Florencia Ruiz D\u00edaz, \u00abLicitaciones no balanceadas: Una aplicaci\u00f3n a los contratos de construcci\u00f3n del departamento de transporte de Michigan\u00bb, que est\u00e1 realizando bajo la direcci\u00f3n de Irene Brambilla.<\/li>\n<li>Andr\u00e9s C\u00e9sar, \u201cLa devaluaci\u00f3n y sus efectos composicionales sobre el set de importaciones\u201d, que est\u00e1 realizando bajo la direcci\u00f3n de Irene Brambilla.<\/li>\n<li>Maximiliano Albornoz, \u201cImpacto del TDR sobre la cuenta corriente en Am\u00e9rica Latina\u201d, que est\u00e1 realizando bajo la direcci\u00f3n de Roberto Frenkel.<\/li>\n<\/ul>\n<\/li>\n<li><strong>18 de julio<\/strong>. Roman Fossati (University of Bristol) y Andres Erosa (Universidad Carlos III). \u00abDual Employment Protection Legislation and the Size Distribution of Firms\u00bb.<\/li>\n<li><strong>11 de julio<\/strong>. Mar\u00eda Eugenia Ca\u00f1\u00f3n (Federal Bank of St Louis) y Florencia L\u00f3pez B\u00f3o (BID). \u00abCognitive skills gaps in India: can (late) nutrition ameliorate them?\u00bb.<\/li>\n<li><strong>30 de mayo<\/strong>. Joaqu\u00edn Coleff (Universidad del Rosario). \u00abCan Cheap Talk Overcome Information Disclosure in Buyer-Seller Communication?\u00bb<\/li>\n<li><strong>11 de Abril<\/strong>. Seminario de Tesis de Maestria en Economia.\n<ul>\n<li>Cristian Orjuela. \u201cCaracterizaci\u00f3n de los cambios en la desigualdad en Colombia haciendo uso de t\u00e9cnicas de descomposiciones microeconom\u00e9tricas (1996-2010)\u201d, que est\u00e1 realizando bajo la direcci\u00f3n de Pablo Gluzmann.<\/li>\n<li>Cecilia Parada. \u00abEfectos distributivos de la participaci\u00f3n de la mujer en el mercado laboral. Un an\u00e1lisis de microdescomposiciones\u201d\u00bb, que est\u00e1 realizando bajo la direcci\u00f3n de Leonardo Gasparini.<\/li>\n<li>Nicol\u00e1s Badaracco. \u201cLa contribuci\u00f3n de la fecundidad a los cambios en la distribuci\u00f3n del ingreso. Evidencia emp\u00edrica para pa\u00edses de Am\u00e9rica Latina\u201d, que est\u00e1 realizando bajo la direcci\u00f3n de Leonardo Gasparini y la codirecci\u00f3n de Mariana Marchionni.<\/li>\n<\/ul>\n<\/li>\n<li><strong>4 de abril<\/strong>. Ricardo Perez-Truglia (Harvard University) y Guillermo Cruces (CEDLAS-UNLP e IZA). \u00abSocial Incentives in Contributions: Field Experiment Evidence from the 2012 U.S. Presidential Campaigns\u00bb<\/li>\n<li><strong>7 de marzo<\/strong>. Guido Neidh\u00f6fer (Institute of Public Finance and Social Policy, Department of Economics, Freie Universit\u00e4t Berlin). \u00abWhen Parental Background Matters: The Intergenerational Mobility and Assimilation of Italian Immigrants in Germany\u00bb.<\/li>\n<\/ul>\n<p>[\/vc_column_text][\/vc_column][\/vc_row]<\/p>\n","protected":false},"excerpt":{"rendered":"<p>[vc_row content_placement=\u00bbtop\u00bb bg_image=\u00bb2083&#8243; dt_parallax_inertia=\u00bb0&#8243;][vc_column][vc_row_inner][vc_column_inner][vc_column_text] SEMINARIOS Y JORNADAS [\/vc_column_text][\/vc_column_inner][\/vc_row_inner][\/vc_column][\/vc_row][vc_row dt_row_type=\u00bbin_container\u00bb][vc_column][vc_column_text] Seminario de Econom\u00eda ciclo 2014 [\/vc_column_text][vc_column_text] 21 de noviembre. Joan Esteban (Institut d\u2019Analisi Economica, Barcelona GSE)&#8230;.<\/p>\n<p class=\"readmore\"><a class=\"more-btn\" href=\"https:\/\/depeco.econo.unlp.edu.ar\/?page_id=2354\">Read More<\/a><\/p>\n","protected":false},"author":1,"featured_media":0,"parent":2317,"menu_order":0,"comment_status":"closed","ping_status":"closed","template":"template-homepage.php","meta":[],"_links":{"self":[{"href":"https:\/\/depeco.econo.unlp.edu.ar\/index.php?rest_route=\/wp\/v2\/pages\/2354"}],"collection":[{"href":"https:\/\/depeco.econo.unlp.edu.ar\/index.php?rest_route=\/wp\/v2\/pages"}],"about":[{"href":"https:\/\/depeco.econo.unlp.edu.ar\/index.php?rest_route=\/wp\/v2\/types\/page"}],"author":[{"embeddable":true,"href":"https:\/\/depeco.econo.unlp.edu.ar\/index.php?rest_route=\/wp\/v2\/users\/1"}],"replies":[{"embeddable":true,"href":"https:\/\/depeco.econo.unlp.edu.ar\/index.php?rest_route=%2Fwp%2Fv2%2Fcomments&post=2354"}],"version-history":[{"count":2,"href":"https:\/\/depeco.econo.unlp.edu.ar\/index.php?rest_route=\/wp\/v2\/pages\/2354\/revisions"}],"predecessor-version":[{"id":2356,"href":"https:\/\/depeco.econo.unlp.edu.ar\/index.php?rest_route=\/wp\/v2\/pages\/2354\/revisions\/2356"}],"up":[{"embeddable":true,"href":"https:\/\/depeco.econo.unlp.edu.ar\/index.php?rest_route=\/wp\/v2\/pages\/2317"}],"wp:attachment":[{"href":"https:\/\/depeco.econo.unlp.edu.ar\/index.php?rest_route=%2Fwp%2Fv2%2Fmedia&parent=2354"}],"curies":[{"name":"wp","href":"https:\/\/api.w.org\/{rel}","templated":true}]}}