{"id":2377,"date":"2017-06-02T14:00:40","date_gmt":"2017-06-02T14:00:40","guid":{"rendered":"http:\/\/www.depeco-prueba.econo.unlp.edu.ar\/wp\/?page_id=2377"},"modified":"2017-06-02T15:24:58","modified_gmt":"2017-06-02T15:24:58","slug":"seminario-de-economia-ciclo-2005","status":"publish","type":"page","link":"https:\/\/depeco.econo.unlp.edu.ar\/?page_id=2377","title":{"rendered":"Seminario de Econom\u00eda ciclo 2005"},"content":{"rendered":"<p>[vc_row content_placement=\u00bbtop\u00bb bg_image=\u00bb2083&#8243; dt_parallax_inertia=\u00bb0&#8243;][vc_column][vc_row_inner][vc_column_inner]<div style=\"clear:both; width:100%; height:25px\"><\/div>[vc_column_text]<\/p>\n<h2><span style=\"color: #ffffff;\">SEMINARIOS Y JORNADAS<\/span><\/h2>\n<p>[\/vc_column_text][\/vc_column_inner][\/vc_row_inner][\/vc_column][\/vc_row][vc_row dt_row_type=\u00bbin_container\u00bb][vc_column]<div style=\"clear:both; width:100%; height:20px\"><\/div>[vc_column_text]<\/p>\n<h2>Seminario de Econom\u00eda ciclo 2005<\/h2>\n<p>[\/vc_column_text][vc_column_text]<\/p>\n<ul>\n<li><strong>2 de Diciembre<\/strong>. Mariana Marchionni (UNLP) y Walter Sosa Escudero (UdeSA). <a href=\"\/wp-content\/uploads\/2017\/06\/semi021205.pdf\" target=\"_blank\">\u00abUn Estimador Simple en Dos Etapas para un Modelo de Elecci\u00f3n Binaria con Regresor Entero End\u00f3geno\u00bb<\/a>.<\/li>\n<li><strong>11 de Noviembre<\/strong>. Juan J. Cruces y Enrique Kawamura (UdeSA). <a href=\"https:\/\/depeco.econo.unlp.edu.ar\/semi\/semi111105.pdf\" target=\"_blank\">\u00abInsider Trading and Corporate Governance in Latin America: A Sequential Trade Model Approach\u00bb<\/a>.<\/li>\n<li><strong>4 de Noviembre<\/strong>. Presentaci\u00f3n de tesis de la Maestr\u00eda en Econom\u00eda UNLP.<\/li>\n<li><strong>28 de Octubre<\/strong>. Presentaci\u00f3n de tesis de la Maestr\u00eda en Econom\u00eda UNLP.<\/li>\n<li><strong>14 de Octubre<\/strong>. Mart\u00edn Tetaz (UNLP\/UNNOBA). <a href=\"\/wp-content\/uploads\/2017\/06\/semi141005.pdf\" target=\"_blank\">\u00abRendimientos Educativos: \u00bfQu\u00e9 Determina el Exito en el Aprendizaje?\u00bb<\/a>.<\/li>\n<li><strong>7 de Octubre<\/strong>. Paula Giovagnoli (UNLP). T\u00edtulo a Confirmar.<\/li>\n<li><strong>30 de Septiembre<\/strong>. Guillermo Escude (BCRA). \u00abAlternative Monetary Regimes in a DSGE Model of a Small Open Economy with Two sectors and Sticky Prices and Wages\u00bb.<\/li>\n<li><strong>23 de Septiembre<\/strong>. Leonardo Gasparini y Leopoldo Tornarolli (CEDLAS-UNLP). \u00abGrowth and Income Poverty in Latin America and the Caribbean: Evidence from Household Surveys\u00bb. Con Federico Guti\u00e9rrez.<\/li>\n<li><strong>16 de Septiembre<\/strong>. Miguel Braun (CIPPEC). \u00abWho Decides on Public Expenditures? A Political Economy Analysis of the Argentine Budget Process\u00bb.<\/li>\n<li><strong>9 de Septiembre<\/strong>. Luciano Di Gresia (UNLP). \u00abElecci\u00f3n de Carreras en Universidades Argentinas\u00bb.<\/li>\n<li><strong>2 de Septiembre<\/strong>. Laura D&#8217;Amato y Lorena Garegnani (BCRA). <a href=\"\/wp-content\/uploads\/2017\/06\/semi020905.pdf\" target=\"_blank\">\u00abThe Short-run Dynamics of Inflation: Estimating a Hybrid New Keynesian Phillips Curve for Argentina\u00bb<\/a>.<\/li>\n<li><strong>5 de Agosto<\/strong>. Jose Wynne (Duke University). \u00abThe Value of Information in Credit Markets\u00bb.<\/li>\n<li><strong>1ro. de Julio<\/strong>. Maria Laura Alzua (IERAL). <a href=\"\/wp-content\/uploads\/2017\/06\/semi010705.pdf\" target=\"_blank\">\u00abThe Long and Winding Road Towards Optimal Fiscal Decentralization\u00bb<\/a>.<\/li>\n<li><strong>24 de Junio<\/strong>. Emiliana Vegas y Harry Patrinos (Banco Mundial, Washington, Estados Unidos). \u00abEducaci\u00f3n y Mercados Laborales en la Argentina\u00bb.<\/li>\n<li><strong>17 de Junio<\/strong>. Mariana Conte Grand (CEMA). \u00abDo Stock Markets Reflect Firms\u00b4 Behavior Towards the Environment?: Further Evidence for Argentina\u00bb.<\/li>\n<li><strong>10 de Junio<\/strong>. Federico Mandelman (Boston Collage).<a href=\"\/wp-content\/uploads\/2017\/06\/semi100605.pdf\"> \u00abBusiness Cycles: A Role for Limit Pricing and Countercyclical Markups in the Banking System\u00bb.<\/a><\/li>\n<li><strong>3 de Junio<\/strong>. Irene Brambilla (Yale University). <a href=\"\/wp-content\/uploads\/2017\/06\/semi030605.pdf\" target=\"_blank\">\u00abFarm Productivity and Crop Choice. Evidence From Cotton Marketing Reforms in Zambia\u00bb.<\/a> Con Guido Porto.<\/li>\n<li><strong>27 de Mayo<\/strong>. Mariana Marchionni (CEDLAS-UNLP). \u00abUrban Female Employment in Argentina\u00bb. Con Jorge Paz, Irene Kit, Paula Giovagnoli y Caterina Colombo.<\/li>\n<li><strong>20 de mayo<\/strong>. Pablo Sanquinetti (UTDT). <a href=\"\/wp-content\/uploads\/2017\/06\/semi220405.doc\" target=\"_blank\">\u00abDoes Trade Liberalization Favor Spatial De-concentration of Industry?\u00bb<\/a>. Con C. Volpe.<\/li>\n<li><strong>6 de Mayo<\/strong>. Ernesto Schargrodsky (Universidad Torcuato Di Tella). <a href=\"\/wp-content\/uploads\/2017\/06\/semi060505.pdf\" target=\"_blank\">\u00abSchool Decentralization: Helping the Good Get Better, but Leaving the Poor Behind\u00bb<\/a>. Con S. Galiani (UdeSA) y P. Gertler (University of California at Berkeley y NBER).<\/li>\n<li><strong>29 de Abril<\/strong>. Jorge Streb (UCEMA). <a href=\"https:\/\/depeco.econo.unlp.edu.ar\/semi\/semi290405.pdf\">\u00ab<\/a>Discretional Political Budget Cycles and Separation of Powers<a href=\"https:\/\/depeco.econo.unlp.edu.ar\/semi\/semi290405.pdf\">\u00ab<\/a>. Con D. Lema y G. Torrens.<\/li>\n<li><strong>Viernes 15 de Abril<\/strong>. Sergio Olivieri y Matias Horenstein (CEDLAS). \u00abPolarizaci\u00f3n del Ingreso en la Argentina: Teor\u00eda y Aplicaci\u00f3n de la Polarizaci\u00f3n Pura del Ingreso\u00bb.<\/li>\n<li><strong>Viernes 1ro. de Abril<\/strong>. Francisco Haimovich y Hern\u00e1n Winkler (CEDLAS). \u00abPobreza Rural y Urbana en Argentina: Un An\u00e1lisis de Descomposiciones\u00bb.<\/li>\n<li><strong>Viernes 18 de Marzo<\/strong>. Cesar Ciappa (Centro de Econom\u00eda y Finanzas para el Desarrollo de Argentina). <a href=\"\/wp-content\/uploads\/2017\/06\/semi180305.pdf\" target=\"_blank\">\u00abFarmland Price Discounts and Farm Capital Structure\u00bb.<\/a><\/li>\n<li><strong>Viernes 11 de Marzo<\/strong>. Emilio Espino (Department of Economics and Finance-Institute for Advanced Studies (IHS), Vienna, Austria). <a href=\"\/wp-content\/uploads\/2017\/06\/semi110305.pdf\" target=\"_blank\">\u00abAsset Trading Volume in a Production Economy\u00bb. (With Thomas Hintermaier).<\/a><\/li>\n<\/ul>\n<p>[\/vc_column_text][\/vc_column][\/vc_row]<\/p>\n","protected":false},"excerpt":{"rendered":"<p>[vc_row content_placement=\u00bbtop\u00bb bg_image=\u00bb2083&#8243; dt_parallax_inertia=\u00bb0&#8243;][vc_column][vc_row_inner][vc_column_inner][vc_column_text] SEMINARIOS Y JORNADAS [\/vc_column_text][\/vc_column_inner][\/vc_row_inner][\/vc_column][\/vc_row][vc_row dt_row_type=\u00bbin_container\u00bb][vc_column][vc_column_text] Seminario de Econom\u00eda ciclo 2005 [\/vc_column_text][vc_column_text] 2 de Diciembre. Mariana Marchionni (UNLP) y Walter Sosa Escudero&#8230;<\/p>\n<p class=\"readmore\"><a class=\"more-btn\" href=\"https:\/\/depeco.econo.unlp.edu.ar\/?page_id=2377\">Read More<\/a><\/p>\n","protected":false},"author":1,"featured_media":0,"parent":2317,"menu_order":0,"comment_status":"closed","ping_status":"closed","template":"template-homepage.php","meta":[],"_links":{"self":[{"href":"https:\/\/depeco.econo.unlp.edu.ar\/index.php?rest_route=\/wp\/v2\/pages\/2377"}],"collection":[{"href":"https:\/\/depeco.econo.unlp.edu.ar\/index.php?rest_route=\/wp\/v2\/pages"}],"about":[{"href":"https:\/\/depeco.econo.unlp.edu.ar\/index.php?rest_route=\/wp\/v2\/types\/page"}],"author":[{"embeddable":true,"href":"https:\/\/depeco.econo.unlp.edu.ar\/index.php?rest_route=\/wp\/v2\/users\/1"}],"replies":[{"embeddable":true,"href":"https:\/\/depeco.econo.unlp.edu.ar\/index.php?rest_route=%2Fwp%2Fv2%2Fcomments&post=2377"}],"version-history":[{"count":9,"href":"https:\/\/depeco.econo.unlp.edu.ar\/index.php?rest_route=\/wp\/v2\/pages\/2377\/revisions"}],"predecessor-version":[{"id":2396,"href":"https:\/\/depeco.econo.unlp.edu.ar\/index.php?rest_route=\/wp\/v2\/pages\/2377\/revisions\/2396"}],"up":[{"embeddable":true,"href":"https:\/\/depeco.econo.unlp.edu.ar\/index.php?rest_route=\/wp\/v2\/pages\/2317"}],"wp:attachment":[{"href":"https:\/\/depeco.econo.unlp.edu.ar\/index.php?rest_route=%2Fwp%2Fv2%2Fmedia&parent=2377"}],"curies":[{"name":"wp","href":"https:\/\/api.w.org\/{rel}","templated":true}]}}