{"id":2434,"date":"2017-06-02T16:56:32","date_gmt":"2017-06-02T16:56:32","guid":{"rendered":"http:\/\/www.depeco-prueba.econo.unlp.edu.ar\/wp\/?page_id=2434"},"modified":"2017-06-02T16:56:48","modified_gmt":"2017-06-02T16:56:48","slug":"seminario-de-economia-ciclo-2001","status":"publish","type":"page","link":"https:\/\/depeco.econo.unlp.edu.ar\/?page_id=2434","title":{"rendered":"Seminario de Econom\u00eda ciclo 2001"},"content":{"rendered":"<p>[vc_row content_placement=\u00bbtop\u00bb bg_image=\u00bb2083&#8243; dt_parallax_inertia=\u00bb0&#8243;][vc_column][vc_row_inner][vc_column_inner]<div style=\"clear:both; width:100%; height:25px\"><\/div>[vc_column_text]<\/p>\n<h2><span style=\"color: #ffffff;\">SEMINARIOS Y JORNADAS<\/span><\/h2>\n<p>[\/vc_column_text][\/vc_column_inner][\/vc_row_inner][\/vc_column][\/vc_row][vc_row dt_row_type=\u00bbin_container\u00bb][vc_column]<div style=\"clear:both; width:100%; height:20px\"><\/div>[vc_column_text]<\/p>\n<h2>Seminario de Econom\u00eda ciclo 2001<\/h2>\n<p>[\/vc_column_text][vc_column_text]<\/p>\n<ul>\n<li><strong>Viernes 14 de diciembre<\/strong>. Ariel Coremberg (Ministerio de Econom\u00eda y Candidato a Doctorado UNLP). \u00abLa contribuci\u00f3n del stock de capital a la productividad de la econom\u00eda argentina: una estimaci\u00f3n no param\u00e9trica para la d\u00e9cada de los noventa\u00bb.<\/li>\n<li><strong>Viernes 7 de diciembre<\/strong>. Sebasti\u00e1n Galiani (UTDT).<\/li>\n<li><strong>Viernes 30 de noviembre<\/strong>. Ricardo Bebczuk (UNLP). \u00abR&amp;D expenditures and the role of government around the world\u00bb.<\/li>\n<li><strong>Jueves 22 de noviembre de 2001<\/strong>. Werner Baer (University of Illinois). \u00abEl proceso de privatizaciones en Am\u00e9rica Latina\u00bb.<\/li>\n<li><strong>Viernes 2 de noviembre de 2001<\/strong>. Tamara Burdisso (BCRA), Marcelo Catena (CERES) y Laura D&#8217;Amato (BCRA). \u00abBank Competition in Argentina: 1997-1999\u00bb.<\/li>\n<li><strong>Viernes 5 de octubre<\/strong>. Alberto Porto (UNLP) y Natalia Porto (UNLP). \u00abExportaci\u00f3n de impuestos: Teor\u00eda y una aplicaci\u00f3n\u00bb.<\/li>\n<li><strong>Viernes 28 de septiembre<\/strong>. Walter Sosa Escudero (UNLP).<\/li>\n<li><strong>Viernes 21 de septiembre<\/strong>. Miguel Braun (CIPPEC y UdeSA). \u00abWhy is Fiscal Policy Procyclical in Developing Countries?\u00bb.<\/li>\n<li><strong>Viernes 14 de septiembre<\/strong>. Gonzalo Fernandez (UIUC). \u00abTax Increment Financing: Interaction Beteewn Two Overlapping Jurisdictions\u00bb.<\/li>\n<li><strong>Viernes 7 de septiembre<\/strong>. Fernando Alvarez (University of Chicago, UTDT and NBER). \u00abThe Size of the Permanent Component of Asset Pricing Kernels\u00bb.<\/li>\n<li><strong>Viernes 31 de agosto<\/strong>. Hongbin Cai (UCLA y Yale) y Walter Cont (UNLP y FIEL). \u00abAgency Problems and Commitment in Delegated Bargaining\u00bb.<\/li>\n<li><strong>Viernes 24 de agosto<\/strong>. Ernesto dal B\u00f3 (Oxford University). \u00abBribing Voters\u00bb.<\/li>\n<li><strong>Viernes 17 de agosto<\/strong>. Pedro Dal B\u00f3 (UCLA). \u00abTacit Collusion Under Interest Rate Fluctuations\u00bb.<\/li>\n<li><strong>Viernes 10 de agosto<\/strong>. Javier Estrada (IESE Business School). \u00abThe Cost of Equity: A Downside Risk Approach\u00bb.<\/li>\n<li><strong>Viernes 3 de agosto<\/strong>. Norman Thurston (Brigham Young University) y Val Lambson (Brigham Young University). \u00abSequential Auctions: Theory &amp; Evidence from the Seattle Fur Exchange\u00bb.<\/li>\n<li><strong>Viernes 13 de julio<\/strong>. Walter Sosa Escudero (UNLP) y Leonardo Gasparini (UNLP). \u00abRentas Imputadas y Distribuci\u00f3n del Ingreso\u00bb.<\/li>\n<li><strong>Viernes 6 de julio<\/strong>. Rafael Di Tella (Harvard Business School) y Ernesto Schargrodsky (UTDT). \u00abUsing a Terrorist Attack to Estimate the Effect of Police on Crime\u00bb.<\/li>\n<li><strong>Viernes 29 de junio<\/strong>. Guido Porto (UNLP y Princeton University).<\/li>\n<li><strong>Viernes 1ro. de junio<\/strong>. Emilio Espino (UNLP). \u00abOn Optimal Insurance in an Information-Constrained Federal Economy with Incomplete Degree of Enforceability and Negotiation Costs\u00bb.<\/li>\n<li><strong>Viernes 18 de mayo<\/strong>. Stefan De Wachter (Universiti of Oxford) y Sebasti\u00e1n Galiani (UTDT). \u00abOptimal Income Support Targeting\u00bb.<\/li>\n<li><strong>Viernes 20 de abril<\/strong>. Leonardo Gasparini (UNLP).<\/li>\n<li><strong>Viernes 30 de marzo<\/strong>. Mart\u00edn Gonzalez-Eiras (UdeSA). \u00abThe Effect of Contingent Credit Lines on Banks&#8217; Liquidity Demand\u00bb.<\/li>\n<li><strong>Viernes 23 de marzo<\/strong>. D. Heymann (CEPAL, ITDT y UBA), M. Kaufman (IMF) y P. Sanguinetti (UTDT). \u00abLearning about Trends: Spending and Credit Fluctuations in Open Economies\u00bb.<\/li>\n<\/ul>\n<p>[\/vc_column_text][\/vc_column][\/vc_row]<\/p>\n","protected":false},"excerpt":{"rendered":"<p>[vc_row content_placement=\u00bbtop\u00bb bg_image=\u00bb2083&#8243; dt_parallax_inertia=\u00bb0&#8243;][vc_column][vc_row_inner][vc_column_inner][vc_column_text] SEMINARIOS Y JORNADAS [\/vc_column_text][\/vc_column_inner][\/vc_row_inner][\/vc_column][\/vc_row][vc_row dt_row_type=\u00bbin_container\u00bb][vc_column][vc_column_text] Seminario de Econom\u00eda ciclo 2001 [\/vc_column_text][vc_column_text] Viernes 14 de diciembre. Ariel Coremberg (Ministerio de Econom\u00eda y&#8230;<\/p>\n<p class=\"readmore\"><a class=\"more-btn\" href=\"https:\/\/depeco.econo.unlp.edu.ar\/?page_id=2434\">Read More<\/a><\/p>\n","protected":false},"author":1,"featured_media":0,"parent":2317,"menu_order":0,"comment_status":"closed","ping_status":"closed","template":"template-homepage.php","meta":[],"_links":{"self":[{"href":"https:\/\/depeco.econo.unlp.edu.ar\/index.php?rest_route=\/wp\/v2\/pages\/2434"}],"collection":[{"href":"https:\/\/depeco.econo.unlp.edu.ar\/index.php?rest_route=\/wp\/v2\/pages"}],"about":[{"href":"https:\/\/depeco.econo.unlp.edu.ar\/index.php?rest_route=\/wp\/v2\/types\/page"}],"author":[{"embeddable":true,"href":"https:\/\/depeco.econo.unlp.edu.ar\/index.php?rest_route=\/wp\/v2\/users\/1"}],"replies":[{"embeddable":true,"href":"https:\/\/depeco.econo.unlp.edu.ar\/index.php?rest_route=%2Fwp%2Fv2%2Fcomments&post=2434"}],"version-history":[{"count":3,"href":"https:\/\/depeco.econo.unlp.edu.ar\/index.php?rest_route=\/wp\/v2\/pages\/2434\/revisions"}],"predecessor-version":[{"id":2437,"href":"https:\/\/depeco.econo.unlp.edu.ar\/index.php?rest_route=\/wp\/v2\/pages\/2434\/revisions\/2437"}],"up":[{"embeddable":true,"href":"https:\/\/depeco.econo.unlp.edu.ar\/index.php?rest_route=\/wp\/v2\/pages\/2317"}],"wp:attachment":[{"href":"https:\/\/depeco.econo.unlp.edu.ar\/index.php?rest_route=%2Fwp%2Fv2%2Fmedia&parent=2434"}],"curies":[{"name":"wp","href":"https:\/\/api.w.org\/{rel}","templated":true}]}}