{"id":2511,"date":"2017-06-05T16:10:33","date_gmt":"2017-06-05T16:10:33","guid":{"rendered":"https:\/\/depeco.econo.unlp.edu.ar\/?page_id=2511"},"modified":"2017-06-05T16:10:33","modified_gmt":"2017-06-05T16:10:33","slug":"11o-seminario-internacional-sobre-federalismo-fiscal","status":"publish","type":"page","link":"https:\/\/depeco.econo.unlp.edu.ar\/?page_id=2511","title":{"rendered":"11\u00ba Seminario Internacional sobre Federalismo Fiscal"},"content":{"rendered":"<p>[vc_row content_placement=\u00bbtop\u00bb bg_image=\u00bb2083&#8243; dt_parallax_inertia=\u00bb0&#8243;][vc_column][vc_row_inner][vc_column_inner]<div style=\"clear:both; width:100%; height:25px\"><\/div>[vc_column_text]<\/p>\n<h2><span style=\"color: #ffffff;\">SEMINARIOS Y JORNADAS<\/span><\/h2>\n<p>[\/vc_column_text][\/vc_column_inner][\/vc_row_inner][\/vc_column][\/vc_row][vc_row dt_row_type=\u00bbin_container\u00bb][vc_column]<div style=\"clear:both; width:100%; height:20px\"><\/div>[vc_column_text]<\/p>\n<h2>11\u00ba Seminario Internacional sobre Federalismo Fiscal<\/h2>\n<p>[\/vc_column_text][vc_column_text]Organizado conjuntamento por CIPPEC (Centro de Implementaci\u00f3n de Pol\u00edticas P\u00fablicas para la Equidad y el Crecimiento), la Facultad de Ciencias Econ\u00f3micas de la Universidad Nacional de La Plata, el IAE de la Universidad Austral y la Comisi\u00f3n de Coparticipaci\u00f3n Federal de Impuestos del Senado de la Naci\u00f3n. Realizado en el Sal\u00f3n Auditorio de CIPPEC (Av. Callao 25, 1er piso), el d\u00eda 18 de Noviembre de 2008 de 9:00 a 13:30 hs.[\/vc_column_text][vc_separator border_width=\u00bb3&#8243;][vc_column_text]<\/p>\n<h4><i class=\"fa fa-caret-right\"><\/i><a href=\"\/wp-content\/uploads\/2017\/06\/programa11.pdf\" target=\"_blank\"><strong>Programa del Seminario<\/strong><\/a><\/h4>\n<p>[\/vc_column_text][vc_separator border_width=\u00bb3&#8243;][\/vc_column][\/vc_row]<\/p>\n","protected":false},"excerpt":{"rendered":"<p>[vc_row content_placement=\u00bbtop\u00bb bg_image=\u00bb2083&#8243; dt_parallax_inertia=\u00bb0&#8243;][vc_column][vc_row_inner][vc_column_inner][vc_column_text] SEMINARIOS Y JORNADAS [\/vc_column_text][\/vc_column_inner][\/vc_row_inner][\/vc_column][\/vc_row][vc_row dt_row_type=\u00bbin_container\u00bb][vc_column][vc_column_text] 11\u00ba Seminario Internacional sobre Federalismo Fiscal [\/vc_column_text][vc_column_text]Organizado conjuntamento por CIPPEC (Centro de Implementaci\u00f3n de Pol\u00edticas P\u00fablicas&#8230;<\/p>\n<p class=\"readmore\"><a class=\"more-btn\" href=\"https:\/\/depeco.econo.unlp.edu.ar\/?page_id=2511\">Read More<\/a><\/p>\n","protected":false},"author":1,"featured_media":0,"parent":2454,"menu_order":0,"comment_status":"closed","ping_status":"closed","template":"template-homepage.php","meta":[],"_links":{"self":[{"href":"https:\/\/depeco.econo.unlp.edu.ar\/index.php?rest_route=\/wp\/v2\/pages\/2511"}],"collection":[{"href":"https:\/\/depeco.econo.unlp.edu.ar\/index.php?rest_route=\/wp\/v2\/pages"}],"about":[{"href":"https:\/\/depeco.econo.unlp.edu.ar\/index.php?rest_route=\/wp\/v2\/types\/page"}],"author":[{"embeddable":true,"href":"https:\/\/depeco.econo.unlp.edu.ar\/index.php?rest_route=\/wp\/v2\/users\/1"}],"replies":[{"embeddable":true,"href":"https:\/\/depeco.econo.unlp.edu.ar\/index.php?rest_route=%2Fwp%2Fv2%2Fcomments&post=2511"}],"version-history":[{"count":1,"href":"https:\/\/depeco.econo.unlp.edu.ar\/index.php?rest_route=\/wp\/v2\/pages\/2511\/revisions"}],"predecessor-version":[{"id":2513,"href":"https:\/\/depeco.econo.unlp.edu.ar\/index.php?rest_route=\/wp\/v2\/pages\/2511\/revisions\/2513"}],"up":[{"embeddable":true,"href":"https:\/\/depeco.econo.unlp.edu.ar\/index.php?rest_route=\/wp\/v2\/pages\/2454"}],"wp:attachment":[{"href":"https:\/\/depeco.econo.unlp.edu.ar\/index.php?rest_route=%2Fwp%2Fv2%2Fmedia&parent=2511"}],"curies":[{"name":"wp","href":"https:\/\/api.w.org\/{rel}","templated":true}]}}