{"id":2609,"date":"2017-06-05T19:26:06","date_gmt":"2017-06-05T19:26:06","guid":{"rendered":"https:\/\/depeco.econo.unlp.edu.ar\/?page_id=2609"},"modified":"2017-06-05T19:27:20","modified_gmt":"2017-06-05T19:27:20","slug":"11o-jornadas-de-economia-monetaria-e-internacional","status":"publish","type":"page","link":"https:\/\/depeco.econo.unlp.edu.ar\/?page_id=2609","title":{"rendered":"11\u00ba Jornadas de Econom\u00eda Monetaria e Internacional"},"content":{"rendered":"<p>[vc_row content_placement=\u00bbtop\u00bb bg_image=\u00bb2083&#8243; dt_parallax_inertia=\u00bb0&#8243;][vc_column][vc_row_inner][vc_column_inner]<div style=\"clear:both; width:100%; height:25px\"><\/div>[vc_column_text]<\/p>\n<h2><span style=\"color: #ffffff;\">SEMINARIOS Y JORNADAS<\/span><\/h2>\n<p>[\/vc_column_text][\/vc_column_inner][\/vc_row_inner][\/vc_column][\/vc_row][vc_row dt_row_type=\u00bbin_container\u00bb][vc_column]<div style=\"clear:both; width:100%; height:20px\"><\/div>[vc_column_text]<\/p>\n<h2>11\u00ba Jornadas de Econom\u00eda Monetaria e Internacional<\/h2>\n<p>[\/vc_column_text][vc_column_text]Las jornadas se realizaron en el marco del 60\u00ba aniversario de la fundaci\u00f3n de la Facultad de Ciencias Econ\u00f3micas de la Universidad Nacional de la Plata (1953-2013) el d\u00eda 14 de Agosto de 2013.[\/vc_column_text][vc_column_text]<strong>Programa<\/strong>[\/vc_column_text][vc_column_text]<\/p>\n<ul>\n<li><strong>09:30 a 10:00 hs.<\/strong> Apertura de la Jornada<br \/>\nA cargo del Decano de la FCE &#8211; UNLP, Mart\u00edn L\u00f3pez Armengol<\/li>\n<li><strong>10:00 a 11:30 hs.<\/strong> Conferencia inaugural: \u00abPuzzling over the anatomy of crises: Liquidity and the veil of finance\u00bb<br \/>\nGuillermo Calvo (Columbia University). Moderador: Agust\u00edn Lodola (UNLP &#8211; Ministerio de Econom\u00eda de la Pcia. de Bs As)<\/li>\n<li><strong>11:30 a 11:45 hs.<\/strong> Coffee break<\/li>\n<li><strong>11:45 a 13:45 hs.<\/strong> Primer panel: \u00abReg\u00edmenes monetarios, crisis e inflaci\u00f3n\u00bb<br \/>\nMart\u00edn Guzm\u00e1n (Columbia University-UNLP), Marcelo Oviedo (UNLP), Demi\u00e1n Panigo (UNLP-PIETTE-CONICET), Mart\u00edn Rapetti (CEDES). Moderador: Vicedecano de la FCE &#8211; UNLP, Marcelo Garriga<\/li>\n<li><strong>13:45 a 16:00 hs.<\/strong> Intervalo<\/li>\n<li><strong>16:00 a 18:00 hs.<\/strong> Segundo panel \u00abPol\u00edticas financieras\u00bb<br \/>\nRicardo Bebczuk (UNLP), Joaqu\u00edn Blaum (Brown University), Jos\u00e9 Mar\u00eda Fanelli (CEDES). Moderador: Jorge Carrera (UNLP-BCRA)<\/li>\n<li><strong>18:00 a 18:15 hs.<\/strong> Coffee break<\/li>\n<li><strong>18:15 a 19:15 hs.<\/strong> Clausura \u00abReflexiones finales\u00bb<br \/>\nDaniel Heymann (UBA-UNLP-UdeSA), Adolfo Sturzenegger (UNLP)<\/li>\n<\/ul>\n<p>[\/vc_column_text][\/vc_column][\/vc_row]<\/p>\n","protected":false},"excerpt":{"rendered":"<p>[vc_row content_placement=\u00bbtop\u00bb bg_image=\u00bb2083&#8243; dt_parallax_inertia=\u00bb0&#8243;][vc_column][vc_row_inner][vc_column_inner][vc_column_text] SEMINARIOS Y JORNADAS [\/vc_column_text][\/vc_column_inner][\/vc_row_inner][\/vc_column][\/vc_row][vc_row dt_row_type=\u00bbin_container\u00bb][vc_column][vc_column_text] 11\u00ba Jornadas de Econom\u00eda Monetaria e Internacional [\/vc_column_text][vc_column_text]Las jornadas se realizaron en el marco del 60\u00ba&#8230;<\/p>\n<p class=\"readmore\"><a class=\"more-btn\" href=\"https:\/\/depeco.econo.unlp.edu.ar\/?page_id=2609\">Read More<\/a><\/p>\n","protected":false},"author":1,"featured_media":0,"parent":2457,"menu_order":0,"comment_status":"closed","ping_status":"closed","template":"template-homepage.php","meta":[],"_links":{"self":[{"href":"https:\/\/depeco.econo.unlp.edu.ar\/index.php?rest_route=\/wp\/v2\/pages\/2609"}],"collection":[{"href":"https:\/\/depeco.econo.unlp.edu.ar\/index.php?rest_route=\/wp\/v2\/pages"}],"about":[{"href":"https:\/\/depeco.econo.unlp.edu.ar\/index.php?rest_route=\/wp\/v2\/types\/page"}],"author":[{"embeddable":true,"href":"https:\/\/depeco.econo.unlp.edu.ar\/index.php?rest_route=\/wp\/v2\/users\/1"}],"replies":[{"embeddable":true,"href":"https:\/\/depeco.econo.unlp.edu.ar\/index.php?rest_route=%2Fwp%2Fv2%2Fcomments&post=2609"}],"version-history":[{"count":3,"href":"https:\/\/depeco.econo.unlp.edu.ar\/index.php?rest_route=\/wp\/v2\/pages\/2609\/revisions"}],"predecessor-version":[{"id":2612,"href":"https:\/\/depeco.econo.unlp.edu.ar\/index.php?rest_route=\/wp\/v2\/pages\/2609\/revisions\/2612"}],"up":[{"embeddable":true,"href":"https:\/\/depeco.econo.unlp.edu.ar\/index.php?rest_route=\/wp\/v2\/pages\/2457"}],"wp:attachment":[{"href":"https:\/\/depeco.econo.unlp.edu.ar\/index.php?rest_route=%2Fwp%2Fv2%2Fmedia&parent=2609"}],"curies":[{"name":"wp","href":"https:\/\/api.w.org\/{rel}","templated":true}]}}