{"id":2627,"date":"2017-06-06T12:22:33","date_gmt":"2017-06-06T12:22:33","guid":{"rendered":"https:\/\/depeco.econo.unlp.edu.ar\/?page_id=2627"},"modified":"2017-06-06T12:22:55","modified_gmt":"2017-06-06T12:22:55","slug":"octavas-jornadas-de-economia-monetaria-e-internacional","status":"publish","type":"page","link":"https:\/\/depeco.econo.unlp.edu.ar\/?page_id=2627","title":{"rendered":"Octavas Jornadas de Econom\u00eda Monetaria e Internacional"},"content":{"rendered":"<p>[vc_row content_placement=\u00bbtop\u00bb bg_image=\u00bb2083&#8243; dt_parallax_inertia=\u00bb0&#8243;][vc_column][vc_row_inner][vc_column_inner]<div style=\"clear:both; width:100%; height:25px\"><\/div>[vc_column_text]<\/p>\n<h2><span style=\"color: #ffffff;\">SEMINARIOS Y JORNADAS<\/span><\/h2>\n<p>[\/vc_column_text][\/vc_column_inner][\/vc_row_inner][\/vc_column][\/vc_row][vc_row dt_row_type=\u00bbin_container\u00bb][vc_column]<div style=\"clear:both; width:100%; height:20px\"><\/div>[vc_column_text]<\/p>\n<h2>Octavas Jornadas de Econom\u00eda Monetaria e Internacional<\/h2>\n<p>[\/vc_column_text][vc_column_text]Realizadas en la UNLP, los d\u00edas 8 y 9 de mayo de 2003. Aula Magna de la Facultad de Ciencias Econ\u00f3micas de la Universidad Nacional de La Plata. Organizadas por el Departamento de Econom\u00eda.[\/vc_column_text][vc_separator border_width=\u00bb3&#8243;][vc_column_text]<strong>Comit\u00e9 Organizador<\/strong>[\/vc_column_text][vc_column_text]Jorge Carrera<br \/>\nDaniel Heymann<br \/>\nAgust\u00edn L\u00f3dola<br \/>\nFernando Navajas<br \/>\nAdolfo Sturzenegger<br \/>\nSecretario Ejecutivo: Federico Cerimedo[\/vc_column_text][vc_separator border_width=\u00bb3&#8243;][vc_column_text]<\/p>\n<h4><i class=\"fa fa-caret-right\"><\/i><a href=\"\/wp-content\/uploads\/2017\/06\/8programa.pdf\" target=\"_blank\"><strong> Programa<\/strong><\/a><\/h4>\n<p>[\/vc_column_text][vc_separator border_width=\u00bb3&#8243;][vc_column_text]<strong>Premio Profesor El\u00edas Salama<\/strong><\/p>\n<p>En el contexto de las Jornadas, el Departamento de Econom\u00eda de la Universidad Nacional de La Plata, entregar\u00e1 el Premio Profesor El\u00edas Salama al mejor trabajo en temas de econom\u00eda monetaria e internacional presentado por un economista reci\u00e9n graduado.<\/p>\n<p><strong>Jurado<\/strong><br \/>\nHildegart Ahumada (UTDT), Pedro Elosegui (UNLP), Emilio Espino (Institute for Advanced Studies, Austria), Huberto Ennis (Federal Reserve Bank of Richmond, EEUU) y Jos\u00e9 Wynne (Duke University, EEUU).[\/vc_column_text][vc_separator border_width=\u00bb3&#8243;][vc_column_text]<strong>Trabajos presentados<\/strong>[\/vc_column_text][vc_column_text]<\/p>\n<ul>\n<li>Ades, Alberto (Goldman, Sachs &amp; Co.); Buscaglia, Marcos (IAE School of Management and Business, Universidad Austral) y Masih, Rumi (Goldman, Sachs &amp; Co.). \u00abInflation Targeting in Emerging Market Countries. Too Much Exchange Rate Intervention?: A Test\u00bb.<\/li>\n<li>Arango, Luis E. y Betancourt, Yanneth R. (Banco de la Rep\u00fablica). \u00abA Signal of Imperfect Portfolio Capital Adjustments from the Relationship Between Yields of Domestic and Foreign Colombian Debt\u00bb.<\/li>\n<li>Ciocchini, Francisco J. (Universidad Cat\u00f3lica Argentina). \u00abCountry Risk, Private Debt, and Multiple Equilibria\u00bb.<\/li>\n<li>Escud\u00e9, Guillermo J. (Central Bank of Argentina). \u00abLong-Run Determinants of the Multilateral Real Exchange Rate in a Financially Dollarized Country with Diversified Trade\u00bb.<\/li>\n<li>Gay, Alejandro (CONICET y Universidad Nacional de C\u00f3rdoba) y Pellegrini, Santiago (Universidad Nacional de C\u00f3rdoba). \u00abTipo de Cambio Real y Crisis Cambiaria en Argentina\u00bb.<\/li>\n<li>Grandes, Martin (DELTA y OECD Development Centre). \u00abSustainable Debt Dynamics and the Endogenous Role of Sovereign Risk. Vicious and Virtuous Circles in a VECM Framework\u00bb.<\/li>\n<li>Kawamura, Enrique (Universidad de San Andr\u00e9s). \u00abDiamond-Dybvig Banks in Two-Good, Two-Currencies, Small Open Economies with Cash &#8211; In &#8211; Advance Constraints\u00bb.<\/li>\n<li>Licandro, Gerardo y Licandro, Jos\u00e9 Antonio (Central Bank of Uruguay). \u00abBuilding the Dedollarization Agenda: Lessons from the Uruguayan Case\u00bb.<\/li>\n<li>Porto, Guido G. (Development Research Group, The World Bank). \u00abTrade Reforms, Market Access and Poverty in Argentina\u00bb.<\/li>\n<li>Stein, Ernesto (Inter-American Development Bank) y Daude, Christian (University of Maryland at College Park). \u00abLongitude Matters: Time Zones and the Location of FDI\u00bb.<\/li>\n<li>Vargas, Sebastian (National Bureau of Public Credit-Secretary of Finance y UTDT). \u00abSovereign Debt Restructuring: Can Efficiency be Achieved with Asymmetric Information?\u00bb.<\/li>\n<li>Zambrano Berendsohn, Mario (Superintendencia de Bancos, Seguros y Pensiones). \u00abMedici\u00f3n del Riesgo Cambiario en Sistemas Financieros Latinoamericanos\u00bb.<\/li>\n<\/ul>\n<p>[\/vc_column_text][\/vc_column][\/vc_row]<\/p>\n","protected":false},"excerpt":{"rendered":"<p>[vc_row content_placement=\u00bbtop\u00bb bg_image=\u00bb2083&#8243; dt_parallax_inertia=\u00bb0&#8243;][vc_column][vc_row_inner][vc_column_inner][vc_column_text] SEMINARIOS Y JORNADAS [\/vc_column_text][\/vc_column_inner][\/vc_row_inner][\/vc_column][\/vc_row][vc_row dt_row_type=\u00bbin_container\u00bb][vc_column][vc_column_text] Octavas Jornadas de Econom\u00eda Monetaria e Internacional [\/vc_column_text][vc_column_text]Realizadas en la UNLP, los d\u00edas 8 y 9&#8230;<\/p>\n<p class=\"readmore\"><a class=\"more-btn\" href=\"https:\/\/depeco.econo.unlp.edu.ar\/?page_id=2627\">Read More<\/a><\/p>\n","protected":false},"author":1,"featured_media":0,"parent":2457,"menu_order":0,"comment_status":"closed","ping_status":"closed","template":"template-homepage.php","meta":[],"_links":{"self":[{"href":"https:\/\/depeco.econo.unlp.edu.ar\/index.php?rest_route=\/wp\/v2\/pages\/2627"}],"collection":[{"href":"https:\/\/depeco.econo.unlp.edu.ar\/index.php?rest_route=\/wp\/v2\/pages"}],"about":[{"href":"https:\/\/depeco.econo.unlp.edu.ar\/index.php?rest_route=\/wp\/v2\/types\/page"}],"author":[{"embeddable":true,"href":"https:\/\/depeco.econo.unlp.edu.ar\/index.php?rest_route=\/wp\/v2\/users\/1"}],"replies":[{"embeddable":true,"href":"https:\/\/depeco.econo.unlp.edu.ar\/index.php?rest_route=%2Fwp%2Fv2%2Fcomments&post=2627"}],"version-history":[{"count":1,"href":"https:\/\/depeco.econo.unlp.edu.ar\/index.php?rest_route=\/wp\/v2\/pages\/2627\/revisions"}],"predecessor-version":[{"id":2629,"href":"https:\/\/depeco.econo.unlp.edu.ar\/index.php?rest_route=\/wp\/v2\/pages\/2627\/revisions\/2629"}],"up":[{"embeddable":true,"href":"https:\/\/depeco.econo.unlp.edu.ar\/index.php?rest_route=\/wp\/v2\/pages\/2457"}],"wp:attachment":[{"href":"https:\/\/depeco.econo.unlp.edu.ar\/index.php?rest_route=%2Fwp%2Fv2%2Fmedia&parent=2627"}],"curies":[{"name":"wp","href":"https:\/\/api.w.org\/{rel}","templated":true}]}}