{"id":2630,"date":"2017-06-06T12:40:13","date_gmt":"2017-06-06T12:40:13","guid":{"rendered":"https:\/\/depeco.econo.unlp.edu.ar\/?page_id=2630"},"modified":"2017-06-06T12:40:13","modified_gmt":"2017-06-06T12:40:13","slug":"novenas-jornadas-de-economia-monetaria-e-internacional","status":"publish","type":"page","link":"https:\/\/depeco.econo.unlp.edu.ar\/?page_id=2630","title":{"rendered":"Novenas Jornadas de Econom\u00eda Monetaria e Internacional"},"content":{"rendered":"<p>[vc_row content_placement=\u00bbtop\u00bb bg_image=\u00bb2083&#8243; dt_parallax_inertia=\u00bb0&#8243;][vc_column][vc_row_inner][vc_column_inner]<div style=\"clear:both; width:100%; height:25px\"><\/div>[vc_column_text]<\/p>\n<h2><span style=\"color: #ffffff;\">SEMINARIOS Y JORNADAS<\/span><\/h2>\n<p>[\/vc_column_text][\/vc_column_inner][\/vc_row_inner][\/vc_column][\/vc_row][vc_row dt_row_type=\u00bbin_container\u00bb][vc_column]<div style=\"clear:both; width:100%; height:20px\"><\/div>[vc_column_text]<\/p>\n<h2>Novenas Jornadas de Econom\u00eda Monetaria e Internacional<\/h2>\n<p>[\/vc_column_text][vc_column_text]Realizadas en la UNLP, los d\u00edas 6 y 7 de mayo de 2004. Aula Magna de la Facultad de Ciencias Econ\u00f3micas de la Universidad Nacional de La Plata. Organizadas por el Departamento de Econom\u00eda.[\/vc_column_text][vc_separator border_width=\u00bb3&#8243;][vc_column_text]<strong>Comit\u00e9 Organizador<\/strong>[\/vc_column_text][vc_column_text]Jorge Carrera<br \/>\nDaniel Heymann<br \/>\nAgust\u00edn L\u00f3dola<br \/>\nLuis Secco<br \/>\nAdolfo Sturzenegger<br \/>\nSecretario Ejecutivo: Nicol\u00e1s Epele[\/vc_column_text][vc_separator border_width=\u00bb3&#8243;][vc_column_text]<\/p>\n<h4><i class=\"fa fa-caret-right\"><\/i><a href=\"\/wp-content\/uploads\/2017\/06\/9programa.pdf\" target=\"_blank\"><strong> Programa<\/strong><\/a><\/h4>\n<p>[\/vc_column_text][vc_separator border_width=\u00bb3&#8243;][vc_column_text]<strong>Premio Profesor El\u00edas Salama<\/strong><\/p>\n<p>En el contexto de las Jornadas, el Departamento de Econom\u00eda de la Universidad Nacional de La Plata, entregar\u00e1 el Premio Profesor El\u00edas Salama al mejor trabajo en temas de econom\u00eda monetaria e internacional presentado por un economista reci\u00e9n graduado. Las bases del concurso pueden consultarse aqu\u00ed. Los trabajos deber\u00e1n ser presentados personalmente o por correo en la Facultad de Ciencias Econ\u00f3micas, Universidad Nacional de La Plata, Calle 6 entre 47 y 48, 5to. piso, oficina 516 (1900) La Plata, Argentina<\/p>\n<p><strong>Jurado<\/strong><br \/>\nHildegart Ahumada (UTDT), Pedro Elosegui (UNLP), Emilio Espino (Institute for Advanced Studies, Austria), Huberto Ennis (Federal Reserve Bank of Richmond, EEUU) y Jos\u00e9 Wynne (Duke University, EEUU).[\/vc_column_text][vc_separator border_width=\u00bb3&#8243;][vc_column_text]<strong>Trabajos presentados<\/strong>[\/vc_column_text][vc_column_text]<\/p>\n<ul>\n<li>Arango, Luis Eduardo; Fl\u00f3rez, Luz Adriana y Arosemena, Ang\u00e9lica Mar\u00eda (Banco de la Republica, Colombia). <a href=\"\/wp-content\/uploads\/2017\/06\/9trabajo01.pdf\" target=\"_blank\">\u00abEl Tramo Corto de la Estructura a Plazo como Predictor de Expectativas de la Actividad Econ\u00f3mica en Colombia\u00bb <img decoding=\"async\" loading=\"lazy\" src=\"https:\/\/depeco.econo.unlp.edu.ar\/images\/icono-pdf.gif\" width=\"16\" height=\"16\" align=\"absmiddle\" border=\"0\" \/><\/a>.<\/li>\n<li>Armagno, Daniel (Universidad de Buenos Aires); Garc\u00eda Fronti, Javier (University of Warwick) y Rey, Sebasti\u00e1n (UBA). <a href=\"\/wp-content\/uploads\/2017\/06\/9trabajo02.pdf\" target=\"_blank\">\u00abAproximaci\u00f3n a un Modelo de Indicadores de Alerta Temprana Considerando la Funci\u00f3n de P\u00e9rdida del Banco Central\u00bb <img decoding=\"async\" loading=\"lazy\" src=\"https:\/\/depeco.econo.unlp.edu.ar\/images\/icono-pdf.gif\" width=\"16\" height=\"16\" align=\"absmiddle\" border=\"0\" \/><\/a>.<\/li>\n<li>Baeza, William (Banco Central de Chile). <a href=\"\/wp-content\/uploads\/2017\/06\/9trabajo03.pdf\" target=\"_blank\">\u00abBrecha del Producto: Una Medida Basada en Modelos\u00bb <img decoding=\"async\" loading=\"lazy\" src=\"https:\/\/depeco.econo.unlp.edu.ar\/images\/icono-pdf.gif\" width=\"16\" height=\"16\" align=\"absmiddle\" border=\"0\" \/><\/a>.<\/li>\n<li>Bebczuk, Ricardo N. (Universidad Nacional de La Plata). <a href=\"\/wp-content\/uploads\/2017\/06\/9trabajo04.pdf\" target=\"_blank\">\u00abReal Effects of Financial Crises in Latin America\u00bb <img decoding=\"async\" loading=\"lazy\" src=\"https:\/\/depeco.econo.unlp.edu.ar\/images\/icono-pdf.gif\" width=\"16\" height=\"16\" align=\"absmiddle\" border=\"0\" \/><\/a>.<\/li>\n<li>Cerro, Ana Mar\u00eda y Meloni, Osvaldo (Universidad Nacional de Tucum\u00e1n). <a href=\"\/wp-content\/uploads\/2017\/06\/9trabajo05.pdf\" target=\"_blank\">\u00abCrises and Crashes: Argentina 1885-2003\u00bb <img decoding=\"async\" loading=\"lazy\" src=\"https:\/\/depeco.econo.unlp.edu.ar\/images\/icono-pdf.gif\" width=\"16\" height=\"16\" align=\"absmiddle\" border=\"0\" \/><\/a>.<\/li>\n<li>Coremberg, Ariel Alberto (Direcci\u00f3n Nacional de Cuentas Nacionales, Argentina y IDES\/CEAV). <a href=\"\/wp-content\/uploads\/2017\/06\/9trabajo06.pdf\" target=\"_blank\">\u00abTFP Growth in Argentina during the 1990&#8217;s: A Stylized Fact?\u00bb <img decoding=\"async\" loading=\"lazy\" src=\"https:\/\/depeco.econo.unlp.edu.ar\/images\/icono-pdf.gif\" width=\"16\" height=\"16\" align=\"absmiddle\" border=\"0\" \/><\/a>.<\/li>\n<li>Dal Bianco, Marcos Jos\u00e9 (IAE, Escuela de Direcci\u00f3n y Negocios). <a href=\"\/wp-content\/uploads\/2017\/06\/9trabajo07.pdf\" target=\"_blank\">\u00abEl Tipo de Cambio Real Argentino 1913-2003: Testeando la Teor\u00eda de la Paridad de Poder Adquisitivo\u00bb <img decoding=\"async\" loading=\"lazy\" src=\"https:\/\/depeco.econo.unlp.edu.ar\/images\/icono-pdf.gif\" width=\"16\" height=\"16\" align=\"absmiddle\" border=\"0\" \/><\/a>.<\/li>\n<li>D&#8217;Amato, Laura (Banco Central de la Rep\u00fablica Argentina) y Garegnani, Lorena (BCRA y Universidad Nacional de La Plata) <a href=\"\/wp-content\/uploads\/2017\/06\/9trabajo08.pdf\" target=\"_blank\">\u00abThe Short-Run Dynamics of Inflation: Estimating a \u00abHybrid New Keynesian Phillips Curve\u00bb for Argentina\u00bb <img decoding=\"async\" loading=\"lazy\" src=\"https:\/\/depeco.econo.unlp.edu.ar\/images\/icono-pdf.gif\" width=\"16\" height=\"16\" align=\"absmiddle\" border=\"0\" \/><\/a>.<\/li>\n<li>Escobar Pati\u00f1o, Fernando (Banco Central de Bolivia). <a href=\"\/wp-content\/uploads\/2017\/06\/9trabajo09.pdf\" target=\"_blank\">\u00abEfectos de las Variaciones del Tipo de Cambio Sobre las Actividades de Intermediaci\u00f3n Financiera de Bolivia: 1990-2003\u00bb <img decoding=\"async\" loading=\"lazy\" src=\"https:\/\/depeco.econo.unlp.edu.ar\/images\/icono-pdf.gif\" width=\"16\" height=\"16\" align=\"absmiddle\" border=\"0\" \/><\/a>.<\/li>\n<li>Escud\u00e9, Guillermo J. (Banco Central de la Rep\u00fablica Argentina). <a href=\"\/wp-content\/uploads\/2017\/06\/9trabajo10.pdf\" target=\"_blank\">\u00abDollar Strength, Peso Vulnerability to Sudden Stops: A Perfect Foresight Model of Argentina&#8217;s Convertibility\u00bb <img decoding=\"async\" loading=\"lazy\" src=\"https:\/\/depeco.econo.unlp.edu.ar\/images\/icono-pdf.gif\" width=\"16\" height=\"16\" align=\"absmiddle\" border=\"0\" \/><\/a>.<\/li>\n<li>Gabrielli, Ma. Florencia; McCandless, George y Rouillet, Ma. Josefina (Banco Central de la Rep\u00fablica Argentina). <a href=\"\/wp-content\/uploads\/2017\/06\/9trabajo11.pdf\" target=\"_blank\">\u00abThe Intertemporal Relation Between Money And Prices: Evidence From Argentina\u00bb <img decoding=\"async\" loading=\"lazy\" src=\"https:\/\/depeco.econo.unlp.edu.ar\/images\/icono-pdf.gif\" width=\"16\" height=\"16\" align=\"absmiddle\" border=\"0\" \/><\/a>.<\/li>\n<li>Heymann, Daniel (ECLAC) y Kawamura, Enrique (Universidad de San Andr\u00e9s). <a href=\"\/wp-content\/uploads\/2017\/06\/9trabajo12.pdf\" target=\"_blank\">\u00abA Simple Theoretical Framework for the Analysis of Liability Dollarization\u00bb <img decoding=\"async\" loading=\"lazy\" src=\"https:\/\/depeco.econo.unlp.edu.ar\/images\/icono-pdf.gif\" width=\"16\" height=\"16\" align=\"absmiddle\" border=\"0\" \/><\/a>.<\/li>\n<li>Keifman, Sa\u00fal (CONICET y Universidad de Buenos Aires). <a href=\"\/wp-content\/uploads\/2017\/06\/9trabajo13.pdf\" target=\"_blank\">\u00abSobre la Econom\u00eda Pol\u00edtica de la Pol\u00edtica Monetaria\u00bb <img decoding=\"async\" loading=\"lazy\" src=\"https:\/\/depeco.econo.unlp.edu.ar\/images\/icono-pdf.gif\" width=\"16\" height=\"16\" align=\"absmiddle\" border=\"0\" \/><\/a>.<\/li>\n<li>Lacunza, Hern\u00e1n (Centro de Econom\u00eda Internacional y Universidad del Salvador); Jorge Carrera (CEI y Universidad Nacional de La Plata); Mart\u00edn Cicowiez (CEI y UNLP) y Saavedra, Marcelo (CEI y UNLP). <a href=\"\/wp-content\/uploads\/2017\/06\/9trabajo14.pdf\" target=\"_blank\">\u00abCooperaci\u00f3n Macroecon\u00f3mica en el Mercosur: Un An\u00e1lisis de la Interdependencia y Una Propuesta de Coordinaci\u00f3n\u00bb <img decoding=\"async\" loading=\"lazy\" src=\"https:\/\/depeco.econo.unlp.edu.ar\/images\/icono-pdf.gif\" width=\"16\" height=\"16\" align=\"absmiddle\" border=\"0\" \/><\/a>.<\/li>\n<li>Marongiu, Federico (Universidad Nacional de Buenos Aires). <a href=\"\/wp-content\/uploads\/2017\/06\/9trabajo15.pdf\" target=\"_blank\">\u00abDevaluaci\u00f3n e Inflaci\u00f3n en Argentina despu\u00e9s de la Convertibilidad\u00bb <img decoding=\"async\" loading=\"lazy\" src=\"https:\/\/depeco.econo.unlp.edu.ar\/images\/icono-pdf.gif\" width=\"16\" height=\"16\" align=\"absmiddle\" border=\"0\" \/><\/a>.<\/li>\n<li>Miller, Marcus (University of Warwick and CEPR); Garc\u00eda Fronti, Javier (Universidad de Buenos Aires) y Zhang, Lei (University of Warwick). \u00abDefault, Devaluation and Depression: Argentina after 2001\u00bb.<\/li>\n<li>Porto, Guido G. (The World Bank). <a href=\"\/wp-content\/uploads\/2017\/06\/9trabajo17.pdf\" target=\"_blank\">\u00abEstimating Household Responses to Price Reforms: Trade, Agricultural Income and Labor Supply in Mexico\u00bb <img decoding=\"async\" loading=\"lazy\" src=\"https:\/\/depeco.econo.unlp.edu.ar\/images\/icono-pdf.gif\" width=\"16\" height=\"16\" align=\"absmiddle\" border=\"0\" \/><\/a>.<\/li>\n<li>Schclarek, Alfredo (Lund University, Sweden). <a href=\"\/wp-content\/uploads\/2017\/06\/9trabajo18.pdf\" target=\"_blank\">\u00abPol\u00edtica Fiscal y Consumo Privado: Algunas Extensiones\u00bb <img decoding=\"async\" loading=\"lazy\" src=\"https:\/\/depeco.econo.unlp.edu.ar\/images\/icono-pdf.gif\" width=\"16\" height=\"16\" align=\"absmiddle\" border=\"0\" \/><\/a>.<\/li>\n<li>Sonnet, Fernando; Ju\u00e1rez de Perona, Graziela y Berniell, Lucila (Universidad Nacional de C\u00f3rdoba).<a href=\"\/wp-content\/uploads\/2017\/06\/9trabajo19.pdf\" target=\"_blank\">\u00abLa Industria de Oleaginosos en Argentina: Competitividad y Proteccionismo\u00bb <img decoding=\"async\" loading=\"lazy\" src=\"https:\/\/depeco.econo.unlp.edu.ar\/images\/icono-pdf.gif\" width=\"16\" height=\"16\" align=\"absmiddle\" border=\"0\" \/><\/a>.<\/li>\n<li>Weinschelbaum, Federico (Universidad de San Andres) y Wynne, Jos\u00e9 (Duke University).<a href=\"\/wp-content\/uploads\/2017\/06\/9trabajo20.pdf\" target=\"_blank\">\u00abRenegotiation, Collective Action Clauses and Sovereign Debt Markets\u00bb <img decoding=\"async\" loading=\"lazy\" src=\"https:\/\/depeco.econo.unlp.edu.ar\/images\/icono-pdf.gif\" width=\"16\" height=\"16\" align=\"absmiddle\" border=\"0\" \/><\/a>.<\/li>\n<li>Zambrano Berendsohn, Mario (Superintendencia de Bancos, Seguros y Pensiones de Per\u00fa). <a href=\"\/wp-content\/uploads\/2017\/06\/9trabajo21.pdf\" target=\"_blank\">\u00abUn Modelo B\u00e1sico Crediticio: Regulaci\u00f3n Prudencial, Volatilidad Cambiaria y Medici\u00f3n de Riesgos\u00bb <img decoding=\"async\" loading=\"lazy\" src=\"https:\/\/depeco.econo.unlp.edu.ar\/images\/icono-pdf.gif\" width=\"16\" height=\"16\" align=\"absmiddle\" border=\"0\" \/><\/a>.<\/li>\n<\/ul>\n<p>[\/vc_column_text][\/vc_column][\/vc_row]<\/p>\n","protected":false},"excerpt":{"rendered":"<p>[vc_row content_placement=\u00bbtop\u00bb bg_image=\u00bb2083&#8243; dt_parallax_inertia=\u00bb0&#8243;][vc_column][vc_row_inner][vc_column_inner][vc_column_text] SEMINARIOS Y JORNADAS [\/vc_column_text][\/vc_column_inner][\/vc_row_inner][\/vc_column][\/vc_row][vc_row dt_row_type=\u00bbin_container\u00bb][vc_column][vc_column_text] Novenas Jornadas de Econom\u00eda Monetaria e Internacional [\/vc_column_text][vc_column_text]Realizadas en la UNLP, los d\u00edas 6 y 7&#8230;<\/p>\n<p class=\"readmore\"><a class=\"more-btn\" href=\"https:\/\/depeco.econo.unlp.edu.ar\/?page_id=2630\">Read More<\/a><\/p>\n","protected":false},"author":1,"featured_media":0,"parent":2457,"menu_order":0,"comment_status":"closed","ping_status":"closed","template":"template-homepage.php","meta":[],"_links":{"self":[{"href":"https:\/\/depeco.econo.unlp.edu.ar\/index.php?rest_route=\/wp\/v2\/pages\/2630"}],"collection":[{"href":"https:\/\/depeco.econo.unlp.edu.ar\/index.php?rest_route=\/wp\/v2\/pages"}],"about":[{"href":"https:\/\/depeco.econo.unlp.edu.ar\/index.php?rest_route=\/wp\/v2\/types\/page"}],"author":[{"embeddable":true,"href":"https:\/\/depeco.econo.unlp.edu.ar\/index.php?rest_route=\/wp\/v2\/users\/1"}],"replies":[{"embeddable":true,"href":"https:\/\/depeco.econo.unlp.edu.ar\/index.php?rest_route=%2Fwp%2Fv2%2Fcomments&post=2630"}],"version-history":[{"count":1,"href":"https:\/\/depeco.econo.unlp.edu.ar\/index.php?rest_route=\/wp\/v2\/pages\/2630\/revisions"}],"predecessor-version":[{"id":2649,"href":"https:\/\/depeco.econo.unlp.edu.ar\/index.php?rest_route=\/wp\/v2\/pages\/2630\/revisions\/2649"}],"up":[{"embeddable":true,"href":"https:\/\/depeco.econo.unlp.edu.ar\/index.php?rest_route=\/wp\/v2\/pages\/2457"}],"wp:attachment":[{"href":"https:\/\/depeco.econo.unlp.edu.ar\/index.php?rest_route=%2Fwp%2Fv2%2Fmedia&parent=2630"}],"curies":[{"name":"wp","href":"https:\/\/api.w.org\/{rel}","templated":true}]}}