{"id":2661,"date":"2017-06-06T17:15:35","date_gmt":"2017-06-06T17:15:35","guid":{"rendered":"https:\/\/depeco.econo.unlp.edu.ar\/?page_id=2661"},"modified":"2017-06-06T17:15:35","modified_gmt":"2017-06-06T17:15:35","slug":"sextas-jornadas-de-economia-monetaria-e-internacional","status":"publish","type":"page","link":"https:\/\/depeco.econo.unlp.edu.ar\/?page_id=2661","title":{"rendered":"Sextas Jornadas de Econom\u00eda Monetaria e Internacional"},"content":{"rendered":"<p>[vc_row content_placement=\u00bbtop\u00bb bg_image=\u00bb2083&#8243; dt_parallax_inertia=\u00bb0&#8243;][vc_column][vc_row_inner][vc_column_inner]<div style=\"clear:both; width:100%; height:25px\"><\/div>[vc_column_text]<\/p>\n<h2><span style=\"color: #ffffff;\">SEMINARIOS Y JORNADAS<\/span><\/h2>\n<p>[\/vc_column_text][\/vc_column_inner][\/vc_row_inner][\/vc_column][\/vc_row][vc_row dt_row_type=\u00bbin_container\u00bb][vc_column]<div style=\"clear:both; width:100%; height:20px\"><\/div>[vc_column_text]<\/p>\n<h2>Sextas Jornadas de Econom\u00eda Monetaria e Internacional<\/h2>\n<p>[\/vc_column_text][vc_column_text]Realizadas en la UNLP, los d\u00edas 10 y 11 de mayo de 2001. Aula Magna de la Facultad de Ciencias Econ\u00f3micas de la Universidad Nacional de La Plata. Organizadas por el Departamento de Econom\u00eda.[\/vc_column_text][vc_separator border_width=\u00bb3&#8243;][vc_column_text]<strong>Comit\u00e9 Organizador<\/strong>[\/vc_column_text][vc_column_text]Jorge Carrera<br \/>\nEmilio Espino<br \/>\nElias Salama<br \/>\nAdolfo Sturzenegger<br \/>\nSecretario Ejecutivo: Agust\u00edn L\u00f3dola[\/vc_column_text][vc_separator border_width=\u00bb3&#8243;][vc_column_text]<\/p>\n<h4><i class=\"fa fa-caret-right\"><\/i><strong> Programa<\/strong><\/h4>\n<p>[\/vc_column_text][vc_separator border_width=\u00bb3&#8243;][vc_column_text]<strong>Trabajos presentados<\/strong>[\/vc_column_text][vc_column_text]<\/p>\n<ul>\n<li>Bebczuk, Ricardo (UNLP). <a href=\"\/wp-content\/uploads\/2017\/06\/6trabajo3.pdf\" target=\"_blank\">\u00abCorporate Finance, Financial Development, and Growth\u00bb<\/a>.<\/li>\n<li>Burdisso, Tamara (BCRA), Marcelo Catena (CERES) y Laura D&#8217;Amato (BCRA). <a href=\"\/wp-content\/uploads\/2017\/06\/6trabajo4.pdf\" target=\"_blank\">\u00abBank Competition in Argentina: 1997-1999\u00bb<\/a>.<\/li>\n<li>Carrera, Jorge (UNLP), Ana Paula Cusolito (UNLP), Mariano F\u00e9liz (PIETTE-CONICET, UNLP) y Demian Panigo (PIETTE-CONICET, UNLP). <a href=\"\/wp-content\/uploads\/2017\/06\/6trabajo5.pdf\" target=\"_blank\">\u00abUn enfoque econom\u00e9trico al riesgo macroecon\u00f3mico. Un an\u00e1lisis entre pa\u00edses\u00bb<\/a>.<\/li>\n<li>Druck, Pablo (CEMA) y Eduardo Mor\u00f3n (Universidad del Pac\u00edfico, Per\u00fa). <a href=\"\/wp-content\/uploads\/2017\/06\/6trabajo2.pdf\" target=\"_blank\">\u00abThe Twin Risks in the Dollarization Debate: Country and Devaluation Risks\u00bb<\/a>.<\/li>\n<li>Ennis, Huberto (Federal Reserve Bank of Richmond, EEUU). <a href=\"\/wp-content\/uploads\/2017\/06\/6trabajo1.pdf\" target=\"_blank\">\u00abBanking and the Political Support for Dollarization\u00bb<\/a>.<\/li>\n<li>Galindo, Arturo y Alejandro Micco (BID). <a href=\"\/wp-content\/uploads\/2017\/06\/6trabajo8.pdf\" target=\"_blank\">\u00abCreditor Protection and Financial Cycles\u00bb<\/a>.<\/li>\n<li>Giambiaggi, Fabio (BNDES, Brasil). <a href=\"\/wp-content\/uploads\/2017\/06\/6trabajo7.pdf\" target=\"_blank\">\u00ab\u00c0 procura de um consenso fiscal: O que Podemos aprender da experi\u00eancia internacional?\u00bb<\/a>.<\/li>\n<li>Kydland, Finn E. (Carnegie-Mellon University, EEUU) y Carlos Zarazaga (Federal Reserve Bank of Dallas, EEUU). <a href=\"\/wp-content\/uploads\/2017\/06\/6trabajo10.pdf\" target=\"_blank\">\u00abArgentina&#8217;s growth experience during the lost decade and the 1990s\u00bb<\/a>.<\/li>\n<li>Levy Yeyati, Eduardo (UTDT) y Federico Sturzenegger (UTDT). <a href=\"\/wp-content\/uploads\/2017\/06\/6trabajo12.pdf\" target=\"_blank\">\u00abTo Float or to Trail: Evidence on the Impact of Exchange Rate Regimes\u00bb<\/a>.<\/li>\n<li>Mendoza, Enrique G. (Duke University y NBER, EEUU). <a href=\"\/wp-content\/uploads\/2017\/06\/6trabajo11.pdf\" target=\"_blank\">\u00abCredit, Prices, and Crashes: Business Cycles with a Sudden Stop\u00bb<\/a>.<\/li>\n<li>Miotti, Luis, Dominique Plihon y Carlos Quenan (Universidad de Par\u00eds, Francia). <a href=\"\/wp-content\/uploads\/2017\/06\/6trabajo6.pdf\" target=\"_blank\">\u00abLos efectos del euro en las relaciones financieras entre Am\u00e9rica Latina y Europa\u00bb<\/a>.<\/li>\n<li>Oviedo, Pedro Marcelo (North Carolina State University, EEUU). <a href=\"\/wp-content\/uploads\/2017\/06\/6trabajo9.pdf\" target=\"_blank\">\u00abBusiness cycles in a small open economy with a banking sector\u00bb<\/a>.<\/li>\n<\/ul>\n<p>[\/vc_column_text][\/vc_column][\/vc_row]<\/p>\n","protected":false},"excerpt":{"rendered":"<p>[vc_row content_placement=\u00bbtop\u00bb bg_image=\u00bb2083&#8243; dt_parallax_inertia=\u00bb0&#8243;][vc_column][vc_row_inner][vc_column_inner][vc_column_text] SEMINARIOS Y JORNADAS [\/vc_column_text][\/vc_column_inner][\/vc_row_inner][\/vc_column][\/vc_row][vc_row dt_row_type=\u00bbin_container\u00bb][vc_column][vc_column_text] Sextas Jornadas de Econom\u00eda Monetaria e Internacional [\/vc_column_text][vc_column_text]Realizadas en la UNLP, los d\u00edas 10 y 11&#8230;<\/p>\n<p class=\"readmore\"><a class=\"more-btn\" href=\"https:\/\/depeco.econo.unlp.edu.ar\/?page_id=2661\">Read More<\/a><\/p>\n","protected":false},"author":1,"featured_media":0,"parent":2457,"menu_order":0,"comment_status":"closed","ping_status":"closed","template":"template-homepage.php","meta":[],"_links":{"self":[{"href":"https:\/\/depeco.econo.unlp.edu.ar\/index.php?rest_route=\/wp\/v2\/pages\/2661"}],"collection":[{"href":"https:\/\/depeco.econo.unlp.edu.ar\/index.php?rest_route=\/wp\/v2\/pages"}],"about":[{"href":"https:\/\/depeco.econo.unlp.edu.ar\/index.php?rest_route=\/wp\/v2\/types\/page"}],"author":[{"embeddable":true,"href":"https:\/\/depeco.econo.unlp.edu.ar\/index.php?rest_route=\/wp\/v2\/users\/1"}],"replies":[{"embeddable":true,"href":"https:\/\/depeco.econo.unlp.edu.ar\/index.php?rest_route=%2Fwp%2Fv2%2Fcomments&post=2661"}],"version-history":[{"count":1,"href":"https:\/\/depeco.econo.unlp.edu.ar\/index.php?rest_route=\/wp\/v2\/pages\/2661\/revisions"}],"predecessor-version":[{"id":2674,"href":"https:\/\/depeco.econo.unlp.edu.ar\/index.php?rest_route=\/wp\/v2\/pages\/2661\/revisions\/2674"}],"up":[{"embeddable":true,"href":"https:\/\/depeco.econo.unlp.edu.ar\/index.php?rest_route=\/wp\/v2\/pages\/2457"}],"wp:attachment":[{"href":"https:\/\/depeco.econo.unlp.edu.ar\/index.php?rest_route=%2Fwp%2Fv2%2Fmedia&parent=2661"}],"curies":[{"name":"wp","href":"https:\/\/api.w.org\/{rel}","templated":true}]}}