{"id":2675,"date":"2017-06-06T17:32:47","date_gmt":"2017-06-06T17:32:47","guid":{"rendered":"https:\/\/depeco.econo.unlp.edu.ar\/?page_id=2675"},"modified":"2017-09-01T14:51:48","modified_gmt":"2017-09-01T14:51:48","slug":"quintas-jornadas-de-economia-monetaria-e-internacional","status":"publish","type":"page","link":"https:\/\/depeco.econo.unlp.edu.ar\/?page_id=2675","title":{"rendered":"Quintas Jornadas de Econom\u00eda Monetaria e Internacional"},"content":{"rendered":"<p>[vc_row content_placement=\u00bbtop\u00bb bg_image=\u00bb2083&#8243; dt_parallax_inertia=\u00bb0&#8243;][vc_column][vc_row_inner][vc_column_inner]<div style=\"clear:both; width:100%; height:25px\"><\/div>[vc_column_text]<\/p>\n<h2><span style=\"color: #ffffff;\">SEMINARIOS Y JORNADAS<\/span><\/h2>\n<p>[\/vc_column_text][\/vc_column_inner][\/vc_row_inner][\/vc_column][\/vc_row][vc_row dt_row_type=\u00bbin_container\u00bb][vc_column]<div style=\"clear:both; width:100%; height:20px\"><\/div>[vc_column_text]<\/p>\n<h2>Quintas Jornadas de Econom\u00eda Monetaria e Internacional<\/h2>\n<p>[\/vc_column_text][vc_column_text]Realizadas en la UNLP, los d\u00edas 11 y 12 de mayo de 2000. Aula Magna de la Facultad de Ciencias Econ\u00f3micas de la Universidad Nacional de La Plata. Organizadas por el Departamento de Econom\u00eda.[\/vc_column_text][vc_separator border_width=\u00bb3&#8243;][vc_column_text]<\/p>\n<h3><strong>Comit\u00e9 Organizador<\/strong><\/h3>\n<p>[\/vc_column_text][vc_column_text]Hildergart Ahumada<br \/>\nDaniel Artana<br \/>\nElias Salama<br \/>\nAdolfo Sturzenegger<br \/>\nSecretario Ejecutivo: Agust\u00edn L\u00f3dola[\/vc_column_text][vc_separator border_width=\u00bb3&#8243;][vc_column_text]<\/p>\n<h3><strong> Programa<\/strong><\/h3>\n<p>[\/vc_column_text][vc_separator border_width=\u00bb3&#8243;][vc_column_text]<\/p>\n<h3><strong>Trabajos presentados<\/strong><\/h3>\n<p>[\/vc_column_text][vc_column_text]<\/p>\n<ul>\n<li>Ahumada, Hildegart (ITDT y UTDT); Canavese, Alfredo (ITDT, UTDT y Conicet) y Gonzalez Alvaredo, Facundo (ITDT, UTDT y Conicet). <a href=\"\/wp-content\/uploads\/2017\/06\/5trabajo2.pdf\">\u00abUn an\u00e1lisis comparativo del impacto distributivo del impuesto inflacionario y de un impuesto sobre el consumo\u00bb<\/a>.<\/li>\n<li>Bebczuk, Ricardo (UNLP). \u00abCorporate Saving and Financing Decisions in Latin America\u00bb.<\/li>\n<li>Bosch Mossi, Mariano (Universidad Polit\u00e9cnica de Cartagena); Aroca, Patricio (Universidad Cat\u00f3lica del Norte, Chile) y Fern\u00e1ndez, J. Ismael (Universidad de Valencia). <a href=\"\/wp-content\/uploads\/2017\/06\/5trabajo6.pdf\" target=\"_blank\">\u00abSpace and Regional Convergence in Brazil\u00bb<\/a>.<\/li>\n<li>Burdisso, Tamara (BCRA) y D&#8217;Amato, Laura (BCRA). <a href=\"\/wp-content\/uploads\/2017\/06\/5trabajo11.pdf\" target=\"_blank\">\u00abPrudential regulations, restructuring and competition: the case of the Argentine Banking Industry\u00bb<\/a>.<\/li>\n<li>Carrasquilla, Alberto; Galindo, Arturo y Vasquez, Diego (Banco Central de Colombia). <a href=\"\/wp-content\/uploads\/2017\/06\/5trabajo10.pdf\" target=\"_blank\">\u00abEl Gran Apret\u00f3n Crediticio en Colombia: Una Interpretaci\u00f3n\u00bb<\/a>.<\/li>\n<li>Carrera, Jorge Eduardo (CACES-UBA y UNLP); F\u00e9liz, Mariano (CACES-UBA, PIETTE-CONICET y UNLP) y Tupac Panigo, Demian (CACES-UBA, PIETTE-CONICET y UNLP). <a href=\"\/wp-content\/uploads\/2017\/06\/5trabajo4.pdf\" target=\"_blank\">\u00abHow does dollarization affect real volatility and country risk?\u00bb<\/a>.<\/li>\n<li>Cuadros, Ana (Universitat Jaume I); Cantavella, Manuel (Universitat Jaume I), Fern\u00e1ndez, J. Ismael (Universidad de Valencia) y Su\u00e1rez, Celestino (Universitat Jaume I). <a href=\"\/wp-content\/uploads\/2017\/06\/5trabajo7.pdf\" target=\"_blank\">\u00abEl Comercio Atl\u00e1ntico de la Uni\u00f3n Europea: Mercosur y Nafta\u00bb<\/a>.<\/li>\n<li>Ize, Alain (IMF) y Levy Yeyati, Eduardo (UTDT). <a href=\"\/wp-content\/uploads\/2017\/06\/5trabajo3.pdf\" target=\"_blank\">\u00abFinancial Dollarization\u00bb<\/a>.<\/li>\n<li>Levy Yeyati, Eduardo (UTDT) y Sturzenegger, Federico (UTDT). <a href=\"\/wp-content\/uploads\/2017\/06\/5trabajo5.pdf\" target=\"_blank\">\u00abClassifying Exchange Rate Regimes: Deeds vs. Words\u00bb<\/a>.<\/li>\n<li>Licandro, Gerardo (Banco Central de Uruguay). \u00abChronic Inflation Countries: Is monetary policy too costly?\u00bb.<\/li>\n<li>Mart\u00ednez Trigueros, Lorenza (Banco de M\u00e9xico). <a href=\"\/wp-content\/uploads\/2017\/06\/5trabajo1.pdf\" target=\"_blank\">\u00abEl efecto de la inflaci\u00f3n en la desigualdad econ\u00f3mica\u00bb<\/a>.<\/li>\n<\/ul>\n<p>[\/vc_column_text][\/vc_column][\/vc_row]<\/p>\n","protected":false},"excerpt":{"rendered":"<p>[vc_row content_placement=\u00bbtop\u00bb bg_image=\u00bb2083&#8243; dt_parallax_inertia=\u00bb0&#8243;][vc_column][vc_row_inner][vc_column_inner][vc_column_text] SEMINARIOS Y JORNADAS [\/vc_column_text][\/vc_column_inner][\/vc_row_inner][\/vc_column][\/vc_row][vc_row dt_row_type=\u00bbin_container\u00bb][vc_column][vc_column_text] Quintas Jornadas de Econom\u00eda Monetaria e Internacional [\/vc_column_text][vc_column_text]Realizadas en la UNLP, los d\u00edas 11 y 12&#8230;<\/p>\n<p class=\"readmore\"><a class=\"more-btn\" href=\"https:\/\/depeco.econo.unlp.edu.ar\/?page_id=2675\">Read More<\/a><\/p>\n","protected":false},"author":1,"featured_media":0,"parent":2457,"menu_order":0,"comment_status":"closed","ping_status":"closed","template":"template-homepage.php","meta":[],"_links":{"self":[{"href":"https:\/\/depeco.econo.unlp.edu.ar\/index.php?rest_route=\/wp\/v2\/pages\/2675"}],"collection":[{"href":"https:\/\/depeco.econo.unlp.edu.ar\/index.php?rest_route=\/wp\/v2\/pages"}],"about":[{"href":"https:\/\/depeco.econo.unlp.edu.ar\/index.php?rest_route=\/wp\/v2\/types\/page"}],"author":[{"embeddable":true,"href":"https:\/\/depeco.econo.unlp.edu.ar\/index.php?rest_route=\/wp\/v2\/users\/1"}],"replies":[{"embeddable":true,"href":"https:\/\/depeco.econo.unlp.edu.ar\/index.php?rest_route=%2Fwp%2Fv2%2Fcomments&post=2675"}],"version-history":[{"count":3,"href":"https:\/\/depeco.econo.unlp.edu.ar\/index.php?rest_route=\/wp\/v2\/pages\/2675\/revisions"}],"predecessor-version":[{"id":3390,"href":"https:\/\/depeco.econo.unlp.edu.ar\/index.php?rest_route=\/wp\/v2\/pages\/2675\/revisions\/3390"}],"up":[{"embeddable":true,"href":"https:\/\/depeco.econo.unlp.edu.ar\/index.php?rest_route=\/wp\/v2\/pages\/2457"}],"wp:attachment":[{"href":"https:\/\/depeco.econo.unlp.edu.ar\/index.php?rest_route=%2Fwp%2Fv2%2Fmedia&parent=2675"}],"curies":[{"name":"wp","href":"https:\/\/api.w.org\/{rel}","templated":true}]}}