{"id":2686,"date":"2017-06-06T17:53:42","date_gmt":"2017-06-06T17:53:42","guid":{"rendered":"https:\/\/depeco.econo.unlp.edu.ar\/?page_id=2686"},"modified":"2017-06-07T16:00:02","modified_gmt":"2017-06-07T16:00:02","slug":"cuartas-jornadas-de-economia-monetaria-e-internacional","status":"publish","type":"page","link":"https:\/\/depeco.econo.unlp.edu.ar\/?page_id=2686","title":{"rendered":"Cuartas Jornadas de Econom\u00eda Monetaria e Internacional"},"content":{"rendered":"<p>[vc_row content_placement=\u00bbtop\u00bb bg_image=\u00bb2083&#8243; dt_parallax_inertia=\u00bb0&#8243;][vc_column][vc_row_inner][vc_column_inner]<div style=\"clear:both; width:100%; height:25px\"><\/div>[vc_column_text]<\/p>\n<h2><span style=\"color: #ffffff;\">SEMINARIOS Y JORNADAS<\/span><\/h2>\n<p>[\/vc_column_text][\/vc_column_inner][\/vc_row_inner][\/vc_column][\/vc_row][vc_row dt_row_type=\u00bbin_container\u00bb][vc_column]<div style=\"clear:both; width:100%; height:20px\"><\/div>[vc_column_text]<\/p>\n<h2>Cuartas Jornadas de Econom\u00eda Monetaria e Internacional<\/h2>\n<p>[\/vc_column_text][vc_column_text]Realizadas en La Plata, los d\u00eda 6 y 7 de mayo de 1999. Aula Magna de la Facultad de Ciencias Econ\u00f3micas de la Universidad Nacional de La Plata. Organizadas por el Departamento de Econom\u00eda.[\/vc_column_text][vc_separator border_width=\u00bb3&#8243;][vc_column_text]<strong>Comit\u00e9 Organizador<\/strong>[\/vc_column_text][vc_column_text]Daniel Artana<br \/>\nRicardo Lopez Murphy<br \/>\nEl\u00edas Salama<br \/>\nAdolfo Sturzenegger<br \/>\nSecretario Ejecutivo: Agust\u00edn L\u00f3dola[\/vc_column_text][vc_separator border_width=\u00bb3&#8243;][vc_column_text]<\/p>\n<h4><i class=\"fa fa-caret-right\"><\/i><a href=\"\/wp-content\/uploads\/2017\/06\/4programa-1.pdf\" target=\"_blank\"><strong> Programa<\/strong><\/a><\/h4>\n<p>[\/vc_column_text][vc_separator border_width=\u00bb3&#8243;][vc_column_text]<strong>Trabajos presentados<\/strong>[\/vc_column_text][vc_column_text]<\/p>\n<ul>\n<li>Ahumada, Hildegart (ITDT y UNLP) y Garegnani, Mar\u00eda Lorena (UNLP). \u00ab<a href=\"\/wp-content\/uploads\/2017\/06\/04trabajo01.pdf\" target=\"_blank\">Hodrick-Prescott Filter in Practice<\/a>\u00ab. (88 KB).<\/li>\n<li>Arnaudo, Aldo y Buraschi, Marta (Uiversidad Nacional de C\u00f3rdoba). \u00ab<a href=\"\/wp-content\/uploads\/2017\/06\/04trabajo02.pdf\" target=\"_blank\">Dos Pol\u00edticas para Enfrentar una Crisis Financiera: Experiencias de M\u00e9jico y Argentina ante el Tequila<\/a>\u00ab. (66 KB).<\/li>\n<li>Avila, Jorge (CEMA). \u00ab<a href=\"\/wp-content\/uploads\/2017\/06\/04trabajo03.pdf\" target=\"_blank\">El Potencial Argentino de Crecimiento<\/a>\u00ab. (85 KB).<\/li>\n<li>Carrera, Jorge (UNLP); Feliz, Mariano (UNLP) y Panigo, Demian (UNLP). \u00ab<a href=\"\/wp-content\/uploads\/2017\/06\/04trabajo04.pdf\" target=\"_blank\">Una Medici\u00f3n de los Canales de Transmisi\u00f3n de las Fluctuaciones Econ\u00f3micas. El Caso de Argentina y los Estados Unidos<\/a>\u00ab. (458 KB).<\/li>\n<li>Cerro, Ana Mar\u00eda (Universidad Nacional de Tucum\u00e1n). \u00ab<a href=\"\/wp-content\/uploads\/2017\/06\/04trabajo05.pdf\" target=\"_blank\">La Conducta C\u00edclica de la Econom\u00eda Argentina y el Comportamiento del Dinero en el Ciclo Econ\u00f3mico. Argentina 1820-1998<\/a>\u00ab. (170 KB).<\/li>\n<li>Coremberg, Ariel Alberto (MEyOSP y UBA). \u00ab<a href=\"\/wp-content\/uploads\/2017\/06\/04trabajo06.pdf\" target=\"_blank\">Asignaci\u00f3n Intersectorial del Capital, Precios Relativos e Incertidumbre en una Econom\u00eda Abierta<\/a>\u00ab. (64 KB).<\/li>\n<li>Galiani, Sebasti\u00e1n; Lamarche, Carlos; Porto, Alberto y Sosa Escudero, Walter (UNLP). \u00ab<a href=\"\/wp-content\/uploads\/2017\/06\/04trabajo08.pdf\" target=\"_blank\">Regional Unemployment in Argentina<\/a>\u00ab. (71 KB).<\/li>\n<li>Galper\u00edn, Carlos (CEI y UB); Fern\u00e1ndez, Silvana (CEI) y Doporto, Ivana (UB). \u00ab<a href=\"\/wp-content\/uploads\/2017\/06\/04trabajo09.pdf\" target=\"_blank\">Los Requisitos de Acceso de Car\u00e1cter Ambiental: \u00bfUn Problema Futuro para las Exportaciones Argentinas?<\/a>\u00ab. (56 KB).<\/li>\n<li>Gay, Alejandro (Universidad Nacional de C\u00f3rdoba y CONICET). \u00ab<a href=\"\/wp-content\/uploads\/2017\/06\/04trabajo10.pdf\" target=\"_blank\">La crisis Mexicana y el Ajuste de la Econom\u00eda Argentina<\/a>\u00ab. (57 KB).<\/li>\n<li>Gonzales Alvaredo, Facundo (CONICET y ITDT). \u00ab<a href=\"\/wp-content\/uploads\/2017\/06\/04trabajo11.pdf\" target=\"_blank\">Algunos Resultados acerca del Impacto de la Inflaci\u00f3n sobre la Distribuci\u00f3n del Ingreso: El Impuesto Inflacionario<\/a>\u00ab. (57 KB).<\/li>\n<li>Escud\u00e9, Gillermo (BCRA). \u00ab<a href=\"\/wp-content\/uploads\/2017\/06\/04trabajo07.pdf\" target=\"_blank\">Indicadores de Riesgo Crediticio<\/a>\u00ab. (248 KB).<\/li>\n<li>Licandro, Jos\u00e9 (Banco Central de Uruguay). \u00ab<a href=\"\/wp-content\/uploads\/2017\/06\/04trabajo12.pdf\" target=\"_blank\">Una Evaluaci\u00f3n de las Reservas Internacionales del Banco Central de Uruguay<\/a>\u00ab. (90 KB).<\/li>\n<li>Medina, Juan Pablo (Banco Central de Chile). \u00ab<a href=\"\/wp-content\/uploads\/2017\/06\/04trabajo13.pdf\" target=\"_blank\">Reglas Optimas de Pol\u00edtica Monetaria en Chile<\/a>\u00ab. (279 KB).<\/li>\n<li>Mellado, Pamela (Banco Central de Chile). \u00ab<a href=\"\/wp-content\/uploads\/2017\/06\/04trabajo14.pdf\" target=\"_blank\">Relaci\u00f3n Din\u00e1mica entre Tasa de Inter\u00e9s y Tipo de Cambio: Un Modelo de Simulaci\u00f3n en Chile<\/a>\u00ab. (523 KB).<\/li>\n<li>Mirabal, Mar\u00eda Josefa (Banco Central de Venezuela). \u00ab<a href=\"\/wp-content\/uploads\/2017\/06\/04trabajo15.pdf\" target=\"_blank\">Programaci\u00f3n y Pol\u00edtica Monetaria en Venezuela: 1989-1998<\/a>\u00ab. (51 KB).<\/li>\n<li>Sturzenegger, Federico y Schargrodsky, Ernesto (UTDT). \u00ab<a href=\"\/wp-content\/uploads\/2017\/06\/04trabajo16.pdf\" target=\"_blank\">Regulation, Concentration and Competition in Financial Intermediation<\/a>\u00ab. (119 KB).<\/li>\n<\/ul>\n<p>[\/vc_column_text][\/vc_column][\/vc_row]<\/p>\n","protected":false},"excerpt":{"rendered":"<p>[vc_row content_placement=\u00bbtop\u00bb bg_image=\u00bb2083&#8243; dt_parallax_inertia=\u00bb0&#8243;][vc_column][vc_row_inner][vc_column_inner][vc_column_text] SEMINARIOS Y JORNADAS [\/vc_column_text][\/vc_column_inner][\/vc_row_inner][\/vc_column][\/vc_row][vc_row dt_row_type=\u00bbin_container\u00bb][vc_column][vc_column_text] Cuartas Jornadas de Econom\u00eda Monetaria e Internacional [\/vc_column_text][vc_column_text]Realizadas en La Plata, los d\u00eda 6 y 7&#8230;<\/p>\n<p class=\"readmore\"><a class=\"more-btn\" href=\"https:\/\/depeco.econo.unlp.edu.ar\/?page_id=2686\">Read More<\/a><\/p>\n","protected":false},"author":1,"featured_media":0,"parent":2457,"menu_order":0,"comment_status":"closed","ping_status":"closed","template":"template-homepage.php","meta":[],"_links":{"self":[{"href":"https:\/\/depeco.econo.unlp.edu.ar\/index.php?rest_route=\/wp\/v2\/pages\/2686"}],"collection":[{"href":"https:\/\/depeco.econo.unlp.edu.ar\/index.php?rest_route=\/wp\/v2\/pages"}],"about":[{"href":"https:\/\/depeco.econo.unlp.edu.ar\/index.php?rest_route=\/wp\/v2\/types\/page"}],"author":[{"embeddable":true,"href":"https:\/\/depeco.econo.unlp.edu.ar\/index.php?rest_route=\/wp\/v2\/users\/1"}],"replies":[{"embeddable":true,"href":"https:\/\/depeco.econo.unlp.edu.ar\/index.php?rest_route=%2Fwp%2Fv2%2Fcomments&post=2686"}],"version-history":[{"count":2,"href":"https:\/\/depeco.econo.unlp.edu.ar\/index.php?rest_route=\/wp\/v2\/pages\/2686\/revisions"}],"predecessor-version":[{"id":2705,"href":"https:\/\/depeco.econo.unlp.edu.ar\/index.php?rest_route=\/wp\/v2\/pages\/2686\/revisions\/2705"}],"up":[{"embeddable":true,"href":"https:\/\/depeco.econo.unlp.edu.ar\/index.php?rest_route=\/wp\/v2\/pages\/2457"}],"wp:attachment":[{"href":"https:\/\/depeco.econo.unlp.edu.ar\/index.php?rest_route=%2Fwp%2Fv2%2Fmedia&parent=2686"}],"curies":[{"name":"wp","href":"https:\/\/api.w.org\/{rel}","templated":true}]}}