{"id":2706,"date":"2017-06-07T15:52:23","date_gmt":"2017-06-07T15:52:23","guid":{"rendered":"https:\/\/depeco.econo.unlp.edu.ar\/?page_id=2706"},"modified":"2017-06-07T15:52:23","modified_gmt":"2017-06-07T15:52:23","slug":"terceras-jornadas-de-economia-monetaria-e-internacional","status":"publish","type":"page","link":"https:\/\/depeco.econo.unlp.edu.ar\/?page_id=2706","title":{"rendered":"Terceras Jornadas de Econom\u00eda Monetaria e Internacional"},"content":{"rendered":"<p>[vc_row content_placement=\u00bbtop\u00bb bg_image=\u00bb2083&#8243; dt_parallax_inertia=\u00bb0&#8243;][vc_column][vc_row_inner][vc_column_inner]<div style=\"clear:both; width:100%; height:25px\"><\/div>[vc_column_text]<\/p>\n<h2><span style=\"color: #ffffff;\">SEMINARIOS Y JORNADAS<\/span><\/h2>\n<p>[\/vc_column_text][\/vc_column_inner][\/vc_row_inner][\/vc_column][\/vc_row][vc_row dt_row_type=\u00bbin_container\u00bb][vc_column]<div style=\"clear:both; width:100%; height:20px\"><\/div>[vc_column_text]<\/p>\n<h2>Terceras Jornadas de Econom\u00eda Monetaria e Internacional<\/h2>\n<p>[\/vc_column_text][vc_column_text]Realizadas en La Plata, los d\u00eda 7 y 8 de mayo de 1998. Aula Magna de la Facultad de Ciencias Econ\u00f3micas de la Universidad Nacional de La Plata. Organizadas por el Departamento de Econom\u00eda.[\/vc_column_text][vc_separator border_width=\u00bb3&#8243;][vc_column_text]<strong>Comit\u00e9 Organizador<\/strong>[\/vc_column_text][vc_column_text]Daniel Artana<br \/>\nRicardo Lopez Murphy<br \/>\nEl\u00edas Salama<br \/>\nAdolfo Sturzenegger<br \/>\nSecretario Ejecutivo: Agust\u00edn L\u00f3dola[\/vc_column_text][vc_separator border_width=\u00bb3&#8243;][vc_column_text]<\/p>\n<h4><i class=\"fa fa-caret-right\"><\/i><a href=\"\/wp-content\/uploads\/2017\/06\/03programa.pdf\" target=\"_blank\"><strong> Programa<\/strong><\/a><\/h4>\n<p>[\/vc_column_text][vc_separator border_width=\u00bb3&#8243;][vc_column_text]<strong>Trabajos presentados<\/strong>[\/vc_column_text][vc_column_text]<\/p>\n<ul>\n<li>Arnaudo, Aldo y Buraschi, Marta (Universidad Nacional de C\u00f3rdoba). \u00abLa Normalidad de la Cartera de Cr\u00e9ditos de los Bancos Privados Argentinos, 1993-1997\u00bb.<\/li>\n<li>Avila, Jorge (CEMA). \u00abRiesgo Argentino y Ciclo Econ\u00f3mico\u00bb.<\/li>\n<li>Benegas Lynch, Alberto (h). \u00abLa moneda en una sociedad abierta\u00bb.<\/li>\n<li>Burdisso, Tamara; D&#8217;Amato, Laura y Molinari, Andrea (BCRA). \u00abPrivatizaci\u00f3n de bancos en Argentina: \u00bfEl camino hacia una banca m\u00e1s eficiente?\u00bb.<\/li>\n<li>Carrera, Jorge (UNLP). \u00ab\u00bfCu\u00e1nto se asemejan las econom\u00edas de Argentina y Brasil?. Una comparaci\u00f3n de las regularidades emp\u00edricas desde 1980\u00bb.<\/li>\n<li>Cortes Conde, Roberto (UdeSA). \u00abReg\u00edmenes, Experiencias Monetarias y Fluctuaciones Econ\u00f3micas. De la Organizaci\u00f3n Nacional al Patr\u00f3n Oro. 1862-1899\u00bb.<\/li>\n<li>Delfino, Jos\u00e9 A. (Universidad Nacional de C\u00f3rdoba). \u00abLa Nueva Teor\u00eda del Comercio Internacional\u00bb.<\/li>\n<li>Gay, Alejandro (Universidad Nacional de C\u00f3rdoba). \u00abLa Competitividad Internacional de la Econom\u00eda Argentina (1990-1996)\u00bb.<\/li>\n<li>Giambiagi, Fabio (BNDES, Brasil). \u00abO Ajuste Fiscal de 1999\/2000\u00bb.<\/li>\n<li>Lanteri, Luis. \u00abShock a la cuenta corriente de la Balanza de Pagos: Alguna evidencia para Argentina\u00bb.<\/li>\n<li>Masoler, Andres (Banco Central de Uruguay). \u00abShocks Regionales y el Comportamiento de la Econom\u00eda Uruguaya, 1974-1997\u00bb.<\/li>\n<li>Rubini, Hector. \u00abMoneda Unica en el Mercosur. Una lectura desde Argentina\u00bb.<\/li>\n<li>Salama, El\u00edas (UNLP). \u00abEl Orden Monetario Argentino en las primeras d\u00e9cadas del Siglo XX\u00bb.<\/li>\n<li>Santangelo, Rodolfo; Janse, Gustavo y Cenz\u00f3n, Edgardo (CEAL). \u00abEl D\u00e9ficit de la Cuenta Corriente y el Futuro de la Convertibilidad\u00bb.<\/li>\n<li>Soto, Claudio y Vald\u00e9s, Rodrigo (Banco Central de Chile). \u00abExchange Rate Volatility, Risk Premium and Exchange Rate Regime\u00bb.<\/li>\n<li>Streb, Jorge (CEMA) y Stein, Ernesto (BID). \u00abElecciones y Timing de las Devaluaciones\u00bb.<\/li>\n<li>Zenon, Quispe (Banco Central de la Rep\u00fablica de Per\u00fa). \u00abUna aproximaci\u00f3n a la demanda de los principales agregados monetarios en Per\u00fa. Junio 1991- Mayo 1997\u00bb.<\/li>\n<\/ul>\n<p>[\/vc_column_text][\/vc_column][\/vc_row]<\/p>\n","protected":false},"excerpt":{"rendered":"<p>[vc_row content_placement=\u00bbtop\u00bb bg_image=\u00bb2083&#8243; dt_parallax_inertia=\u00bb0&#8243;][vc_column][vc_row_inner][vc_column_inner][vc_column_text] SEMINARIOS Y JORNADAS [\/vc_column_text][\/vc_column_inner][\/vc_row_inner][\/vc_column][\/vc_row][vc_row dt_row_type=\u00bbin_container\u00bb][vc_column][vc_column_text] Terceras Jornadas de Econom\u00eda Monetaria e Internacional [\/vc_column_text][vc_column_text]Realizadas en La Plata, los d\u00eda 7 y 8&#8230;<\/p>\n<p class=\"readmore\"><a class=\"more-btn\" href=\"https:\/\/depeco.econo.unlp.edu.ar\/?page_id=2706\">Read More<\/a><\/p>\n","protected":false},"author":1,"featured_media":0,"parent":2457,"menu_order":0,"comment_status":"closed","ping_status":"closed","template":"template-homepage.php","meta":[],"_links":{"self":[{"href":"https:\/\/depeco.econo.unlp.edu.ar\/index.php?rest_route=\/wp\/v2\/pages\/2706"}],"collection":[{"href":"https:\/\/depeco.econo.unlp.edu.ar\/index.php?rest_route=\/wp\/v2\/pages"}],"about":[{"href":"https:\/\/depeco.econo.unlp.edu.ar\/index.php?rest_route=\/wp\/v2\/types\/page"}],"author":[{"embeddable":true,"href":"https:\/\/depeco.econo.unlp.edu.ar\/index.php?rest_route=\/wp\/v2\/users\/1"}],"replies":[{"embeddable":true,"href":"https:\/\/depeco.econo.unlp.edu.ar\/index.php?rest_route=%2Fwp%2Fv2%2Fcomments&post=2706"}],"version-history":[{"count":1,"href":"https:\/\/depeco.econo.unlp.edu.ar\/index.php?rest_route=\/wp\/v2\/pages\/2706\/revisions"}],"predecessor-version":[{"id":2708,"href":"https:\/\/depeco.econo.unlp.edu.ar\/index.php?rest_route=\/wp\/v2\/pages\/2706\/revisions\/2708"}],"up":[{"embeddable":true,"href":"https:\/\/depeco.econo.unlp.edu.ar\/index.php?rest_route=\/wp\/v2\/pages\/2457"}],"wp:attachment":[{"href":"https:\/\/depeco.econo.unlp.edu.ar\/index.php?rest_route=%2Fwp%2Fv2%2Fmedia&parent=2706"}],"curies":[{"name":"wp","href":"https:\/\/api.w.org\/{rel}","templated":true}]}}