{"id":2709,"date":"2017-06-07T15:55:32","date_gmt":"2017-06-07T15:55:32","guid":{"rendered":"https:\/\/depeco.econo.unlp.edu.ar\/?page_id=2709"},"modified":"2022-10-12T18:26:33","modified_gmt":"2022-10-12T18:26:33","slug":"segundas-jornadas-de-economia-monetaria-e-internacional","status":"publish","type":"page","link":"https:\/\/depeco.econo.unlp.edu.ar\/?page_id=2709","title":{"rendered":"Segundas Jornadas de Econom\u00eda Monetaria e Internacional"},"content":{"rendered":"<p>[vc_row content_placement=\u00bbtop\u00bb bg_image=\u00bb2083&#8243; dt_parallax_inertia=\u00bb0&#8243;][vc_column][vc_row_inner][vc_column_inner]<div style=\"clear:both; width:100%; height:25px\"><\/div>[vc_column_text]<\/p>\n<h2><span style=\"color: #ffffff;\">SEMINARIOS Y JORNADAS<\/span><\/h2>\n<p>[\/vc_column_text][\/vc_column_inner][\/vc_row_inner][\/vc_column][\/vc_row][vc_row dt_row_type=\u00bbin_container\u00bb][vc_column]<div style=\"clear:both; width:100%; height:20px\"><\/div>[vc_column_text]<\/p>\n<h2>Segundas Jornadas de Econom\u00eda Monetaria e Internacional<\/h2>\n<p>[\/vc_column_text][vc_column_text]Realizadas en La Plata, los d\u00eda 8 y 9 de mayo de 1997. Aula Magna de la Facultad de Ciencias Econ\u00f3micas de la Universidad Nacional de La Plata. Organizadas por el Departamento de Econom\u00eda.[\/vc_column_text][vc_separator border_width=\u00bb3&#8243;][vc_column_text]<strong>Comit\u00e9 Organizador<\/strong>[\/vc_column_text][vc_column_text]Hildergart Ahumada<br \/>\nRicardo L\u00f3pez Murphy<br \/>\nEl\u00edas Salama<br \/>\nFederico Sturzenegger<br \/>\nSecretario Ejecutivo: Marcelo Oviedo[\/vc_column_text][vc_separator border_width=\u00bb3&#8243;][vc_column_text]<\/p>\n<h4><i class=\"fa fa-caret-right\"><\/i><a href=\"https:\/\/depeco.econo.unlp.edu.ar\/wp-content\/uploads\/2022\/10\/Programa-JEMI-1997.pdf\" target=\"_blank\"><strong> Programa<\/strong><\/a><\/h4>\n<p>[\/vc_column_text][vc_separator border_width=\u00bb3&#8243;][vc_column_text]<strong>Trabajos presentados<\/strong>[\/vc_column_text][vc_column_text]<\/p>\n<ul>\n<li>Alberola Ila, Enrique (Banco de Espa\u00f1a). \u00ab\u00bfEs m\u00e1s Benigna la Uni\u00f3n Monetaria Cuando el Desempleo Muestra Persistencia?\u00bb.<\/li>\n<li>Alvarez, Fernando (University of Chicago) y Veracierto, Marcelo (Cornell University). \u00abWelfare Effects of Job Security Provisions Under Imperfect Insurance Markets\u00bb.<\/li>\n<li>Arnaudo, Aldo (Universidad de C\u00f3rdoba). \u00abReestructuraci\u00f3n de los Bancos Privados Argentinos de 1995\u00bb.<\/li>\n<li>Arzbach, Matthias (Deutsche Bundesbank). \u00abProgramaci\u00f3n Monetaria del Bundesbank &#8211; Concepto, Evidencia Emp\u00edrica y Desaf\u00edos de la Integraci\u00f3n Europea\u00bb.<\/li>\n<li>Avila, Jorge (CEMA). \u00abCondiciones para una Flotaci\u00f3n Estable\u00bb.<\/li>\n<li>Bali\u00f1o, Tom\u00e1s; Enoch, Charles; Ize, Alain; Santiprabhob, Veerathai; y Stella, Peter (FMI). \u00abCurrency Board Arrangements: Issues, Experiences, and Implications for Fund-Supported Programs\u00bb.<\/li>\n<li>De Pablo, Juan Carlos (De Pablo Consult). \u00abQuo Vadis Mundo, Argentina Yo?\u00bb.<\/li>\n<li>Escud\u00e9, Guillermo (MOySP). \u00abEl Diferencial de Tasas de Inter\u00e9s y el Crecimiento de Largo Plazo\u00bb.<\/li>\n<li>Giorgio, Luis (CEMLA). \u00abDesregulaci\u00f3n, Sistema Financiero y Banca Central en Am\u00e9rica Latina\u00bb.<\/li>\n<li>Heymann, Daniel (CEPAL, UBA e ITDT); Sanguinetti, Pablo (UTDT) y B\u00f3zzoli, Guillermo (UTDT). \u00abLearning About Trends and Aggregate Fluctuations in Open Economies: Evidence from Argentina\u00bb.<\/li>\n<li>Nicolini, Juan Pablo (UTDT) y Hopenhayn, Hugo (University of Rochester). \u00abOptimal Unemployment Insurance and Employment History\u00bb.<\/li>\n<li>Talvi, Ernesto (BID) y Vegh, Carlos (UCLA). \u00abCan Optimal Fiscal Policy Be Procyclical?\u00bb.<\/li>\n<li>Vargas, Hernando (Banco de la Rep\u00fablica, Colombia). \u00abNotas sobre los Determinantes de los M\u00e1rgenes de Intermediaci\u00f3n\u00bb.<\/li>\n<li>Zarazaga, Carlos (Federal Reserve Bank of Dallas) y Kydland, Fynn (University of Virginia). \u00abIs the Business Cycle of Argentina Different?\u00bb.<\/li>\n<\/ul>\n<p>[\/vc_column_text][\/vc_column][\/vc_row]<\/p>\n","protected":false},"excerpt":{"rendered":"<p>[vc_row content_placement=\u00bbtop\u00bb bg_image=\u00bb2083&#8243; dt_parallax_inertia=\u00bb0&#8243;][vc_column][vc_row_inner][vc_column_inner][vc_column_text] SEMINARIOS Y JORNADAS [\/vc_column_text][\/vc_column_inner][\/vc_row_inner][\/vc_column][\/vc_row][vc_row dt_row_type=\u00bbin_container\u00bb][vc_column][vc_column_text] Segundas Jornadas de Econom\u00eda Monetaria e Internacional [\/vc_column_text][vc_column_text]Realizadas en La Plata, los d\u00eda 8 y 9&#8230;<\/p>\n<p class=\"readmore\"><a class=\"more-btn\" href=\"https:\/\/depeco.econo.unlp.edu.ar\/?page_id=2709\">Read More<\/a><\/p>\n","protected":false},"author":1,"featured_media":0,"parent":2457,"menu_order":0,"comment_status":"closed","ping_status":"closed","template":"template-homepage.php","meta":[],"_links":{"self":[{"href":"https:\/\/depeco.econo.unlp.edu.ar\/index.php?rest_route=\/wp\/v2\/pages\/2709"}],"collection":[{"href":"https:\/\/depeco.econo.unlp.edu.ar\/index.php?rest_route=\/wp\/v2\/pages"}],"about":[{"href":"https:\/\/depeco.econo.unlp.edu.ar\/index.php?rest_route=\/wp\/v2\/types\/page"}],"author":[{"embeddable":true,"href":"https:\/\/depeco.econo.unlp.edu.ar\/index.php?rest_route=\/wp\/v2\/users\/1"}],"replies":[{"embeddable":true,"href":"https:\/\/depeco.econo.unlp.edu.ar\/index.php?rest_route=%2Fwp%2Fv2%2Fcomments&post=2709"}],"version-history":[{"count":2,"href":"https:\/\/depeco.econo.unlp.edu.ar\/index.php?rest_route=\/wp\/v2\/pages\/2709\/revisions"}],"predecessor-version":[{"id":4201,"href":"https:\/\/depeco.econo.unlp.edu.ar\/index.php?rest_route=\/wp\/v2\/pages\/2709\/revisions\/4201"}],"up":[{"embeddable":true,"href":"https:\/\/depeco.econo.unlp.edu.ar\/index.php?rest_route=\/wp\/v2\/pages\/2457"}],"wp:attachment":[{"href":"https:\/\/depeco.econo.unlp.edu.ar\/index.php?rest_route=%2Fwp%2Fv2%2Fmedia&parent=2709"}],"curies":[{"name":"wp","href":"https:\/\/api.w.org\/{rel}","templated":true}]}}