{"id":2711,"date":"2017-06-07T15:58:26","date_gmt":"2017-06-07T15:58:26","guid":{"rendered":"https:\/\/depeco.econo.unlp.edu.ar\/?page_id=2711"},"modified":"2017-06-07T15:58:26","modified_gmt":"2017-06-07T15:58:26","slug":"primeras-jornadas-de-economia-monetaria-e-internacional","status":"publish","type":"page","link":"https:\/\/depeco.econo.unlp.edu.ar\/?page_id=2711","title":{"rendered":"Primeras Jornadas de Econom\u00eda Monetaria e Internacional"},"content":{"rendered":"<p>[vc_row content_placement=\u00bbtop\u00bb bg_image=\u00bb2083&#8243; dt_parallax_inertia=\u00bb0&#8243;][vc_column][vc_row_inner][vc_column_inner]<div style=\"clear:both; width:100%; height:25px\"><\/div>[vc_column_text]<\/p>\n<h2><span style=\"color: #ffffff;\">SEMINARIOS Y JORNADAS<\/span><\/h2>\n<p>[\/vc_column_text][\/vc_column_inner][\/vc_row_inner][\/vc_column][\/vc_row][vc_row dt_row_type=\u00bbin_container\u00bb][vc_column]<div style=\"clear:both; width:100%; height:20px\"><\/div>[vc_column_text]<\/p>\n<h2>Primeras Jornadas de Econom\u00eda Monetaria e Internacional<\/h2>\n<p>[\/vc_column_text][vc_column_text]Realizadas en La Plata, los d\u00eda 8 y 9 de mayo de 1997. Aula Magna de la Facultad de Ciencias Econ\u00f3micas de la Universidad Nacional de La Plata. Organizadas por el Departamento de Econom\u00eda.[\/vc_column_text][vc_separator border_width=\u00bb3&#8243;][vc_column_text]<strong>Comit\u00e9 Organizador<\/strong>[\/vc_column_text][vc_column_text]Hildergart Ahumada<br \/>\nRicardo L\u00f3pez Murphy<br \/>\nEl\u00edas Salama<br \/>\nFederico Sturzenegger<br \/>\nSecretario Ejecutivo: Marcelo Oviedo[\/vc_column_text][vc_separator border_width=\u00bb3&#8243;][vc_column_text]<\/p>\n<h4><i class=\"fa fa-caret-right\"><\/i><a href=\"\/wp-content\/uploads\/2017\/06\/01programa.pdf\" target=\"_blank\"><strong> Programa<\/strong><\/a><\/h4>\n<p>[\/vc_column_text][vc_separator border_width=\u00bb3&#8243;][vc_column_text]<strong>Trabajos presentados<\/strong>[\/vc_column_text][vc_column_text]<\/p>\n<ul>\n<li>Arnaudo, Aldo A. (Universidad Nacional de C\u00f3rdoba). \u00abEstabilizaci\u00f3n y Credibilidad en Argentina en los 80 y los 90\u00bb.<\/li>\n<li>Canavese, Alfredo (ITDT) y Nenova, Mariella (Agency for Economic Coordination and Development, Sofia, Bulgaria). \u00abInflaci\u00f3n, Estabilizaci\u00f3n y Comportamiento de las Empresas P\u00fablicas en las Econom\u00edas en Transici\u00f3n\u00bb.<\/li>\n<li>Carrera, Jorge (UNLP). \u00abEfecto Precio y Comercio en una Area Monetaria Asim\u00e9trica\u00bb.<\/li>\n<li>Heyman, Daniel (CEPAL y UBA). \u00abUna Nota sobre Indicadores de la Deuda Externa\u00bb.<\/li>\n<li>Salama, El\u00edas (UNLP). \u00abMovimientos Recientes de Capitales Privados: Un An\u00e1lisis Emp\u00edrico\u00bb.<\/li>\n<li>Sanhueza Due\u00f1as, Gonzalo (Banco Central de Chile). \u00abVolatilidad y Nivel del Tipo de Cambio Real\u00bb.<\/li>\n<li>Sokoloff, Ken (UCLA and NBER) y Engerman, Stanley L. (University of Rochester and NBER). \u00abFactor Endowments, Institutions and Differential Paths of Growth among New World Economies: A View from Economic Historians of the United States\u00bb.<\/li>\n<li>Streb, Jorge M. (CEMA) y D&#8217;Amato, Laura (BCRA). \u00abEconomies of Scale and Degree of Capacity Utilization. Evidence from Retail Banks in Argentina\u00bb.<\/li>\n<li>Sturzenegger, Adolfo (Econom\u00e9trica, UdeSA y UNLP) y Sosa, Norberto (Econom\u00e9trica). \u00abConvertibilidad y Competitividad\u00bb.<\/li>\n<li>Talvi, Ernesto (Economista Senior, BID). \u00abExchange Rate Based Stabilization with Endogenous Fiscal Response\u00bb.<\/li>\n<li>Teijeiro, Mario (Centro de Estudios P\u00fablicos). \u00abLa Pol\u00edtica Fiscal Durante la Convertibilidad\u00bb.<\/li>\n<li>Uribe, Mart\u00edn (International Division, Federal Reserve Board). \u00abThe Syndrome of Exchange Rate Based Stabilitations and the Uncertain Duration of Currency Pegs\u00bb.<\/li>\n<\/ul>\n<p>[\/vc_column_text][\/vc_column][\/vc_row]<\/p>\n","protected":false},"excerpt":{"rendered":"<p>[vc_row content_placement=\u00bbtop\u00bb bg_image=\u00bb2083&#8243; dt_parallax_inertia=\u00bb0&#8243;][vc_column][vc_row_inner][vc_column_inner][vc_column_text] SEMINARIOS Y JORNADAS [\/vc_column_text][\/vc_column_inner][\/vc_row_inner][\/vc_column][\/vc_row][vc_row dt_row_type=\u00bbin_container\u00bb][vc_column][vc_column_text] Primeras Jornadas de Econom\u00eda Monetaria e Internacional [\/vc_column_text][vc_column_text]Realizadas en La Plata, los d\u00eda 8 y 9&#8230;<\/p>\n<p class=\"readmore\"><a class=\"more-btn\" href=\"https:\/\/depeco.econo.unlp.edu.ar\/?page_id=2711\">Read More<\/a><\/p>\n","protected":false},"author":1,"featured_media":0,"parent":2457,"menu_order":0,"comment_status":"closed","ping_status":"closed","template":"template-homepage.php","meta":[],"_links":{"self":[{"href":"https:\/\/depeco.econo.unlp.edu.ar\/index.php?rest_route=\/wp\/v2\/pages\/2711"}],"collection":[{"href":"https:\/\/depeco.econo.unlp.edu.ar\/index.php?rest_route=\/wp\/v2\/pages"}],"about":[{"href":"https:\/\/depeco.econo.unlp.edu.ar\/index.php?rest_route=\/wp\/v2\/types\/page"}],"author":[{"embeddable":true,"href":"https:\/\/depeco.econo.unlp.edu.ar\/index.php?rest_route=\/wp\/v2\/users\/1"}],"replies":[{"embeddable":true,"href":"https:\/\/depeco.econo.unlp.edu.ar\/index.php?rest_route=%2Fwp%2Fv2%2Fcomments&post=2711"}],"version-history":[{"count":1,"href":"https:\/\/depeco.econo.unlp.edu.ar\/index.php?rest_route=\/wp\/v2\/pages\/2711\/revisions"}],"predecessor-version":[{"id":2713,"href":"https:\/\/depeco.econo.unlp.edu.ar\/index.php?rest_route=\/wp\/v2\/pages\/2711\/revisions\/2713"}],"up":[{"embeddable":true,"href":"https:\/\/depeco.econo.unlp.edu.ar\/index.php?rest_route=\/wp\/v2\/pages\/2457"}],"wp:attachment":[{"href":"https:\/\/depeco.econo.unlp.edu.ar\/index.php?rest_route=%2Fwp%2Fv2%2Fmedia&parent=2711"}],"curies":[{"name":"wp","href":"https:\/\/api.w.org\/{rel}","templated":true}]}}