{"id":2753,"date":"2017-06-07T17:19:27","date_gmt":"2017-06-07T17:19:27","guid":{"rendered":"https:\/\/depeco.econo.unlp.edu.ar\/?page_id=2753"},"modified":"2017-06-07T17:27:17","modified_gmt":"2017-06-07T17:27:17","slug":"iv-reunion-sobre-pobreza-y-distribucion-del-ingreso","status":"publish","type":"page","link":"https:\/\/depeco.econo.unlp.edu.ar\/?page_id=2753","title":{"rendered":"IV Reuni\u00f3n sobre Pobreza y Distribuci\u00f3n del Ingreso"},"content":{"rendered":"<p>[vc_row content_placement=\u00bbtop\u00bb bg_image=\u00bb2083&#8243; dt_parallax_inertia=\u00bb0&#8243;][vc_column][vc_row_inner][vc_column_inner]<div style=\"clear:both; width:100%; height:25px\"><\/div>[vc_column_text]<\/p>\n<h2><span style=\"color: #ffffff;\">SEMINARIOS Y JORNADAS<\/span><\/h2>\n<p>[\/vc_column_text][\/vc_column_inner][\/vc_row_inner][\/vc_column][\/vc_row][vc_row dt_row_type=\u00bbin_container\u00bb][vc_column]<div style=\"clear:both; width:100%; height:20px\"><\/div>[vc_column_text]<\/p>\n<h2>IV Reuni\u00f3n sobre Pobreza y Distribuci\u00f3n del Ingreso<\/h2>\n<p>[\/vc_column_text][vc_column_text]<strong>Universidad Nacional de La Plata<\/strong><br \/>\n<strong>Universidad Torcuato Di Tella<\/strong><br \/>\n<strong>Universidad de San Andres<\/strong>[\/vc_column_text][vc_separator border_width=\u00bb3&#8243;][vc_column_text]<strong>Comit\u00e9 Organizador<\/strong>[\/vc_column_text][vc_column_text]Sebasti\u00e1n Galiani<br \/>\nLeonardo Gasparini<br \/>\nCarola Pessino[\/vc_column_text][vc_separator border_width=\u00bb3&#8243;][vc_column_text]<\/p>\n<h4><i class=\"fa fa-caret-right\"><\/i> <a href=\"\/wp-content\/uploads\/2017\/06\/055programa.pdf\" target=\"_blank\"><strong> Programa del la Reuni\u00f3n <\/strong><\/a><\/h4>\n<p>[\/vc_column_text][vc_separator border_width=\u00bb3&#8243;][vc_column_text]<strong>Trabajos presentados<\/strong>[\/vc_column_text][vc_column_text]<\/p>\n<ul>\n<li>Buera, Francisco (University of Chicago); Datria, Pablo (Universidad Torcuato Di Tella) y Nicolini, Juan Pablo (Universidad Torcuato Di Tella). <a href=\"\/wp-content\/uploads\/2017\/06\/055trabajo1.pdf\" target=\"_blank\">\u00abEstimando las Decisiones de Escolarizaci\u00f3n en Argentina: Efectos de Fluctuaciones Idiosincr\u00e1ticas y Agregadas\u00bb <img decoding=\"async\" loading=\"lazy\" src=\"https:\/\/depeco.econo.unlp.edu.ar\/images\/icono-pdf.gif\" width=\"16\" height=\"16\" align=\"absmiddle\" border=\"0\" \/><\/a>.<\/li>\n<li>Chumacero, R\u00f3mulo A. (University of Chile) and Paredes M., Ricardo (Pontificia Universidad Cat\u00f3lica de Chile). <a href=\"\/wp-content\/uploads\/2017\/06\/055trabajo2.pdf\" target=\"_blank\">\u00abDoes Centralization Imply Better Targeting?: Evaluating Emergency Employment Programs in Chile\u00bb <img decoding=\"async\" loading=\"lazy\" src=\"https:\/\/depeco.econo.unlp.edu.ar\/images\/icono-pdf.gif\" width=\"16\" height=\"16\" align=\"absmiddle\" border=\"0\" \/><\/a>.<\/li>\n<li>Contreras G., Dante (Universidad de Chile) y Galv\u00e1n, Marco (CEPAL). <a href=\"\/wp-content\/uploads\/2017\/06\/055trabajo3.pdf\" target=\"_blank\">\u00ab\u00bfHa Disminuido la Discriminaci\u00f3n Salarial por G\u00e9nero y Etnia en Bolivia? Evidencia del Per\u00edodo 1994 &#8211; 1999\u00bb <img decoding=\"async\" loading=\"lazy\" src=\"https:\/\/depeco.econo.unlp.edu.ar\/images\/icono-pdf.gif\" width=\"16\" height=\"16\" align=\"absmiddle\" border=\"0\" \/><\/a>.<\/li>\n<li>Corbacho, Ana; Garcia-Escribano, Mercedes and Gabriela Inchauste (IMF). <a href=\"\/wp-content\/uploads\/2017\/06\/055trabajo4.pdf\" target=\"_blank\">\u00abArgentina: Macroeconomic Crisis and Household Vulnerability\u00bb <img decoding=\"async\" loading=\"lazy\" src=\"https:\/\/depeco.econo.unlp.edu.ar\/images\/icono-pdf.gif\" width=\"16\" height=\"16\" align=\"absmiddle\" border=\"0\" \/><\/a>.<\/li>\n<li>Di Tella, Rafael (Harvard Business School); Galiani, Sebastian (Universidad de San Andres) and Schargrodsky, Ernesto (Universidad Torcuato Di Tella). <a href=\"\/wp-content\/uploads\/2017\/06\/055trabajo5.pdf\" target=\"_blank\">\u00abCrime Inequality when Victims Adapt\u00bb <img decoding=\"async\" loading=\"lazy\" src=\"https:\/\/depeco.econo.unlp.edu.ar\/images\/icono-pdf.gif\" width=\"16\" height=\"16\" align=\"absmiddle\" border=\"0\" \/><\/a>.<\/li>\n<li>Engerman, Stanley L. (University of Rochester and NBER) and Sokoloff, Kenneth L. (University of California, Los Angeles and NBER). <a href=\"\/wp-content\/uploads\/2017\/06\/055trabajo6.pdf\" target=\"_blank\">\u00abFactor Endowments, Inequality, and Paths of Development Among New World Economies\u00bb <img decoding=\"async\" loading=\"lazy\" src=\"https:\/\/depeco.econo.unlp.edu.ar\/images\/icono-pdf.gif\" width=\"16\" height=\"16\" align=\"absmiddle\" border=\"0\" \/><\/a>.<\/li>\n<li>Fiszbein, Ariel (World Bank); Giovagnoli, Paula (World Bank) and Thurston, Norman (Brigham Young University). <a href=\"\/wp-content\/uploads\/2017\/06\/055trabajo13.pdf\" target=\"_blank\">\u00abHousehold Behavior in the Presence of Economic Crisis: Evidence from Argentina, 2002\u00bb <img decoding=\"async\" loading=\"lazy\" src=\"https:\/\/depeco.econo.unlp.edu.ar\/images\/icono-pdf.gif\" width=\"16\" height=\"16\" align=\"absmiddle\" border=\"0\" \/><\/a>.<\/li>\n<li>Gasparini, Leonardo (Universidad Nacional de La Plata). <a href=\"\/wp-content\/uploads\/2017\/06\/055trabajo7.pdf\" target=\"_blank\">\u00abDifferent Lives: Inequality in Latin America and the Caribbean\u00bb <img decoding=\"async\" loading=\"lazy\" src=\"https:\/\/depeco.econo.unlp.edu.ar\/images\/icono-pdf.gif\" width=\"16\" height=\"16\" align=\"absmiddle\" border=\"0\" \/><\/a>.<\/li>\n<li>L\u00f3pez Zadicoff, Pablo D. (Universidad del CEMA) y Paz, Jorge A. (CONICET). <a href=\"\/wp-content\/uploads\/2017\/06\/055trabajo8.pdf\" target=\"_blank\">\u00abTiempos Modernos: Determinantes de la Participaci\u00f3n en el PJH M\u00e1s un Breve Examen de sus Consecuencias\u00bb <img decoding=\"async\" loading=\"lazy\" src=\"https:\/\/depeco.econo.unlp.edu.ar\/images\/icono-pdf.gif\" width=\"16\" height=\"16\" align=\"absmiddle\" border=\"0\" \/><\/a>.<\/li>\n<li>Nopo, Hugo (Northwestern University); Saavedra Jaime (GRADE) and Torero, M\u00e1ximo (GRADE).<a href=\"\/wp-content\/uploads\/2017\/06\/055trabajo9.pdf\" target=\"_blank\">\u00abEthnicity and Earnings in Urban Peru\u00bb <img decoding=\"async\" loading=\"lazy\" src=\"https:\/\/depeco.econo.unlp.edu.ar\/images\/icono-pdf.gif\" width=\"16\" height=\"16\" align=\"absmiddle\" border=\"0\" \/><\/a>.<\/li>\n<li>P\u00e1ez P., Pedro (Banco Central del Ecuador). <a href=\"\/wp-content\/uploads\/2017\/06\/055trabajo10.pdf\" target=\"_blank\">\u00abTipo de Cambio Real, Desempe\u00f1o Macroecon\u00f3mico y Social Bajo Dolarizaci\u00f3n\u00bb <img decoding=\"async\" loading=\"lazy\" src=\"https:\/\/depeco.econo.unlp.edu.ar\/images\/icono-pdf.gif\" width=\"16\" height=\"16\" align=\"absmiddle\" border=\"0\" \/><\/a>.<\/li>\n<li>Porto, Guido G. (Development Research Group, The World Bank). <a href=\"\/wp-content\/uploads\/2017\/06\/055trabajo11.pdf\" target=\"_blank\">\u00abTrade Reforms, Market Access and Poverty in Argentina\u00bb <img decoding=\"async\" loading=\"lazy\" src=\"https:\/\/depeco.econo.unlp.edu.ar\/images\/icono-pdf.gif\" width=\"16\" height=\"16\" align=\"absmiddle\" border=\"0\" \/><\/a>.<\/li>\n<li>S\u00e1nchez, Juan M. (Universidad Nacional de La Plata). <a href=\"\/wp-content\/uploads\/2017\/06\/055trabajo12.pdf\" target=\"_blank\">\u00abUniversitary Financing and Welfare: A Dynamic Analysis with Heterogeneous Agents and Overlapping Generations\u00bb <img decoding=\"async\" loading=\"lazy\" src=\"https:\/\/depeco.econo.unlp.edu.ar\/images\/icono-pdf.gif\" width=\"16\" height=\"16\" align=\"absmiddle\" border=\"0\" \/><\/a>.<\/li>\n<\/ul>\n<p>[\/vc_column_text][\/vc_column][\/vc_row]<\/p>\n","protected":false},"excerpt":{"rendered":"<p>[vc_row content_placement=\u00bbtop\u00bb bg_image=\u00bb2083&#8243; dt_parallax_inertia=\u00bb0&#8243;][vc_column][vc_row_inner][vc_column_inner][vc_column_text] SEMINARIOS Y JORNADAS [\/vc_column_text][\/vc_column_inner][\/vc_row_inner][\/vc_column][\/vc_row][vc_row dt_row_type=\u00bbin_container\u00bb][vc_column][vc_column_text] IV Reuni\u00f3n sobre Pobreza y Distribuci\u00f3n del Ingreso [\/vc_column_text][vc_column_text]Universidad Nacional de La Plata Universidad Torcuato Di&#8230;<\/p>\n<p class=\"readmore\"><a class=\"more-btn\" href=\"https:\/\/depeco.econo.unlp.edu.ar\/?page_id=2753\">Read More<\/a><\/p>\n","protected":false},"author":1,"featured_media":0,"parent":2295,"menu_order":0,"comment_status":"closed","ping_status":"closed","template":"template-homepage.php","meta":[],"_links":{"self":[{"href":"https:\/\/depeco.econo.unlp.edu.ar\/index.php?rest_route=\/wp\/v2\/pages\/2753"}],"collection":[{"href":"https:\/\/depeco.econo.unlp.edu.ar\/index.php?rest_route=\/wp\/v2\/pages"}],"about":[{"href":"https:\/\/depeco.econo.unlp.edu.ar\/index.php?rest_route=\/wp\/v2\/types\/page"}],"author":[{"embeddable":true,"href":"https:\/\/depeco.econo.unlp.edu.ar\/index.php?rest_route=\/wp\/v2\/users\/1"}],"replies":[{"embeddable":true,"href":"https:\/\/depeco.econo.unlp.edu.ar\/index.php?rest_route=%2Fwp%2Fv2%2Fcomments&post=2753"}],"version-history":[{"count":3,"href":"https:\/\/depeco.econo.unlp.edu.ar\/index.php?rest_route=\/wp\/v2\/pages\/2753\/revisions"}],"predecessor-version":[{"id":2770,"href":"https:\/\/depeco.econo.unlp.edu.ar\/index.php?rest_route=\/wp\/v2\/pages\/2753\/revisions\/2770"}],"up":[{"embeddable":true,"href":"https:\/\/depeco.econo.unlp.edu.ar\/index.php?rest_route=\/wp\/v2\/pages\/2295"}],"wp:attachment":[{"href":"https:\/\/depeco.econo.unlp.edu.ar\/index.php?rest_route=%2Fwp%2Fv2%2Fmedia&parent=2753"}],"curies":[{"name":"wp","href":"https:\/\/api.w.org\/{rel}","templated":true}]}}