{"id":3364,"date":"2017-09-01T11:49:36","date_gmt":"2017-09-01T11:49:36","guid":{"rendered":"https:\/\/depeco.econo.unlp.edu.ar\/?page_id=3364"},"modified":"2017-09-01T20:51:31","modified_gmt":"2017-09-01T20:51:31","slug":"xiv-jornadas-de-economia-monetaria-e-internacional","status":"publish","type":"page","link":"https:\/\/depeco.econo.unlp.edu.ar\/?page_id=3364","title":{"rendered":"XIV Jornadas de Econom\u00eda Monetaria e Internacional"},"content":{"rendered":"<p>[vc_row content_placement=\u00bbtop\u00bb bg_image=\u00bb2083&#8243; dt_parallax_inertia=\u00bb0&#8243;][vc_column][vc_row_inner][vc_column_inner]<div style=\"clear:both; width:100%; height:25px\"><\/div>[vc_column_text]<\/p>\n<h2><span style=\"color: #ffffff;\">SEMINARIOS Y JORNADAS<\/span><\/h2>\n<p>[\/vc_column_text][\/vc_column_inner][\/vc_row_inner][\/vc_column][\/vc_row][vc_row dt_row_type=\u00bbin_container\u00bb][vc_column]<div style=\"clear:both; width:100%; height:20px\"><\/div>[vc_column_text]<\/p>\n<h2>XIV\u00a0Jornadas de Econom\u00eda Monetaria e Internacional<\/h2>\n<p>[\/vc_column_text][vc_column_text]Realizadas en la UNLP, el d\u00eda 17 de agosto de 2017. Aula Magna de la Facultad de Ciencias Econ\u00f3micas de la Universidad Nacional de La Plata.[\/vc_column_text][vc_separator border_width=\u00bb3&#8243;][vc_column_text]<\/p>\n<h3><a href=\"http:\/\/www.econo.unlp.edu.ar\/articulo\/2017\/6\/22\/xiv_jornada_de_economia_monetaria_e_internacional\"><strong>Programa y\u00a0Cobertura del Evento<\/strong><\/a><\/h3>\n<p>[\/vc_column_text][vc_separator border_width=\u00bb3&#8243;][vc_column_text]<\/p>\n<h3>Presentaciones<\/h3>\n<ul>\n<li>Ricardo Bebczuk (BICE y UNLP). <a href=\"https:\/\/depeco.econo.unlp.edu.ar\/wp-content\/uploads\/2017\/09\/jemi2017-bebczuk.pdf\">Development Banks: Some Questions and Answers<\/a>.<\/li>\n<li>Jos\u00e9 Mar\u00eda Fanelli (CONICET y Universidad de San Andr\u00e9s). <a href=\"https:\/\/depeco.econo.unlp.edu.ar\/wp-content\/uploads\/2017\/09\/jemi2017-fanelli.pdf\">Desarrollo sostenible y transici\u00f3n demogr\u00e1fica en AL: El desaf\u00edo del doble cambio estructural<\/a>.<\/li>\n<li>Ver\u00f3nica Rappoport (LSE). <a href=\"https:\/\/depeco.econo.unlp.edu.ar\/wp-content\/uploads\/2017\/09\/jemi2017-rappoport.pdf\">\u00bfQu\u00e9 Esperar de la Apertura Comercial?<\/a><\/li>\n<li>Alejandro Izquierdo (BID). <a href=\"https:\/\/depeco.econo.unlp.edu.ar\/wp-content\/uploads\/2017\/09\/jemi2017-izquierdo.pdf\">Composici\u00f3n del Gasto P\u00fablico en Am\u00e9rica Latina: \u00bfQu\u00e9 Factores Est\u00e1n Detr\u00e1s de la Ca\u00edda de la Inversi\u00f3n P\u00fablica?<\/a><\/li>\n<li>Jorge Puig (UNLP). <a href=\"https:\/\/depeco.econo.unlp.edu.ar\/wp-content\/uploads\/2017\/09\/jemi2017-puig.pdf\">Gasto P\u00fablico y Actividad Econ\u00f3mica en Argentina<\/a>.<\/li>\n<li>Guillermo Vuletin (BID). <a href=\"https:\/\/depeco.econo.unlp.edu.ar\/wp-content\/uploads\/2017\/09\/jemi2017-vuletin.pdf\">Bajo Crecimiento Econ\u00f3mico y Crecientes D\u00e9ficits Fiscales: \u00bfQu\u00e9 nos Pueden Ense\u00f1ar los Multiplicadores de Impuestos sobre las Opciones de Pol\u00edtica Fiscal?<\/a><\/li>\n<li>Daniel Artana (FIEL y UNLP). <a href=\"https:\/\/depeco.econo.unlp.edu.ar\/wp-content\/uploads\/2017\/09\/jemi2017-artana.pdf\">Desaf\u00edos Econ\u00f3micos Despu\u00e9s de las Elecciones<\/a>.<\/li>\n<li>Martin Guzman (Columbia University, UBA y\u00a0UNLP). <a href=\"https:\/\/depeco.econo.unlp.edu.ar\/wp-content\/uploads\/2017\/09\/jemi2017-guzman.pdf\">Perspectivas Econ\u00f3micas de Argentina<\/a>.<\/li>\n<li>Guillermo Rozenwurcel (CONICET, UBA y UNSAM). <a href=\"https:\/\/depeco.econo.unlp.edu.ar\/wp-content\/uploads\/2017\/09\/jemi2017-rozenwurcel.pdf\">Situaci\u00f3n Actual y Perspectivas Econ\u00f3micas en Argentina: Habr\u00e1 Cambios Despu\u00e9s de las Elecciones?<\/a><\/li>\n<\/ul>\n<p>[\/vc_column_text][\/vc_column][\/vc_row]<\/p>\n","protected":false},"excerpt":{"rendered":"<p>[vc_row content_placement=\u00bbtop\u00bb bg_image=\u00bb2083&#8243; dt_parallax_inertia=\u00bb0&#8243;][vc_column][vc_row_inner][vc_column_inner][vc_column_text] SEMINARIOS Y JORNADAS [\/vc_column_text][\/vc_column_inner][\/vc_row_inner][\/vc_column][\/vc_row][vc_row dt_row_type=\u00bbin_container\u00bb][vc_column][vc_column_text] XIV\u00a0Jornadas de Econom\u00eda Monetaria e Internacional [\/vc_column_text][vc_column_text]Realizadas en la UNLP, el d\u00eda 17 de agosto de&#8230;<\/p>\n<p class=\"readmore\"><a class=\"more-btn\" href=\"https:\/\/depeco.econo.unlp.edu.ar\/?page_id=3364\">Read More<\/a><\/p>\n","protected":false},"author":2,"featured_media":0,"parent":2457,"menu_order":0,"comment_status":"closed","ping_status":"closed","template":"template-homepage.php","meta":[],"_links":{"self":[{"href":"https:\/\/depeco.econo.unlp.edu.ar\/index.php?rest_route=\/wp\/v2\/pages\/3364"}],"collection":[{"href":"https:\/\/depeco.econo.unlp.edu.ar\/index.php?rest_route=\/wp\/v2\/pages"}],"about":[{"href":"https:\/\/depeco.econo.unlp.edu.ar\/index.php?rest_route=\/wp\/v2\/types\/page"}],"author":[{"embeddable":true,"href":"https:\/\/depeco.econo.unlp.edu.ar\/index.php?rest_route=\/wp\/v2\/users\/2"}],"replies":[{"embeddable":true,"href":"https:\/\/depeco.econo.unlp.edu.ar\/index.php?rest_route=%2Fwp%2Fv2%2Fcomments&post=3364"}],"version-history":[{"count":8,"href":"https:\/\/depeco.econo.unlp.edu.ar\/index.php?rest_route=\/wp\/v2\/pages\/3364\/revisions"}],"predecessor-version":[{"id":3407,"href":"https:\/\/depeco.econo.unlp.edu.ar\/index.php?rest_route=\/wp\/v2\/pages\/3364\/revisions\/3407"}],"up":[{"embeddable":true,"href":"https:\/\/depeco.econo.unlp.edu.ar\/index.php?rest_route=\/wp\/v2\/pages\/2457"}],"wp:attachment":[{"href":"https:\/\/depeco.econo.unlp.edu.ar\/index.php?rest_route=%2Fwp%2Fv2%2Fmedia&parent=3364"}],"curies":[{"name":"wp","href":"https:\/\/api.w.org\/{rel}","templated":true}]}}