{"id":3851,"date":"2018-11-06T21:20:52","date_gmt":"2018-11-06T21:20:52","guid":{"rendered":"https:\/\/depeco.econo.unlp.edu.ar\/?page_id=3851"},"modified":"2018-11-09T13:53:18","modified_gmt":"2018-11-09T13:53:18","slug":"aaep","status":"publish","type":"page","link":"https:\/\/depeco.econo.unlp.edu.ar\/?page_id=3851","title":{"rendered":"AAEP"},"content":{"rendered":"<p>[vc_row content_placement=\u00bbtop\u00bb bg_image=\u00bb2083&#8243; dt_parallax_inertia=\u00bb0&#8243;][vc_column][vc_row_inner][vc_column_inner]<div style=\"clear:both; width:100%; height:25px\"><\/div>[vc_column_text]<\/p>\n<h2><span style=\"color: #ffffff;\">ASOCIACI\u00d3N ARGENTINA DE ECONOM\u00cdA POL\u00cdTICA &#8211; LIII REUNI\u00d3N ANUAL<\/span><\/h2>\n<p>[\/vc_column_text][\/vc_column_inner][\/vc_row_inner][\/vc_column][\/vc_row][vc_row dt_row_type=\u00bbin_container\u00bb][vc_column]<div style=\"clear:both; width:100%; height:20px\"><\/div>[vc_column_text]<\/p>\n<h2><i class=\"fa fa-caret-right\"><\/i> <strong><a href=\"https:\/\/depeco.econo.unlp.edu.ar\/?page_id=3800\">Mi\u00e9rcoles 14 de Noviembre &#8212; Ma\u00f1ana<\/a><\/strong><\/h2>\n<h2><i class=\"fa fa-caret-right\"><\/i> <strong><a href=\"https:\/\/depeco.econo.unlp.edu.ar\/?page_id=3849\">Mi\u00e9rcoles 14 de Noviembre &#8212; Tarde<\/a><\/strong><\/h2>\n<h2><i class=\"fa fa-caret-right\"><\/i> <strong><a href=\"https:\/\/depeco.econo.unlp.edu.ar\/?page_id=3885\">Jueves 15 de Noviembre &#8212; Ma\u00f1ana<\/a><\/strong><\/h2>\n<h2><i class=\"fa fa-caret-right\"><\/i> <strong><a href=\"https:\/\/depeco.econo.unlp.edu.ar\/?page_id=3892\">Jueves 15 de Noviembre &#8212; Tarde<\/a><\/strong><\/h2>\n<h2><i class=\"fa fa-caret-right\"><\/i> <strong><a href=\"https:\/\/depeco.econo.unlp.edu.ar\/?page_id=3894\">Viernes 16 de Noviembre &#8212; Ma\u00f1ana<\/a><\/strong><\/h2>\n<h2><i class=\"fa fa-caret-right\"><\/i> <strong><a href=\"https:\/\/depeco.econo.unlp.edu.ar\/?page_id=3896\">Viernes 16 de Noviembre &#8212; Tarde<\/a><\/strong><\/h2>\n<p>[\/vc_column_text][\/vc_column][\/vc_row][vc_row][vc_column][\/vc_column][\/vc_row]<\/p>\n","protected":false},"excerpt":{"rendered":"<p>[vc_row content_placement=\u00bbtop\u00bb bg_image=\u00bb2083&#8243; dt_parallax_inertia=\u00bb0&#8243;][vc_column][vc_row_inner][vc_column_inner][vc_column_text] ASOCIACI\u00d3N ARGENTINA DE ECONOM\u00cdA POL\u00cdTICA &#8211; LIII REUNI\u00d3N ANUAL [\/vc_column_text][\/vc_column_inner][\/vc_row_inner][\/vc_column][\/vc_row][vc_row dt_row_type=\u00bbin_container\u00bb][vc_column][vc_column_text] Mi\u00e9rcoles 14 de Noviembre &#8212; Ma\u00f1ana Mi\u00e9rcoles 14 de Noviembre&#8230;<\/p>\n<p class=\"readmore\"><a class=\"more-btn\" href=\"https:\/\/depeco.econo.unlp.edu.ar\/?page_id=3851\">Read More<\/a><\/p>\n","protected":false},"author":2,"featured_media":0,"parent":2295,"menu_order":0,"comment_status":"closed","ping_status":"closed","template":"template-homepage.php","meta":[],"_links":{"self":[{"href":"https:\/\/depeco.econo.unlp.edu.ar\/index.php?rest_route=\/wp\/v2\/pages\/3851"}],"collection":[{"href":"https:\/\/depeco.econo.unlp.edu.ar\/index.php?rest_route=\/wp\/v2\/pages"}],"about":[{"href":"https:\/\/depeco.econo.unlp.edu.ar\/index.php?rest_route=\/wp\/v2\/types\/page"}],"author":[{"embeddable":true,"href":"https:\/\/depeco.econo.unlp.edu.ar\/index.php?rest_route=\/wp\/v2\/users\/2"}],"replies":[{"embeddable":true,"href":"https:\/\/depeco.econo.unlp.edu.ar\/index.php?rest_route=%2Fwp%2Fv2%2Fcomments&post=3851"}],"version-history":[{"count":23,"href":"https:\/\/depeco.econo.unlp.edu.ar\/index.php?rest_route=\/wp\/v2\/pages\/3851\/revisions"}],"predecessor-version":[{"id":3907,"href":"https:\/\/depeco.econo.unlp.edu.ar\/index.php?rest_route=\/wp\/v2\/pages\/3851\/revisions\/3907"}],"up":[{"embeddable":true,"href":"https:\/\/depeco.econo.unlp.edu.ar\/index.php?rest_route=\/wp\/v2\/pages\/2295"}],"wp:attachment":[{"href":"https:\/\/depeco.econo.unlp.edu.ar\/index.php?rest_route=%2Fwp%2Fv2%2Fmedia&parent=3851"}],"curies":[{"name":"wp","href":"https:\/\/api.w.org\/{rel}","templated":true}]}}