{"id":4061,"date":"2020-03-11T13:27:52","date_gmt":"2020-03-11T13:27:52","guid":{"rendered":"https:\/\/depeco.econo.unlp.edu.ar\/?page_id=4061"},"modified":"2021-03-22T14:34:39","modified_gmt":"2021-03-22T14:34:39","slug":"seminario-de-economia-ciclo-2020","status":"publish","type":"page","link":"https:\/\/depeco.econo.unlp.edu.ar\/?page_id=4061","title":{"rendered":"Seminario de Econom\u00eda ciclo 2020"},"content":{"rendered":"<p>[vc_row content_placement=\u00bbtop\u00bb bg_image=\u00bb2083&#8243; dt_parallax_inertia=\u00bb0&#8243;][vc_column][vc_row_inner][vc_column_inner]<div style=\"clear:both; width:100%; height:25px\"><\/div>[vc_column_text]<\/p>\n<h2><span style=\"color: #ffffff;\">SEMINARIOS Y JORNADAS<\/span><\/h2>\n<p>[\/vc_column_text][\/vc_column_inner][\/vc_row_inner][\/vc_column][\/vc_row][vc_row dt_row_type=\u00bbin_container\u00bb][vc_column]<div style=\"clear:both; width:100%; height:20px\"><\/div>[vc_column_text]<\/p>\n<h2>Seminario de Econom\u00eda ciclo 2020<\/h2>\n<p>[\/vc_column_text][vc_column_text]<\/p>\n<ul>\n<li><strong>11 de diciembre<\/strong><br \/>\n<strong>T\u00edtulo<\/strong>: \u00abGlobal Income Dynamics Project: Resultados para Argentina\u00bb<br \/>\n<strong>Autores<\/strong>: Bernardo D\u00edaz de Astarloa (CEDLAS), Andr\u00e9s Drenik (Columbia University), Julio Andr\u00e9s Blanco (University of Michigan), Christian Moser (Columbia University) y Danilo Trupkin (UBA)<br \/>\n<strong>Presenta<\/strong>: Bernardo D\u00edaz de Astarloa (CEDLAS)<\/li>\n<li><strong>30 de octubre<br \/>\n<\/strong><strong>T\u00edtulo<\/strong>: \u00abTuition Fees and Educational Attainment\u00bb<strong><br \/>\nAutores<\/strong>: Jan Bietenbeck, Jan Marcus y Felix Weinhardt<br \/>\n<strong>Presenta<\/strong>: Jan Bietenbeck (Lund University)<\/li>\n<li><strong>16 de octubre<br \/>\n<\/strong><strong>T\u00edtulo<\/strong>: \u00abMore Hospital Choices, More C-Sections: Evidence from Chile\u00bb<strong><br \/>\nAutores<\/strong>: Ramiro de Elejalde y Eugenio Giolito<br \/>\n<strong>Presenta<\/strong>: Eugenio Giolito (ILADES \u2013 Universidad Alberto Hurtado)<\/li>\n<li><strong>2\u00a0de octubre<br \/>\n<\/strong><strong>T\u00edtulo<\/strong>: \u00abConfrontation Costs in Negotiations: Bargaining under the Veil of a Screen\u00bb<strong><br \/>\nAutores<\/strong>:\u00a0Andr\u00e9s Gago<br \/>\n<strong>Presenta<\/strong>:\u00a0Andr\u00e9s Gago (UTDT)<\/li>\n<li><strong>18\u00a0de\u00a0septiembre<br \/>\n<\/strong><strong>T\u00edtulo<\/strong>: \u00abCan Automatic Government Spending Be Procyclical? \u00ab<strong><br \/>\nAutores<\/strong>: Luciana Galeano, Alejandro Izquierdo, Jorge Puig, Carlos Vegh y Guillermo Vuletin<br \/>\n<strong>Presenta<\/strong>: Guillermo Vuletin (Banco Mundial)<\/li>\n<li><strong>4 de septiembre<br \/>\n<\/strong><strong>T\u00edtulo<\/strong>: \u00abUnemployment Insurance and Human Capital in General Equilibrium\u00bb<strong><br \/>\nAutores<\/strong>: Facundo Piguillem, Hern\u00e1n Ruffo y Nicholas Trachter<br \/>\n<strong>Presenta<\/strong>: Hern\u00e1n Ruffo (UTDT)<\/li>\n<li><strong>26 de\u00a0junio<br \/>\n<\/strong><strong>T\u00edtulo<\/strong>: \u00abThe Brexit Referendum and the Rise in Hate Crime; Conforming to the New Norm\u00bb<strong><br \/>\nAutores<\/strong>: Facundo Albornoz, Jake Bradley y Silvia Sonderegger<br \/>\n<strong>Presenta<\/strong>: Facundo Albornoz (Universidad de Nottingham\u00a0y CONICET)<\/li>\n<li><strong>12\u00a0de\u00a0junio<br \/>\n<\/strong><strong>T\u00edtulo<\/strong>: Truly Bare-Bones: What if Bare Bones Baskets Were Not Fixed?<strong><br \/>\nAutores<\/strong>: Tommy\u00a0Murphy (UdeSA)<br \/>\n<strong>Presenta<\/strong>: Tommy\u00a0Murphy (UdeSA)<\/li>\n<li><strong>8 de\u00a0mayo<br \/>\n<\/strong><strong>T\u00edtulo<\/strong>:\u00a0Social Mobility and Economic Development<strong><br \/>\nAutores<\/strong>: Guido Neidh\u00f6fer (ZEW Mannheim), Mat\u00edas Ciaschi (CEDLAS, UNLP), Leonardo Gasparini (CEDLAS, UNLP) y Joaqu\u00edn Serrano (UCLA)<br \/>\n<strong>Presenta<\/strong>: Guido Neidh\u00f6fer<\/li>\n<li><strong>13\u00a0de\u00a0marzo<\/strong><br \/>\n<strong>T\u00edtulo<\/strong>: Forecasting inflation with twitter: the case of Argentina<br \/>\n<strong>Autores<\/strong>: J. Daniel Arom\u00ed\u00a0y Mart\u00edn Llada<br \/>\n<strong>Presenta<\/strong>: J. Daniel Arom\u00ed (IIEP- BAIRES UBA &#8211; CONICET y FCE-UCA)<\/li>\n<\/ul>\n<p>[\/vc_column_text][\/vc_column][\/vc_row]<\/p>\n","protected":false},"excerpt":{"rendered":"<p>[vc_row content_placement=\u00bbtop\u00bb bg_image=\u00bb2083&#8243; dt_parallax_inertia=\u00bb0&#8243;][vc_column][vc_row_inner][vc_column_inner][vc_column_text] SEMINARIOS Y JORNADAS [\/vc_column_text][\/vc_column_inner][\/vc_row_inner][\/vc_column][\/vc_row][vc_row dt_row_type=\u00bbin_container\u00bb][vc_column][vc_column_text] Seminario de Econom\u00eda ciclo 2020 [\/vc_column_text][vc_column_text] 11 de diciembre T\u00edtulo: \u00abGlobal Income Dynamics Project: Resultados para&#8230;<\/p>\n<p class=\"readmore\"><a class=\"more-btn\" href=\"https:\/\/depeco.econo.unlp.edu.ar\/?page_id=4061\">Read More<\/a><\/p>\n","protected":false},"author":2,"featured_media":0,"parent":2317,"menu_order":0,"comment_status":"closed","ping_status":"closed","template":"template-homepage.php","meta":[],"_links":{"self":[{"href":"https:\/\/depeco.econo.unlp.edu.ar\/index.php?rest_route=\/wp\/v2\/pages\/4061"}],"collection":[{"href":"https:\/\/depeco.econo.unlp.edu.ar\/index.php?rest_route=\/wp\/v2\/pages"}],"about":[{"href":"https:\/\/depeco.econo.unlp.edu.ar\/index.php?rest_route=\/wp\/v2\/types\/page"}],"author":[{"embeddable":true,"href":"https:\/\/depeco.econo.unlp.edu.ar\/index.php?rest_route=\/wp\/v2\/users\/2"}],"replies":[{"embeddable":true,"href":"https:\/\/depeco.econo.unlp.edu.ar\/index.php?rest_route=%2Fwp%2Fv2%2Fcomments&post=4061"}],"version-history":[{"count":10,"href":"https:\/\/depeco.econo.unlp.edu.ar\/index.php?rest_route=\/wp\/v2\/pages\/4061\/revisions"}],"predecessor-version":[{"id":4134,"href":"https:\/\/depeco.econo.unlp.edu.ar\/index.php?rest_route=\/wp\/v2\/pages\/4061\/revisions\/4134"}],"up":[{"embeddable":true,"href":"https:\/\/depeco.econo.unlp.edu.ar\/index.php?rest_route=\/wp\/v2\/pages\/2317"}],"wp:attachment":[{"href":"https:\/\/depeco.econo.unlp.edu.ar\/index.php?rest_route=%2Fwp%2Fv2%2Fmedia&parent=4061"}],"curies":[{"name":"wp","href":"https:\/\/api.w.org\/{rel}","templated":true}]}}