{"id":4359,"date":"2025-03-25T09:58:44","date_gmt":"2025-03-25T09:58:44","guid":{"rendered":"https:\/\/depeco.econo.unlp.edu.ar\/?page_id=4359"},"modified":"2025-10-27T18:29:49","modified_gmt":"2025-10-27T18:29:49","slug":"seminario-de-economia-2025-2","status":"publish","type":"page","link":"https:\/\/depeco.econo.unlp.edu.ar\/?page_id=4359","title":{"rendered":"Seminario de Econom\u00eda ciclo 2025"},"content":{"rendered":"<p>[vc_row content_placement=\u00bbtop\u00bb bg_image=\u00bb2083&#8243; dt_parallax_inertia=\u00bb0&#8243;][vc_column][vc_row_inner][vc_column_inner]<div style=\"clear:both; width:100%; height:25px\"><\/div>[vc_column_text]<\/p>\n<h2><span style=\"color: #ffffff;\">SEMINARIOS Y JORNADAS<\/span><\/h2>\n<p>[\/vc_column_text][\/vc_column_inner][\/vc_row_inner][\/vc_column][\/vc_row]<\/p>\n\n\n<p>[vc_row dt_row_type=\u00bbin_container\u00bb][vc_column]<div style=\"clear:both; width:100%; height:20px\"><\/div>[vc_column_text]<\/p>\n<h2>Seminario de Econom\u00eda ciclo 2025<\/h2>\n<p>[\/vc_column_text][vc_column_text]<\/p>\n<ul>\n<li><strong>28 de marzo: Augusto Nieto-Barthaburu (UNT)<\/strong><br \/>\n          T\u00edtulo: Forecasting with Feedback<br \/>\n          Autores: Robert P. Lieli (Central European University) &amp; Augusto Nieto-Barthaburu (Universidad Nacional de Tucum\u00e1n)<\/li>\n<li><strong>4 de abril: Anna Sanz-de-Galdeano (Universidad de Alicante)<\/strong><br \/>\n          T\u00edtulo: Bridging Divides: Immigrant Integration and Bullying Reduction in Spanish Schools<br \/>\n          Autores: Catalina Amuedo-Dorantes (University of California-Merced) &amp; Anna Sanz-de-Galdeano (Universidad de Alicante)<\/li>\n<li><strong>22 de abril: Nicol\u00e1s Roig (Universidad de Alicante)<\/strong><br \/>\n          T\u00edtulo: Preventing Teen Pregnancies at Scale: School-Based Access to Contraceptives and Reproductive Health<br \/>\n          Autores: Nicol\u00e1s Roig (Universidad de Alicante)\n<\/li>\n<li><strong>16 de mayo: Jimena Ferraro (IIEP UBA-CONICET)<\/strong><br \/>\n          T\u00edtulo: Cesarean Sections in Buenos Aires: Influence of Physician Convenience and Maternal Preferences<br \/>\n          Autores:  Jimena Ferraro (UdeSA), Shagun Khare (WHO) &amp; Alan Acosta (UdeSA)\n<\/li>\n<li><strong>27 de junio:  Esteban Jaimovich (University of Turin)<\/strong><br \/>\n          T\u00edtulo: Spreading the Good Apples Out: Market Entry Dynamics of Quality Differentiated Products<br \/>\n          Autores: Esteban Jaimovich (University of Turin), Boryana Madzharova (Central Bank of Ireland y Vincenzo Merella (University of Cagliari &amp; Prague University of Economics and Business)\n        <\/li>\n<li><strong>11 de julio: Franco Vazquez (UdeSA)<\/strong><br \/>\nT\u00edtulo: Tracking the Short-Run Price Impact of U.S. Tariffs<br \/>\nAutores: Alberto Cavallo (Harvard University), Paola Llamas (UdeSA) &amp; Franco Vazquez (UdeSA)\n        <\/li>\n<li><strong>22 de agosto:  Leandro Arozamena (UTDT), Hern\u00e1n Ruffo (UTDT), Pablo Sanguinetti  (UTDT) &amp; Federico Weinschelbaum (UTDT)<\/strong><br \/>\nT\u00edtulo: Taxing for Health in Latin America<br \/>\nAutores: Leandro Arozamena (UTDT), Hern\u00e1n Ruffo (UTDT), Pablo Sanguinetti  (UTDT) &amp; Federico Weinschelbaum (UTDT)\n        <\/li>\n<li><strong>5 de septiembre: Ver\u00f3nica Frisancho (CAF)<\/strong><br \/>\nT\u00edtulo: Can Second Chances Improve Educational Outcomes? Immediate and Long Term Effects of Retaking University Admission Exams<br \/>\nAutores: Sebasti\u00e1n Gallegos (UAI Business School), Constanza Gonz\u00e1les (UAI Business School) &amp; Ver\u00f3nica Frisancho (CAF)\n        <\/li>\n<li><strong>3 de octubre: Pierre Bachas (World Bank)<\/strong><br \/>\nT\u00edtulo: The Transparency Tax: Discouraging firm ownership via tax havens in Ecuador<br \/>\nAutores: Jakob Brounstein (Institute for Fiscal Studies), Pierre Bachas (WB &#038; EU Tax Observatory) &#038; Alex Baja\u00f1a (ERGOSTATS)\n        <\/li>\n<li><strong>17 de octubre: Eugenia Andreasen (Universidad de Chile)<\/strong><br \/>\nT\u00edtulo: Beware the Side Effects: Capital Controls, Trade and Misallocation<br \/>\nAutores: Eugenia Andreasen (Universidad de Chile), Evangelina Dardati (Universidad Diego Portales), Sof\u00eda Bauducco (Banco Central de Chile) &#038; Enrique G. Mendoza (University of Pennsylvania)\n        <\/li>\n<li><strong>24 de octubre: Dominika Langenmayr (Universidad Cat\u00f3lica de Eichst\u00e4tt-Ingolstadt)<\/strong><br \/>\nT\u00edtulo: Navigating the Amazon: The Incidence of Digital Service Taxes<br \/>\nAutores: Dominika Langenmayr (Universidad Cat\u00f3lica de Eichst\u00e4tt-Ingolstadt, WU Vienna &#038; CESifo) &#038; Rohit Reddy Muddasani (WU Vienna)\n        <\/li>\n<li><strong>31 de octubre: Alejandro Sierra (Universidad Mayor)<\/strong><br \/>\nT\u00edtulo: You Are Nothing Without Me: Domestic Violence and Divorce<br \/>\nAutores: Alejandro Sierra (Universidad Mayor, Chile), Alexandre Janiak (Pontificia Universidad Cat\u00f3lica de Chile) &#038; Jeanne Lafortune (Pontificia Universidad Cat\u00f3lica de Chile)\n        <\/li>\n<li><strong>14 de noviembre: Fabiano Compagnucci (Gran Sasso Science Institute)<\/strong><br \/>\nT\u00edtulo: Green with anger. Polarised environmental mobilisation and the knowledge economy<br \/>\nAutores: Fabiano Compagnucci (Gran Sasso Science Institute), Daria Denti (Gran Sasso Science Institute), Alessandra Faggian (Gran Sasso Science Institute) &#038; Ars\u00e8ne Perrot (Gran Sasso Science Institute)\n        <\/li>\n<\/ul>\n<p>[\/vc_column_text][\/vc_column][\/vc_row]<\/p>\n","protected":false},"excerpt":{"rendered":"[vc_row content_placement=\"top\" bg_image=\"2083\" dt_parallax_inertia=\"0\"][vc_column][vc_row_inner][vc_column_inner][vc_column_text] SEMINARIOS Y JORNADAS [\/vc_column_text][\/vc_column_inner][\/vc_row_inner][\/vc_column][\/vc_row] [vc_row dt_row_type=\"in_container\"][vc_column][vc_column_text] Seminario de Econom\u00eda ciclo 2025 [\/vc_column_text][vc_column_text] 28 de marzo: Augusto Nieto-Barthaburu (UNT) T\u00edtulo: Forecasting with...<p class=\"readmore\"><a class=\"more-btn\" href=\"https:\/\/depeco.econo.unlp.edu.ar\/?page_id=4359\">Read More<\/a><\/p>","protected":false},"author":2,"featured_media":0,"parent":2317,"menu_order":0,"comment_status":"closed","ping_status":"closed","template":"template-homepage.php","meta":[],"_links":{"self":[{"href":"https:\/\/depeco.econo.unlp.edu.ar\/index.php?rest_route=\/wp\/v2\/pages\/4359"}],"collection":[{"href":"https:\/\/depeco.econo.unlp.edu.ar\/index.php?rest_route=\/wp\/v2\/pages"}],"about":[{"href":"https:\/\/depeco.econo.unlp.edu.ar\/index.php?rest_route=\/wp\/v2\/types\/page"}],"author":[{"embeddable":true,"href":"https:\/\/depeco.econo.unlp.edu.ar\/index.php?rest_route=\/wp\/v2\/users\/2"}],"replies":[{"embeddable":true,"href":"https:\/\/depeco.econo.unlp.edu.ar\/index.php?rest_route=%2Fwp%2Fv2%2Fcomments&post=4359"}],"version-history":[{"count":9,"href":"https:\/\/depeco.econo.unlp.edu.ar\/index.php?rest_route=\/wp\/v2\/pages\/4359\/revisions"}],"predecessor-version":[{"id":4386,"href":"https:\/\/depeco.econo.unlp.edu.ar\/index.php?rest_route=\/wp\/v2\/pages\/4359\/revisions\/4386"}],"up":[{"embeddable":true,"href":"https:\/\/depeco.econo.unlp.edu.ar\/index.php?rest_route=\/wp\/v2\/pages\/2317"}],"wp:attachment":[{"href":"https:\/\/depeco.econo.unlp.edu.ar\/index.php?rest_route=%2Fwp%2Fv2%2Fmedia&parent=4359"}],"curies":[{"name":"wp","href":"https:\/\/api.w.org\/{rel}","templated":true}]}}